{"id":877,"date":"2022-08-23T10:07:58","date_gmt":"2022-08-23T10:07:58","guid":{"rendered":"https:\/\/kisskerteszetwebaruhaz.hu\/?post_type=product&#038;p=877"},"modified":"2026-03-26T16:41:59","modified_gmt":"2026-03-26T16:41:59","slug":"japan-babersom-aucuba-japonica-crotonifolia","status":"publish","type":"product","link":"https:\/\/kisskerteszetwebaruhaz.hu\/?product=japan-babersom-aucuba-japonica-crotonifolia","title":{"rendered":"Jap\u00e1n bab\u00e9rsom &#8211; Aucuba japonica &#8216;Crotonifolia&#8217;"},"content":{"rendered":"<p>Kont\u00e9neres kiszerel\u00e9sben kaphat\u00f3.<\/p>\n<p>A kont\u00e9neres, vagyis cserepes n\u00f6v\u00e9nyek nagy el\u0151nye, hogy az \u00e9v b\u00e1rmely szak\u00e1ba \u00fcltethetj\u00fck \u0151ket. \u00c1ltal\u00e1ban kisebb gy\u00f6k\u00e9rlabd\u00e1val rendelkeznek, mint a f\u00f6ldlabd\u00e1sok, \u00edgy k\u00f6nnyebben sz\u00e1ll\u00edthat\u00f3k. Mivel ezen n\u00f6v\u00e9nyek kont\u00e9nerben lettek nevelve, \u00edgy ki\u00fcltet\u00e9skor gy\u00f6k\u00e9rzet\u00fck sem s\u00e9r\u00fcl meg, ered\u00e9se biztons\u00e1gosabb.<\/p>\n<p>A k\u00e9pen l\u00e1that\u00f3 n\u00f6v\u00e9nyek t\u00e1j\u00e9koztat\u00f3 jelleg\u0171ek. Amennyiben nem biztos abban, hogy n\u00e9z ki az adott n\u00f6v\u00e9ny, vagy szeretn\u00e9 l\u00e1tni a kiv\u00e1lasztott n\u00f6v\u00e9nyt jelenlegi \u00e1llapot\u00e1ban \u00edrjon nek\u00fcnk \u00e9s k\u00fcld\u00fcnk k\u00e9pet a n\u00f6v\u00e9nyr\u0151l.<\/p>\n<p>&nbsp;<\/p>\n","protected":false},"excerpt":{"rendered":"<p><strong>N\u00f6veked\u00e9s, alak:<\/strong> 2-3m magasra n\u00f6v\u0151,d\u00fas lomb\u00fa,s\u0171r\u0171 \u00e1grendszer\u0171, lass\u00fa n\u00f6veked\u00e9s\u0171, \u00f6r\u00f6kz\u00f6ld cserje<\/p>\n<p><strong>Lev\u00e9l: <\/strong>nagyok, f\u00e9nyesek, alapsz\u00edne z\u00f6ld &#8211; foltokban s\u00e1rga<\/p>\n<p><strong>Vir\u00e1g,term\u00e9s:\u00a0<\/strong>Term\u00e9se \u0151sszel pirosra \u00e9r\u0151 &#8211; nem ehet\u0151, vir\u00e1ga nem jelent\u0151s<\/p>\n<p><strong>Ig\u00e9ny: <\/strong>K\u00f6zepes f\u00e9nyig\u00e9ny\u0171, napos- f\u00e9l\u00e1rny\u00e9kos, v\u00e9dett helyre \u00fcltess\u00fck, t\u00e1panyagban gazdag, semleges, vagy savany\u00fa talajt kedvel, meszes talajba ne \u00fcltess\u00fck, k\u00f6zepes v\u00edzig\u00e9ny\u0171, fiatalon t\u00f6v\u00e9t t\u00e9lire takarjuk<\/p>\n<p><strong>Felhaszn\u00e1l\u00e1s: <\/strong>f\u00e9l\u00e1rny\u00e9kos helyre, ak\u00e1r nagyobb f\u00e1k al\u00e1 \u00fcltethet\u0151, d\u00e9zs\u00e1ban is nevelhetj\u00fck<\/p>\n<p>El\u00e9rhet\u0151:\u00a0 25\/30 cm magass\u00e1gban<\/p>\n<p> <a class=\"more-link\" href=\"https:\/\/kisskerteszetwebaruhaz.hu\/?product=japan-babersom-aucuba-japonica-crotonifolia\">B\u0151vebben<\/a><\/p>","protected":false},"featured_media":5104,"comment_status":"open","ping_status":"closed","template":"","meta":[],"product_brand":[],"product_cat":[38,20],"product_tag":[],"class_list":{"0":"post-877","1":"product","2":"type-product","3":"status-publish","4":"has-post-thumbnail","6":"product_cat-cserjek","7":"product_cat-orokzoldek","9":"first","10":"instock","11":"shipping-taxable","12":"purchasable","13":"product-type-simple"},"_links":{"self":[{"href":"https:\/\/kisskerteszetwebaruhaz.hu\/index.php?rest_route=\/wp\/v2\/product\/877","targetHints":{"allow":["GET"]}}],"collection":[{"href":"https:\/\/kisskerteszetwebaruhaz.hu\/index.php?rest_route=\/wp\/v2\/product"}],"about":[{"href":"https:\/\/kisskerteszetwebaruhaz.hu\/index.php?rest_route=\/wp\/v2\/types\/product"}],"replies":[{"embeddable":true,"href":"https:\/\/kisskerteszetwebaruhaz.hu\/index.php?rest_route=%2Fwp%2Fv2%2Fcomments&post=877"}],"wp:featuredmedia":[{"embeddable":true,"href":"https:\/\/kisskerteszetwebaruhaz.hu\/index.php?rest_route=\/wp\/v2\/media\/5104"}],"wp:attachment":[{"href":"https:\/\/kisskerteszetwebaruhaz.hu\/index.php?rest_route=%2Fwp%2Fv2%2Fmedia&parent=877"}],"wp:term":[{"taxonomy":"product_brand","embeddable":true,"href":"https:\/\/kisskerteszetwebaruhaz.hu\/index.php?rest_route=%2Fwp%2Fv2%2Fproduct_brand&post=877"},{"taxonomy":"product_cat","embeddable":true,"href":"https:\/\/kisskerteszetwebaruhaz.hu\/index.php?rest_route=%2Fwp%2Fv2%2Fproduct_cat&post=877"},{"taxonomy":"product_tag","embeddable":true,"href":"https:\/\/kisskerteszetwebaruhaz.hu\/index.php?rest_route=%2Fwp%2Fv2%2Fproduct_tag&post=877"}],"curies":[{"name":"wp","href":"https:\/\/api.w.org\/{rel}","templated":true}]}}