{"id":861,"date":"2022-08-22T03:58:05","date_gmt":"2022-08-22T03:58:05","guid":{"rendered":"https:\/\/kisskerteszetwebaruhaz.hu\/?post_type=product&#038;p=861"},"modified":"2026-02-27T06:59:06","modified_gmt":"2026-02-27T06:59:06","slug":"magnolia-susan","status":"publish","type":"product","link":"https:\/\/kisskerteszetwebaruhaz.hu\/?product=magnolia-susan","title":{"rendered":"Magnolia &#8211; &#8216;Susan&#8217;K10"},"content":{"rendered":"<p>A Magn\u00f3lia Susan-\u00a0 egy nagy vir\u00e1g\u00fa magn\u00f3lia fajta. Kifejlett magass\u00e1ga 1,5 -2 m\u00e9ter, \u00edgy ak\u00e1r kisebb kertekbe is b\u00e1tran \u00fcltethetj\u00fck. F\u00e9nyig\u00e9nye k\u00f6zepes, \u00edgy napos \u00e9s f\u00e9l\u00e1rny\u00e9kos helyet egyar\u00e1nt v\u00e1laszthatunk sz\u00e1m\u00e1ra. T\u00e9l\u00e1ll\u00f3 \u00e9s ellen\u00e1ll\u00f3 fajta. T\u00e1panyagban gazdag, j\u00f3 v\u00edzelvezet\u00e9s\u0171, savany\u00fa talajba \u00fcltess\u00fck. Ker\u00fclj\u00fck a meszes talajt, itt nem fejl\u0151dik megfelel\u0151en. Viszonylag magasabb v\u00edzig\u00e9ny\u0171, \u00edgy asz\u00e1lyos id\u0151szakban ne feledkezz\u00fcnk meg r\u00f3la. a ki\u00fcltet\u00e9s hely\u00e9t j\u00f3l v\u00e1lasszuk meg, az \u00e1t\u00fcltet\u00e9s megviselheti.<\/p>\n<p>A k\u00e9pen l\u00e1that\u00f3 n\u00f6v\u00e9nyek t\u00e1j\u00e9koztat\u00f3 jelleg\u0171ek. Amennyiben nem biztos abban, hogy n\u00e9z ki az adott n\u00f6v\u00e9ny, vagy szeretn\u00e9 l\u00e1tni a kiv\u00e1lasztott n\u00f6v\u00e9nyt jelenlegi \u00e1llapot\u00e1ban \u00edrjon nek\u00fcnk \u00e9s k\u00fcld\u00fcnk k\u00e9pet a n\u00f6v\u00e9nyr\u0151l.<\/p>\n<p><em>\u00a0<\/em><\/p>\n","protected":false},"excerpt":{"rendered":"<p><strong>N\u00f6veked\u00e9s, alak:<\/strong>\u00a0 1,5 &#8211; 2 m\u00e9ter magass\u00e1got el\u00e9r\u0151, lombhullat\u00f3 d\u00edszcserje<\/p>\n<p><strong>Lev\u00e9l, Vir\u00e1g:<\/strong> leveleit vir\u00e1gz\u00e1s ut\u00e1n hozza, vir\u00e1ga lil\u00e1s-r\u00f3zsasz\u00edn, \u00e1prilis-m\u00e1jusban hozza vir\u00e1gait<\/p>\n<p><strong>Ig\u00e9ny:\u00a0<\/strong>Napos,f\u00e9l\u00e1rny\u00e9kos hely, savany\u00fa talaj<\/p>\n<p><strong>El\u00e9rhet\u0151:<\/strong> K10 Literes kont\u00e9nerben,150\/175 cm magass\u00e1gban<\/p>\n<p>&nbsp;<\/p>\n<p>&nbsp;<\/p>\n<p> <a class=\"more-link\" href=\"https:\/\/kisskerteszetwebaruhaz.hu\/?product=magnolia-susan\">B\u0151vebben<\/a><\/p>","protected":false},"featured_media":925,"comment_status":"open","ping_status":"closed","template":"","meta":[],"product_brand":[],"product_cat":[38],"product_tag":[],"class_list":{"0":"post-861","1":"product","2":"type-product","3":"status-publish","4":"has-post-thumbnail","6":"product_cat-cserjek","8":"first","9":"instock","10":"shipping-taxable","11":"purchasable","12":"product-type-simple"},"_links":{"self":[{"href":"https:\/\/kisskerteszetwebaruhaz.hu\/index.php?rest_route=\/wp\/v2\/product\/861","targetHints":{"allow":["GET"]}}],"collection":[{"href":"https:\/\/kisskerteszetwebaruhaz.hu\/index.php?rest_route=\/wp\/v2\/product"}],"about":[{"href":"https:\/\/kisskerteszetwebaruhaz.hu\/index.php?rest_route=\/wp\/v2\/types\/product"}],"replies":[{"embeddable":true,"href":"https:\/\/kisskerteszetwebaruhaz.hu\/index.php?rest_route=%2Fwp%2Fv2%2Fcomments&post=861"}],"wp:featuredmedia":[{"embeddable":true,"href":"https:\/\/kisskerteszetwebaruhaz.hu\/index.php?rest_route=\/wp\/v2\/media\/925"}],"wp:attachment":[{"href":"https:\/\/kisskerteszetwebaruhaz.hu\/index.php?rest_route=%2Fwp%2Fv2%2Fmedia&parent=861"}],"wp:term":[{"taxonomy":"product_brand","embeddable":true,"href":"https:\/\/kisskerteszetwebaruhaz.hu\/index.php?rest_route=%2Fwp%2Fv2%2Fproduct_brand&post=861"},{"taxonomy":"product_cat","embeddable":true,"href":"https:\/\/kisskerteszetwebaruhaz.hu\/index.php?rest_route=%2Fwp%2Fv2%2Fproduct_cat&post=861"},{"taxonomy":"product_tag","embeddable":true,"href":"https:\/\/kisskerteszetwebaruhaz.hu\/index.php?rest_route=%2Fwp%2Fv2%2Fproduct_tag&post=861"}],"curies":[{"name":"wp","href":"https:\/\/api.w.org\/{rel}","templated":true}]}}