{"id":857,"date":"2022-08-22T03:11:28","date_gmt":"2022-08-22T03:11:28","guid":{"rendered":"https:\/\/kisskerteszetwebaruhaz.hu\/?post_type=product&#038;p=857"},"modified":"2024-02-13T00:38:59","modified_gmt":"2024-02-13T00:38:59","slug":"levendula-lavandula-angustifolia-hidcote-blue","status":"publish","type":"product","link":"https:\/\/kisskerteszetwebaruhaz.hu\/?product=levendula-lavandula-angustifolia-hidcote-blue","title":{"rendered":"Levendula &#8211; &#8216;Lavandula angustifolia \u2018Hidcote Blue\u2019"},"content":{"rendered":"<p>Kont\u00e9neres kiszerel\u00e9sben kaphat\u00f3.<\/p>\n<p>A kont\u00e9neres, vagyis cserepes n\u00f6v\u00e9nyek nagy el\u0151nye, hogy az \u00e9v b\u00e1rmely szak\u00e1ba \u00fcltethetj\u00fck \u0151ket. \u00c1ltal\u00e1ban kisebb gy\u00f6k\u00e9rlabd\u00e1val rendelkeznek, mint a f\u00f6ldlabd\u00e1sok, \u00edgy k\u00f6nnyebben sz\u00e1ll\u00edthat\u00f3k. Mivel ezen n\u00f6v\u00e9nyek kont\u00e9nerben lettek nevelve, \u00edgy ki\u00fcltet\u00e9skor gy\u00f6k\u00e9rzet\u00fck sem s\u00e9r\u00fcl meg, ered\u00e9se biztons\u00e1gosabb.<\/p>\n<p>A k\u00e9pen l\u00e1that\u00f3 n\u00f6v\u00e9nyek t\u00e1j\u00e9koztat\u00f3 jelleg\u0171ek. Amennyiben nem biztos abban, hogy n\u00e9z ki az adott n\u00f6v\u00e9ny, vagy szeretn\u00e9 l\u00e1tni a kiv\u00e1lasztott n\u00f6v\u00e9nyt jelenlegi \u00e1llapot\u00e1ban \u00edrjon nek\u00fcnk \u00e9s k\u00fcld\u00fcnk k\u00e9pet a n\u00f6v\u00e9nyr\u0151l.<\/p>\n<p><em>Kisz\u00e1ll\u00edt\u00e1s: 2m magass\u00e1g -ig , \u00e9s 40kg-ig lehets\u00e9ges a kisz\u00e1ll\u00edt\u00e1s GLS fut\u00e1rszolg\u00e1lattal, ezen m\u00e9retek felett a kisz\u00e1ll\u00edt\u00e1st saj\u00e1t teheraut\u00f3val v\u00e9gezz\u00fck, egyedi \u00e1raj\u00e1nlatot k\u00fcld\u00fcnk a kisz\u00e1ll\u00edt\u00e1s \u00f6sszeg\u00e9r\u0151l, valamint lehet\u0151s\u00e9ge van a n\u00f6v\u00e9nyt telephely\u00fcnk\u00f6n \u00e1tvenni, egyeztet\u00e9s sz\u00fcks\u00e9ges<\/em><\/p>\n","protected":false},"excerpt":{"rendered":"<p><em>Lavandula angustifolia \u2018Hidcote Blue &#8211; angol levendula, orvosi levendula<\/em><\/p>\n<p><strong>Alak<\/strong>: Bokros n\u00f6veked\u00e9s\u0171 cserje<\/p>\n<p><strong>Vir\u00e1g<\/strong>: lila, j\u00fanius- j\u00faliusban ny\u00edlik, nagyon illatos<\/p>\n<p><strong>Ig\u00e9ny:<\/strong> Napos, meleg hely, talajban nem v\u00e1logat, meszes talajban is sz\u00e9pen fejl\u0151dik<\/p>\n<p><strong>Felhaszn\u00e1l\u00e1s<\/strong>: ak\u00e1r s\u00f6v\u00e9nyk\u00e9nt, szoliterk\u00e9nt, sziklakerti n\u00f6v\u00e9nyk\u00e9nt<\/p>\n<p> <a class=\"more-link\" href=\"https:\/\/kisskerteszetwebaruhaz.hu\/?product=levendula-lavandula-angustifolia-hidcote-blue\">B\u0151vebben<\/a><\/p>","protected":false},"featured_media":943,"comment_status":"open","ping_status":"closed","template":"","meta":[],"product_brand":[],"product_cat":[38],"product_tag":[],"class_list":{"0":"post-857","1":"product","2":"type-product","3":"status-publish","4":"has-post-thumbnail","6":"product_cat-cserjek","8":"first","9":"outofstock","10":"shipping-taxable","11":"product-type-variable","12":"rtwpvs-product"},"_links":{"self":[{"href":"https:\/\/kisskerteszetwebaruhaz.hu\/index.php?rest_route=\/wp\/v2\/product\/857","targetHints":{"allow":["GET"]}}],"collection":[{"href":"https:\/\/kisskerteszetwebaruhaz.hu\/index.php?rest_route=\/wp\/v2\/product"}],"about":[{"href":"https:\/\/kisskerteszetwebaruhaz.hu\/index.php?rest_route=\/wp\/v2\/types\/product"}],"replies":[{"embeddable":true,"href":"https:\/\/kisskerteszetwebaruhaz.hu\/index.php?rest_route=%2Fwp%2Fv2%2Fcomments&post=857"}],"wp:featuredmedia":[{"embeddable":true,"href":"https:\/\/kisskerteszetwebaruhaz.hu\/index.php?rest_route=\/wp\/v2\/media\/943"}],"wp:attachment":[{"href":"https:\/\/kisskerteszetwebaruhaz.hu\/index.php?rest_route=%2Fwp%2Fv2%2Fmedia&parent=857"}],"wp:term":[{"taxonomy":"product_brand","embeddable":true,"href":"https:\/\/kisskerteszetwebaruhaz.hu\/index.php?rest_route=%2Fwp%2Fv2%2Fproduct_brand&post=857"},{"taxonomy":"product_cat","embeddable":true,"href":"https:\/\/kisskerteszetwebaruhaz.hu\/index.php?rest_route=%2Fwp%2Fv2%2Fproduct_cat&post=857"},{"taxonomy":"product_tag","embeddable":true,"href":"https:\/\/kisskerteszetwebaruhaz.hu\/index.php?rest_route=%2Fwp%2Fv2%2Fproduct_tag&post=857"}],"curies":[{"name":"wp","href":"https:\/\/api.w.org\/{rel}","templated":true}]}}