{"id":831,"date":"2022-08-19T07:53:21","date_gmt":"2022-08-19T07:53:21","guid":{"rendered":"https:\/\/kisskerteszetwebaruhaz.hu\/?post_type=product&#038;p=831"},"modified":"2024-02-13T00:39:35","modified_gmt":"2024-02-13T00:39:35","slug":"malyvacserje-hibiscus-syriacus-waltraud","status":"publish","type":"product","link":"https:\/\/kisskerteszetwebaruhaz.hu\/?product=malyvacserje-hibiscus-syriacus-waltraud","title":{"rendered":"M\u00e1lyvacserje &#8211; &#8222;Hibiscus syriacus- Waltraud&#8221;"},"content":{"rendered":"<p>A m\u00e1lyvacserj\u00e9nek sz\u00e1mos k\u00fcl\u00f6nb\u00f6z\u0151 fajt\u00e1ja van. Nem foglal nagy helyet, f\u00e9nyig\u00e9nyes n\u00f6v\u00e9ny, lombhullat\u00f3. T\u00e9l\u00e1ll\u00f3, ig\u00e9nytelen cserje. Talajban\u00a0 nem v\u00e1logat, de megh\u00e1l\u00e1lja ha t\u00e1panyag-d\u00fas talajba \u00fcltetj\u00fck.<\/p>\n<p>Kont\u00e9neres kiszerel\u00e9sben el\u00e9rhet\u0151.<\/p>\n<p>A kont\u00e9neres n\u00f6v\u00e9nyek el\u0151nye, hogy az \u00e9v b\u00e1rmely szak\u00e1ban \u00fcltethetj\u00fck \u0151ket, kiv\u00e9ve a t\u00e9li fagyokat. Gy\u00f6k\u00e9rlabd\u00e1juk kisebb mint a f\u00f6ldlabd\u00e1s n\u00f6v\u00e9nyek\u00e9, \u00edgy sz\u00e1ll\u00edt\u00e1suk egyszer\u0171bb, biztons\u00e1gosabb. Fontos, hogy \u00fcltet\u00e9s ut\u00e1n, alaposan, \u00e9s rendszeresen \u00f6nt\u00f6zz\u00fck \u00faj n\u00f6v\u00e9ny\u00fcnket, mivel a gy\u00f6k\u00e9rzetnek id\u0151 sz\u00fcks\u00e9ges, hogy &#8216;r\u00f6gz\u00fclj\u00f6n&#8217; talajban, a kezdeti id\u0151szakban \u00f3vjuk, hogy ne sz\u00e1radjon ki. K\u00f6r\u00fclbel\u00fcl az els\u0151 \u00e9vben fontos, hogy figyelj\u00fcnk az \u00f6nt\u00f6z\u00e9sre. A n\u00f6v\u00e9nyek megh\u00e1l\u00e1lj\u00e1k gondoskod\u00e1s\u00e1t.<\/p>\n<p>A k\u00e9pen l\u00e1that\u00f3 n\u00f6v\u00e9nyek t\u00e1j\u00e9koztat\u00f3 jelleg\u0171ek. Amennyiben nem biztos abban, hogy n\u00e9z ki az adott n\u00f6v\u00e9ny, vagy szeretn\u00e9 l\u00e1tni a kiv\u00e1lasztott n\u00f6v\u00e9nyt jelenlegi \u00e1llapot\u00e1ban \u00edrjon nek\u00fcnk \u00e9s k\u00fcld\u00fcnk k\u00e9pet a n\u00f6v\u00e9nyr\u0151l.<\/p>\n<p>2m magass\u00e1g, \u00e9s 40kg-ig lehets\u00e9ges a kisz\u00e1ll\u00edt\u00e1s GLS fut\u00e1rszolg\u00e1lattal, ezen m\u00e9retek felett a kisz\u00e1ll\u00edt\u00e1st saj\u00e1t teheraut\u00f3val v\u00e9gezz\u00fck, egyedi \u00e1raj\u00e1nlatot k\u00fcld\u00fcnk a kisz\u00e1ll\u00edt\u00e1s \u00f6sszeg\u00e9r\u0151l, valamint lehet\u0151s\u00e9ge van a n\u00f6v\u00e9nyt telephely\u00fcnk\u00f6n \u00e1tvenni, egyeztet\u00e9s sz\u00fcks\u00e9ges.<\/p>\n","protected":false},"excerpt":{"rendered":"<p><strong>Alak:<\/strong> 2-3 m magas \u00e9s sz\u00e9les, felt\u00f6r\u0151, er\u0151teljes n\u00f6veked\u00e9s\u0171, lombhullat\u00f3 cserje<\/p>\n<p><strong>Lev\u00e9l:<\/strong> k\u00f6z\u00e9pz\u00f6ld, h\u00e1romkar\u00e9j\u00fa, toj\u00e1sdad, \u0151sszel s\u00e1rga<\/p>\n<p><strong>Vir\u00e1g:<\/strong> s\u00f6t\u00e9t lil\u00e1s &#8211; r\u00f3zsasz\u00edn, j\u00faliust\u00f3l szeptemberig vir\u00e1gzik<\/p>\n<p><strong>Ig\u00e9ny:<\/strong> \u00fcde, j\u00f3 v\u00edzelvezet\u00e9s\u0171, t\u00e1pd\u00fas talaj, napos helyre \u00fcltess\u00fck, melegkedvel\u0151,t\u00e9l\u00e1ll\u00f3, v\u00e1rost\u0171r\u0151, j\u00f3l metszhet\u0151<\/p>\n<p><strong>Felhaszn\u00e1l\u00e1s:<\/strong> szoliterk\u00e9nt, vagy m\u00e1s m\u00e1lyvacserj\u00e9kkel csoportosan, s\u00f6v\u00e9nynek is \u00fcltethet\u0151, de nagyobb ed\u00e9nyben is tarthat\u00f3<\/p>\n<p> <a class=\"more-link\" href=\"https:\/\/kisskerteszetwebaruhaz.hu\/?product=malyvacserje-hibiscus-syriacus-waltraud\">B\u0151vebben<\/a><\/p>","protected":false},"featured_media":1086,"comment_status":"open","ping_status":"closed","template":"","meta":[],"product_brand":[],"product_cat":[38],"product_tag":[],"class_list":{"0":"post-831","1":"product","2":"type-product","3":"status-publish","4":"has-post-thumbnail","6":"product_cat-cserjek","8":"first","9":"outofstock","10":"shipping-taxable","11":"product-type-variable","12":"rtwpvs-product"},"_links":{"self":[{"href":"https:\/\/kisskerteszetwebaruhaz.hu\/index.php?rest_route=\/wp\/v2\/product\/831","targetHints":{"allow":["GET"]}}],"collection":[{"href":"https:\/\/kisskerteszetwebaruhaz.hu\/index.php?rest_route=\/wp\/v2\/product"}],"about":[{"href":"https:\/\/kisskerteszetwebaruhaz.hu\/index.php?rest_route=\/wp\/v2\/types\/product"}],"replies":[{"embeddable":true,"href":"https:\/\/kisskerteszetwebaruhaz.hu\/index.php?rest_route=%2Fwp%2Fv2%2Fcomments&post=831"}],"wp:featuredmedia":[{"embeddable":true,"href":"https:\/\/kisskerteszetwebaruhaz.hu\/index.php?rest_route=\/wp\/v2\/media\/1086"}],"wp:attachment":[{"href":"https:\/\/kisskerteszetwebaruhaz.hu\/index.php?rest_route=%2Fwp%2Fv2%2Fmedia&parent=831"}],"wp:term":[{"taxonomy":"product_brand","embeddable":true,"href":"https:\/\/kisskerteszetwebaruhaz.hu\/index.php?rest_route=%2Fwp%2Fv2%2Fproduct_brand&post=831"},{"taxonomy":"product_cat","embeddable":true,"href":"https:\/\/kisskerteszetwebaruhaz.hu\/index.php?rest_route=%2Fwp%2Fv2%2Fproduct_cat&post=831"},{"taxonomy":"product_tag","embeddable":true,"href":"https:\/\/kisskerteszetwebaruhaz.hu\/index.php?rest_route=%2Fwp%2Fv2%2Fproduct_tag&post=831"}],"curies":[{"name":"wp","href":"https:\/\/api.w.org\/{rel}","templated":true}]}}