{"id":795,"date":"2022-08-18T04:07:11","date_gmt":"2022-08-18T04:07:11","guid":{"rendered":"https:\/\/kisskerteszetwebaruhaz.hu\/?post_type=product&#038;p=795"},"modified":"2026-03-05T09:14:44","modified_gmt":"2026-03-05T09:14:44","slug":"perzsa-selyemakac-albizia-julibrissin","status":"publish","type":"product","link":"https:\/\/kisskerteszetwebaruhaz.hu\/?product=perzsa-selyemakac-albizia-julibrissin","title":{"rendered":"Perzsa selyemak\u00e1c &#8211; &#8216;Albizia julibrissin&#8217; 200\/220 cm"},"content":{"rendered":"<p>A perzsa selyemak\u00e1c nagyon mutat\u00f3s d\u00edszfa. Lombhullat\u00f3.<\/p>\n<p>F\u00e9ny \u00e9s melegig\u00e9nyes n\u00f6v\u00e9ny, fiatal kor\u00e1ban m\u00e9rs\u00e9kelten fagy\u00e9rz\u00e9keny lehet. Ez\u00e9rt v\u00e9dett helyet v\u00e1lasszunk neki.<\/p>\n<p>Talajban nem v\u00e1logat, fontos, hogy j\u00f3 v\u00edz\u00e1tereszt\u0151 talajba \u00fcltess\u00fck. V\u00edzig\u00e9nye \u00e1tlagos, de sz\u00e1raz id\u0151szakban megh\u00e1l\u00e1lja az \u00f6nt\u00f6z\u00e9st.<\/p>\n<p>Kont\u00e9neres kiszerel\u00e9sben kaphat\u00f3. Szinte eg\u00e9sz \u00e9vben \u00fcltethet\u0151.<\/p>\n<p>A kont\u00e9neres n\u00f6v\u00e9nyek el\u0151nye, hogy az \u00e9v b\u00e1rmely szak\u00e1ban \u00fcltethetj\u00fck \u0151ket, kiv\u00e9ve a t\u00e9li fagyokat. Gy\u00f6k\u00e9rlabd\u00e1juk kisebb mint a f\u00f6ldlabd\u00e1s n\u00f6v\u00e9nyek\u00e9, \u00edgy sz\u00e1ll\u00edt\u00e1suk egyszer\u0171bb, biztons\u00e1gosabb. Fontos, hogy \u00fcltet\u00e9s ut\u00e1n, alaposan, \u00e9s rendszeresen \u00f6nt\u00f6zz\u00fck \u00faj n\u00f6v\u00e9ny\u00fcnket, mivel a gy\u00f6k\u00e9rzetnek id\u0151 sz\u00fcks\u00e9ges, hogy &#8216;r\u00f6gz\u00fclj\u00f6n&#8217; talajban, a kezdeti id\u0151szakban \u00f3vjuk, hogy ne sz\u00e1radjon ki. K\u00f6r\u00fclbel\u00fcl az els\u0151 \u00e9vben fontos, hogy figyelj\u00fcnk az \u00f6nt\u00f6z\u00e9sre. A n\u00f6v\u00e9nyek megh\u00e1l\u00e1lj\u00e1k gondoskod\u00e1s\u00e1t.<\/p>\n<p>A k\u00e9pen l\u00e1that\u00f3 n\u00f6v\u00e9nyek t\u00e1j\u00e9koztat\u00f3 jelleg\u0171ek. Amennyiben nem biztos abban, hogy n\u00e9z ki az adott n\u00f6v\u00e9ny, vagy szeretn\u00e9 l\u00e1tni a kiv\u00e1lasztott n\u00f6v\u00e9nyt jelenlegi \u00e1llapot\u00e1ban \u00edrjon nek\u00fcnk \u00e9s k\u00fcld\u00fcnk k\u00e9pet a n\u00f6v\u00e9nyr\u0151l.<\/p>\n<p><em>\u00a0<\/em><\/p>\n","protected":false},"excerpt":{"rendered":"<p><strong>N\u00f6veked\u00e9s, Alak:<\/strong> 5-10 m magas, erny\u0151s koron\u00e1j\u00fa,lombhullat\u00f3 fa<\/p>\n<p><strong>Lev\u00e9l<\/strong>: vil\u00e1gosz\u00f6ld, p\u00e1rosan \u00f6sszetett<\/p>\n<p><strong>Vir\u00e1g<\/strong>: r\u00f3zsasz\u00edn, csom\u00f3kban ny\u00edlik, j\u00fanius-augusztusban<\/p>\n<p><strong>Ig\u00e9ny<\/strong>: napos, meleg, v\u00e9dett hely, m\u00e9rs\u00e9kelten t\u00e9l\u00e1ll\u00f3, v\u00e1rost\u0171r\u0151<\/p>\n<p><strong>Felhaszn\u00e1l\u00e1s:<\/strong> kimondottan l\u00e1tv\u00e1nyos szoliter, \u00e9rt\u00e9kes parkfa<\/p>\n<p>El\u00e9rhet\u0151: K18 literes kont\u00e9nerben, 200\/220 cm magass\u00e1gban<\/p>\n<p>&nbsp;<\/p>\n<p> <a class=\"more-link\" href=\"https:\/\/kisskerteszetwebaruhaz.hu\/?product=perzsa-selyemakac-albizia-julibrissin\">B\u0151vebben<\/a><\/p>","protected":false},"featured_media":809,"comment_status":"open","ping_status":"closed","template":"","meta":[],"product_brand":[],"product_cat":[21],"product_tag":[],"class_list":{"0":"post-795","1":"product","2":"type-product","3":"status-publish","4":"has-post-thumbnail","6":"product_cat-fak","8":"first","9":"outofstock","10":"shipping-taxable","11":"purchasable","12":"product-type-simple"},"_links":{"self":[{"href":"https:\/\/kisskerteszetwebaruhaz.hu\/index.php?rest_route=\/wp\/v2\/product\/795","targetHints":{"allow":["GET"]}}],"collection":[{"href":"https:\/\/kisskerteszetwebaruhaz.hu\/index.php?rest_route=\/wp\/v2\/product"}],"about":[{"href":"https:\/\/kisskerteszetwebaruhaz.hu\/index.php?rest_route=\/wp\/v2\/types\/product"}],"replies":[{"embeddable":true,"href":"https:\/\/kisskerteszetwebaruhaz.hu\/index.php?rest_route=%2Fwp%2Fv2%2Fcomments&post=795"}],"wp:featuredmedia":[{"embeddable":true,"href":"https:\/\/kisskerteszetwebaruhaz.hu\/index.php?rest_route=\/wp\/v2\/media\/809"}],"wp:attachment":[{"href":"https:\/\/kisskerteszetwebaruhaz.hu\/index.php?rest_route=%2Fwp%2Fv2%2Fmedia&parent=795"}],"wp:term":[{"taxonomy":"product_brand","embeddable":true,"href":"https:\/\/kisskerteszetwebaruhaz.hu\/index.php?rest_route=%2Fwp%2Fv2%2Fproduct_brand&post=795"},{"taxonomy":"product_cat","embeddable":true,"href":"https:\/\/kisskerteszetwebaruhaz.hu\/index.php?rest_route=%2Fwp%2Fv2%2Fproduct_cat&post=795"},{"taxonomy":"product_tag","embeddable":true,"href":"https:\/\/kisskerteszetwebaruhaz.hu\/index.php?rest_route=%2Fwp%2Fv2%2Fproduct_tag&post=795"}],"curies":[{"name":"wp","href":"https:\/\/api.w.org\/{rel}","templated":true}]}}