{"id":790,"date":"2022-08-17T11:25:42","date_gmt":"2022-08-17T11:25:42","guid":{"rendered":"https:\/\/kisskerteszetwebaruhaz.hu\/?post_type=product&#038;p=790"},"modified":"2026-03-27T12:45:02","modified_gmt":"2026-03-27T12:45:02","slug":"mandula-fenyo-pinus-pinea","status":"publish","type":"product","link":"https:\/\/kisskerteszetwebaruhaz.hu\/?product=mandula-fenyo-pinus-pinea","title":{"rendered":"Mandula feny\u0151 &#8211; &#8216;Pinus Pinea&#8217; K45"},"content":{"rendered":"<div>\n<div class=\"field field-type-text field-field-talajtpus\">\n<div class=\"field-items\">\n<div class=\"field-item odd\"><\/div>\n<\/div>\n<\/div>\n<div class=\"field field-type-text field-field-fnyigny\">\n<div class=\"field-items\">\n<div class=\"field-item odd\">\n<p>A kont\u00e9neres n\u00f6v\u00e9nyek el\u0151nye, hogy az \u00e9v b\u00e1rmely szak\u00e1ban \u00fcltethetj\u00fck \u0151ket, kiv\u00e9ve a t\u00e9li fagyokat. Gy\u00f6k\u00e9rlabd\u00e1juk kisebb mint a f\u00f6ldlabd\u00e1s n\u00f6v\u00e9nyek\u00e9, \u00edgy sz\u00e1ll\u00edt\u00e1suk egyszer\u0171bb, biztons\u00e1gosabb. Fontos, hogy \u00fcltet\u00e9s ut\u00e1n, alaposan, \u00e9s rendszeresen \u00f6nt\u00f6zz\u00fck \u00faj n\u00f6v\u00e9ny\u00fcnket, mivel a gy\u00f6k\u00e9rzetnek id\u0151 sz\u00fcks\u00e9ges, hogy &#8216;r\u00f6gz\u00fclj\u00f6n&#8217; talajban, a kezdeti id\u0151szakban \u00f3vjuk, hogy ne sz\u00e1radjon ki. K\u00f6r\u00fclbel\u00fcl az els\u0151 \u00e9vben fontos, hogy figyelj\u00fcnk az \u00f6nt\u00f6z\u00e9sre. A n\u00f6v\u00e9nyek megh\u00e1l\u00e1lj\u00e1k gondoskod\u00e1s\u00e1t.<\/p>\n<p>A k\u00e9pen l\u00e1that\u00f3 n\u00f6v\u00e9nyek t\u00e1j\u00e9koztat\u00f3 jelleg\u0171ek. Amennyiben nem biztos abban, hogy n\u00e9z ki az adott n\u00f6v\u00e9ny, vagy szeretn\u00e9 l\u00e1tni a kiv\u00e1lasztott n\u00f6v\u00e9nyt jelenlegi \u00e1llapot\u00e1ban \u00edrjon nek\u00fcnk \u00e9s k\u00fcld\u00fcnk k\u00e9pet a n\u00f6v\u00e9nyr\u0151l.<\/p>\n<p><em>\u00a0<\/em><\/p>\n<\/div>\n<\/div>\n<\/div>\n<\/div>\n","protected":false},"excerpt":{"rendered":"<p>A <b>mandulafeny\u0151<\/b> <i>(Pinus pinea)<\/i> mediterr\u00e1n eredet\u0171 feny\u0151. Lombozata kezdetben g\u00f6mb alak\u00fa, erny\u0151szer\u0171en sz\u00e9tter\u00fcl\u0151, ak\u00e1r 20m magass\u00e1got is el\u00e9r\u0151 \u00f6r\u00f6kz\u00f6ld. K\u00e9rge id\u0151vel narancsbarna.<\/p>\n<div>Term\u00e9se ehet\u0151. A magok kem\u00e9ny h\u00e9ja alatt, puha s\u00e1rg\u00e1sfeh\u00e9r magb\u00e9l tal\u00e1lhat\u00f3. Ez a \u2018mandula\u2019 nagy t\u00e1p\u00e9rt\u00e9k\u0171, olajban gazdag csemege.<\/div>\n<div><\/div>\n<div>\n<div class=\"field field-type-text field-field-talajtpus\">\n<div class=\"field-label\">Talaj ir\u00e1nt k\u00f6z\u00f6mb\u00f6s. T\u00e9l\u00e1ll\u00f3s\u00e1ga fiatal kor\u00e1ban (2-3 \u00e9ves kor) kiss\u00e9 fagy\u00e9rz\u00e9keny, ekkor \u00e9rdemes gondot ford\u00edtani r\u00e1, teleltetni. Kert\u00e9szet\u00fcnkben csak id\u0151sebb n\u00f6v\u00e9nyek kaphat\u00f3ak. T\u00e9l\u00e1ll\u00f3s\u00e1guk megfelel\u0151.<\/div>\n<div class=\"field-item odd\">Napos helyre \u00fcltess\u00fck.<\/div>\n<\/div>\n<\/div>\n<div><\/div>\n<div>K45 literes kont\u00e9nerben, T\u00f6rzsmagass\u00e1g 170\/180 cm<\/div>\n<p> <a class=\"more-link\" href=\"https:\/\/kisskerteszetwebaruhaz.hu\/?product=mandula-fenyo-pinus-pinea\">B\u0151vebben<\/a><\/p>","protected":false},"featured_media":3059,"comment_status":"open","ping_status":"closed","template":"","meta":[],"product_brand":[],"product_cat":[21,23],"product_tag":[],"class_list":{"0":"post-790","1":"product","2":"type-product","3":"status-publish","4":"has-post-thumbnail","6":"product_cat-fak","7":"product_cat-mediterran-novenyek","9":"first","10":"instock","11":"shipping-taxable","12":"purchasable","13":"product-type-simple"},"_links":{"self":[{"href":"https:\/\/kisskerteszetwebaruhaz.hu\/index.php?rest_route=\/wp\/v2\/product\/790","targetHints":{"allow":["GET"]}}],"collection":[{"href":"https:\/\/kisskerteszetwebaruhaz.hu\/index.php?rest_route=\/wp\/v2\/product"}],"about":[{"href":"https:\/\/kisskerteszetwebaruhaz.hu\/index.php?rest_route=\/wp\/v2\/types\/product"}],"replies":[{"embeddable":true,"href":"https:\/\/kisskerteszetwebaruhaz.hu\/index.php?rest_route=%2Fwp%2Fv2%2Fcomments&post=790"}],"wp:featuredmedia":[{"embeddable":true,"href":"https:\/\/kisskerteszetwebaruhaz.hu\/index.php?rest_route=\/wp\/v2\/media\/3059"}],"wp:attachment":[{"href":"https:\/\/kisskerteszetwebaruhaz.hu\/index.php?rest_route=%2Fwp%2Fv2%2Fmedia&parent=790"}],"wp:term":[{"taxonomy":"product_brand","embeddable":true,"href":"https:\/\/kisskerteszetwebaruhaz.hu\/index.php?rest_route=%2Fwp%2Fv2%2Fproduct_brand&post=790"},{"taxonomy":"product_cat","embeddable":true,"href":"https:\/\/kisskerteszetwebaruhaz.hu\/index.php?rest_route=%2Fwp%2Fv2%2Fproduct_cat&post=790"},{"taxonomy":"product_tag","embeddable":true,"href":"https:\/\/kisskerteszetwebaruhaz.hu\/index.php?rest_route=%2Fwp%2Fv2%2Fproduct_tag&post=790"}],"curies":[{"name":"wp","href":"https:\/\/api.w.org\/{rel}","templated":true}]}}