{"id":743,"date":"2022-08-12T12:09:02","date_gmt":"2022-08-12T12:09:02","guid":{"rendered":"https:\/\/kisskerteszetwebaruhaz.hu\/?post_type=product&#038;p=743"},"modified":"2025-11-08T09:53:39","modified_gmt":"2025-11-08T09:53:39","slug":"himalajai-kek-torpe-boroka-juniperus-squamata-blue-star","status":"publish","type":"product","link":"https:\/\/kisskerteszetwebaruhaz.hu\/?product=himalajai-kek-torpe-boroka-juniperus-squamata-blue-star","title":{"rendered":"Himal\u00e1jai k\u00e9k t\u00f6rpe bor\u00f3ka &#8211; &#8216;Juniperus squamata blue star&#8217; K2"},"content":{"rendered":"<p>Kont\u00e9neres kiszerel\u00e9sben el\u00e9rhet\u0151.<\/p>\n<p>A k\u00e9pen l\u00e1that\u00f3 n\u00f6v\u00e9nyek t\u00e1j\u00e9koztat\u00f3 jelleg\u0171ek. Amennyiben nem biztos abban, hogy n\u00e9z ki az adott n\u00f6v\u00e9ny, vagy szeretn\u00e9 l\u00e1tni a kiv\u00e1lasztott n\u00f6v\u00e9nyt jelenlegi \u00e1llapot\u00e1ban \u00edrjon nek\u00fcnk \u00e9s k\u00fcld\u00fcnk k\u00e9pet a n\u00f6v\u00e9nyr\u0151l.<\/p>\n<p><em>\u00a0<\/em><\/p>\n","protected":false},"excerpt":{"rendered":"<p>Ez\u00fcstk\u00e9k sz\u00edn\u0171, t\u00f6rpe n\u00f6veked\u00e9s\u0171, \u00f6r\u00f6kz\u00f6ld bor\u00f3ka fajta. V\u00e9gs\u0151 magass\u00e1ga 60-80 cm, de ezt hossz\u00fa id\u0151 alatt \u00e9ri el. Kis m\u00e9rete \u00e9s lass\u00fa n\u00f6veked\u00e9se miatt ide\u00e1lis v\u00e1laszt\u00e1s sziklakertekbe, balkonl\u00e1d\u00e1ban is nevelhetj\u00fck.<br \/>\nTalajban nem v\u00e1logat.<\/p>\n<p> <a class=\"more-link\" href=\"https:\/\/kisskerteszetwebaruhaz.hu\/?product=himalajai-kek-torpe-boroka-juniperus-squamata-blue-star\">B\u0151vebben<\/a><\/p>","protected":false},"featured_media":811,"comment_status":"open","ping_status":"closed","template":"","meta":[],"product_brand":[],"product_cat":[20],"product_tag":[],"class_list":{"0":"post-743","1":"product","2":"type-product","3":"status-publish","4":"has-post-thumbnail","6":"product_cat-orokzoldek","8":"first","9":"outofstock","10":"shipping-taxable","11":"purchasable","12":"product-type-simple"},"_links":{"self":[{"href":"https:\/\/kisskerteszetwebaruhaz.hu\/index.php?rest_route=\/wp\/v2\/product\/743","targetHints":{"allow":["GET"]}}],"collection":[{"href":"https:\/\/kisskerteszetwebaruhaz.hu\/index.php?rest_route=\/wp\/v2\/product"}],"about":[{"href":"https:\/\/kisskerteszetwebaruhaz.hu\/index.php?rest_route=\/wp\/v2\/types\/product"}],"replies":[{"embeddable":true,"href":"https:\/\/kisskerteszetwebaruhaz.hu\/index.php?rest_route=%2Fwp%2Fv2%2Fcomments&post=743"}],"wp:featuredmedia":[{"embeddable":true,"href":"https:\/\/kisskerteszetwebaruhaz.hu\/index.php?rest_route=\/wp\/v2\/media\/811"}],"wp:attachment":[{"href":"https:\/\/kisskerteszetwebaruhaz.hu\/index.php?rest_route=%2Fwp%2Fv2%2Fmedia&parent=743"}],"wp:term":[{"taxonomy":"product_brand","embeddable":true,"href":"https:\/\/kisskerteszetwebaruhaz.hu\/index.php?rest_route=%2Fwp%2Fv2%2Fproduct_brand&post=743"},{"taxonomy":"product_cat","embeddable":true,"href":"https:\/\/kisskerteszetwebaruhaz.hu\/index.php?rest_route=%2Fwp%2Fv2%2Fproduct_cat&post=743"},{"taxonomy":"product_tag","embeddable":true,"href":"https:\/\/kisskerteszetwebaruhaz.hu\/index.php?rest_route=%2Fwp%2Fv2%2Fproduct_tag&post=743"}],"curies":[{"name":"wp","href":"https:\/\/api.w.org\/{rel}","templated":true}]}}