{"id":5128,"date":"2026-03-27T13:40:28","date_gmt":"2026-03-27T13:40:28","guid":{"rendered":"https:\/\/kisskerteszetwebaruhaz.hu\/?post_type=product&#038;p=5128"},"modified":"2026-04-19T15:00:08","modified_gmt":"2026-04-19T15:00:08","slug":"oszlopos-erdei-fenyo-pinus-nigra-green-tower","status":"publish","type":"product","link":"https:\/\/kisskerteszetwebaruhaz.hu\/?product=oszlopos-erdei-fenyo-pinus-nigra-green-tower","title":{"rendered":"Oszlopos erdei feny\u0151-Pinus Nigra Green Tower"},"content":{"rendered":"","protected":false},"excerpt":{"rendered":"<p>Oszlopos n\u00f6veked\u00e9s\u0171 feny\u0151 fajta,<\/p>\n<p>Kifejlett magass\u00e1ga: 6-10 m\u00e9ter, Sz\u00e9less\u00e9ge: 1-2 m\u00e9ter<\/p>\n<p>\u00d6r\u00f6kz\u00f6ld, t\u0171levele s\u00f6t\u00e9tz\u00f6ld, hossz\u00fa,<\/p>\n<p>T\u00e9l\u00e1ll\u00f3s\u00e1ga: megfelel\u0151<\/p>\n<p>Sz\u00e9l \u00e9s v\u00e1rost\u0171r\u0151<\/p>\n<p>El\u00e9rhet\u0151: K3 literes kont\u00e9nerben<\/p>\n<p> <a class=\"more-link\" href=\"https:\/\/kisskerteszetwebaruhaz.hu\/?product=oszlopos-erdei-fenyo-pinus-nigra-green-tower\">B\u0151vebben<\/a><\/p>","protected":false},"featured_media":4326,"comment_status":"open","ping_status":"closed","template":"","meta":[],"product_brand":[],"product_cat":[20],"product_tag":[],"class_list":{"0":"post-5128","1":"product","2":"type-product","3":"status-publish","4":"has-post-thumbnail","6":"product_cat-orokzoldek","8":"first","9":"instock","10":"shipping-taxable","11":"purchasable","12":"product-type-simple"},"_links":{"self":[{"href":"https:\/\/kisskerteszetwebaruhaz.hu\/index.php?rest_route=\/wp\/v2\/product\/5128","targetHints":{"allow":["GET"]}}],"collection":[{"href":"https:\/\/kisskerteszetwebaruhaz.hu\/index.php?rest_route=\/wp\/v2\/product"}],"about":[{"href":"https:\/\/kisskerteszetwebaruhaz.hu\/index.php?rest_route=\/wp\/v2\/types\/product"}],"replies":[{"embeddable":true,"href":"https:\/\/kisskerteszetwebaruhaz.hu\/index.php?rest_route=%2Fwp%2Fv2%2Fcomments&post=5128"}],"wp:featuredmedia":[{"embeddable":true,"href":"https:\/\/kisskerteszetwebaruhaz.hu\/index.php?rest_route=\/wp\/v2\/media\/4326"}],"wp:attachment":[{"href":"https:\/\/kisskerteszetwebaruhaz.hu\/index.php?rest_route=%2Fwp%2Fv2%2Fmedia&parent=5128"}],"wp:term":[{"taxonomy":"product_brand","embeddable":true,"href":"https:\/\/kisskerteszetwebaruhaz.hu\/index.php?rest_route=%2Fwp%2Fv2%2Fproduct_brand&post=5128"},{"taxonomy":"product_cat","embeddable":true,"href":"https:\/\/kisskerteszetwebaruhaz.hu\/index.php?rest_route=%2Fwp%2Fv2%2Fproduct_cat&post=5128"},{"taxonomy":"product_tag","embeddable":true,"href":"https:\/\/kisskerteszetwebaruhaz.hu\/index.php?rest_route=%2Fwp%2Fv2%2Fproduct_tag&post=5128"}],"curies":[{"name":"wp","href":"https:\/\/api.w.org\/{rel}","templated":true}]}}