{"id":5084,"date":"2026-03-26T15:56:47","date_gmt":"2026-03-26T15:56:47","guid":{"rendered":"https:\/\/kisskerteszetwebaruhaz.hu\/?post_type=product&#038;p=5084"},"modified":"2026-03-26T15:56:47","modified_gmt":"2026-03-26T15:56:47","slug":"magastorzsre-oltott-boroka","status":"publish","type":"product","link":"https:\/\/kisskerteszetwebaruhaz.hu\/?product=magastorzsre-oltott-boroka","title":{"rendered":"Magast\u00f6rzsre oltott bor\u00f3ka"},"content":{"rendered":"","protected":false},"excerpt":{"rendered":"<p>Magast\u00f6rzsre oltott, pikkelylevel\u0171 \u00f6r\u00f6kz\u00f6ld,<\/p>\n<p>\u00c1ltal\u00e1ban lass\u00fa, esetleg k\u00f6z\u00e9per\u0151s n\u00f6veked\u00e9s\u0171,<\/p>\n<p>a t\u00f6rzsmagass\u00e1g m\u00e1r nem v\u00e1ltozik, csak a lombkorona er\u0151s\u00f6dik,<\/p>\n<p>Metsz\u00e9ssel k\u00f6nnyen form\u00e1zhat\u00f3<\/p>\n<p>Napf\u00e9nykedvel\u0151, Sz\u00e1razs\u00e1gt\u0171r\u0151, T\u00e9l\u00e1ll\u00f3<\/p>\n<p>Nevelhet\u0151 d\u00e9zs\u00e1ban, de szabadf\u00f6ldbe is ki\u00fcltethet\u0151<\/p>\n<p><strong>El\u0151nyei:<\/strong><\/p>\n<p>kis helyen is elf\u00e9r<\/p>\n<p>eg\u00e9sz \u00e9vben dekorat\u00edv<\/p>\n<p>kev\u00e9s gondoz\u00e1st ig\u00e9nyel<\/p>\n<p> <a class=\"more-link\" href=\"https:\/\/kisskerteszetwebaruhaz.hu\/?product=magastorzsre-oltott-boroka\">B\u0151vebben<\/a><\/p>","protected":false},"featured_media":5085,"comment_status":"open","ping_status":"closed","template":"","meta":[],"product_brand":[],"product_cat":[22,20],"product_tag":[],"class_list":{"0":"post-5084","1":"product","2":"type-product","3":"status-publish","4":"has-post-thumbnail","6":"product_cat-formanovenyek","7":"product_cat-orokzoldek","9":"first","10":"instock","11":"shipping-taxable","12":"purchasable","13":"product-type-simple"},"_links":{"self":[{"href":"https:\/\/kisskerteszetwebaruhaz.hu\/index.php?rest_route=\/wp\/v2\/product\/5084","targetHints":{"allow":["GET"]}}],"collection":[{"href":"https:\/\/kisskerteszetwebaruhaz.hu\/index.php?rest_route=\/wp\/v2\/product"}],"about":[{"href":"https:\/\/kisskerteszetwebaruhaz.hu\/index.php?rest_route=\/wp\/v2\/types\/product"}],"replies":[{"embeddable":true,"href":"https:\/\/kisskerteszetwebaruhaz.hu\/index.php?rest_route=%2Fwp%2Fv2%2Fcomments&post=5084"}],"wp:featuredmedia":[{"embeddable":true,"href":"https:\/\/kisskerteszetwebaruhaz.hu\/index.php?rest_route=\/wp\/v2\/media\/5085"}],"wp:attachment":[{"href":"https:\/\/kisskerteszetwebaruhaz.hu\/index.php?rest_route=%2Fwp%2Fv2%2Fmedia&parent=5084"}],"wp:term":[{"taxonomy":"product_brand","embeddable":true,"href":"https:\/\/kisskerteszetwebaruhaz.hu\/index.php?rest_route=%2Fwp%2Fv2%2Fproduct_brand&post=5084"},{"taxonomy":"product_cat","embeddable":true,"href":"https:\/\/kisskerteszetwebaruhaz.hu\/index.php?rest_route=%2Fwp%2Fv2%2Fproduct_cat&post=5084"},{"taxonomy":"product_tag","embeddable":true,"href":"https:\/\/kisskerteszetwebaruhaz.hu\/index.php?rest_route=%2Fwp%2Fv2%2Fproduct_tag&post=5084"}],"curies":[{"name":"wp","href":"https:\/\/api.w.org\/{rel}","templated":true}]}}