{"id":4912,"date":"2026-02-26T20:59:36","date_gmt":"2026-02-26T20:59:36","guid":{"rendered":"https:\/\/kisskerteszetwebaruhaz.hu\/?post_type=product&#038;p=4912"},"modified":"2026-04-23T11:49:55","modified_gmt":"2026-04-23T11:49:55","slug":"acer-palmatum-emerald-lace","status":"publish","type":"product","link":"https:\/\/kisskerteszetwebaruhaz.hu\/?product=acer-palmatum-emerald-lace","title":{"rendered":"Acer palmatum &#8216;Emerald lace&#8217;"},"content":{"rendered":"","protected":false},"excerpt":{"rendered":"<p>Lass\u00fa n\u00f6veked\u00e9s\u0171,<\/p>\n<p>kifejlett magass\u00e1ga k\u00f6r\u00fclbel\u00fcl 1 m\u00e9ter,<\/p>\n<p>Kisebb termete miatt d\u00e9zs\u00e1ban is k\u00f6nnyen nevelhet\u0151, de ki is \u00fcltethet\u0151,<\/p>\n<p>F\u00e9l\u00e1rny\u00e9kos, v\u00e9dettebb helyre pr\u00f3b\u00e1ljuk \u00fcltetni, a t\u0171z\u0151 napon lev\u00e9lzete megperzsel\u0151dhet,<\/p>\n<p><span class=\"BxUVEf ILfuVd\" lang=\"hu\"><span class=\"hgKElc pOOWX\">Gy\u00f6kerei \u00e9rz\u00e9kenyek a pang\u00f3 v\u00edzre \u00e9s a talaj m\u00e9sztartalm\u00e1ra, ez\u00e9rt fontos a savas k\u00e9mhat\u00e1s\u00fa, j\u00f3 v\u00edzelvezet\u00e9s\u0171 \u00fcltet\u0151k\u00f6zeg.<\/span><\/span><\/p>\n<p>Kiszerel\u00e9s: 2 literes kont\u00e9nerben<\/p>\n<p> <a class=\"more-link\" href=\"https:\/\/kisskerteszetwebaruhaz.hu\/?product=acer-palmatum-emerald-lace\">B\u0151vebben<\/a><\/p>","protected":false},"featured_media":5278,"comment_status":"open","ping_status":"closed","template":"","meta":[],"product_brand":[],"product_cat":[38],"product_tag":[],"class_list":{"0":"post-4912","1":"product","2":"type-product","3":"status-publish","4":"has-post-thumbnail","6":"product_cat-cserjek","8":"first","9":"instock","10":"shipping-taxable","11":"purchasable","12":"product-type-simple"},"_links":{"self":[{"href":"https:\/\/kisskerteszetwebaruhaz.hu\/index.php?rest_route=\/wp\/v2\/product\/4912","targetHints":{"allow":["GET"]}}],"collection":[{"href":"https:\/\/kisskerteszetwebaruhaz.hu\/index.php?rest_route=\/wp\/v2\/product"}],"about":[{"href":"https:\/\/kisskerteszetwebaruhaz.hu\/index.php?rest_route=\/wp\/v2\/types\/product"}],"replies":[{"embeddable":true,"href":"https:\/\/kisskerteszetwebaruhaz.hu\/index.php?rest_route=%2Fwp%2Fv2%2Fcomments&post=4912"}],"wp:featuredmedia":[{"embeddable":true,"href":"https:\/\/kisskerteszetwebaruhaz.hu\/index.php?rest_route=\/wp\/v2\/media\/5278"}],"wp:attachment":[{"href":"https:\/\/kisskerteszetwebaruhaz.hu\/index.php?rest_route=%2Fwp%2Fv2%2Fmedia&parent=4912"}],"wp:term":[{"taxonomy":"product_brand","embeddable":true,"href":"https:\/\/kisskerteszetwebaruhaz.hu\/index.php?rest_route=%2Fwp%2Fv2%2Fproduct_brand&post=4912"},{"taxonomy":"product_cat","embeddable":true,"href":"https:\/\/kisskerteszetwebaruhaz.hu\/index.php?rest_route=%2Fwp%2Fv2%2Fproduct_cat&post=4912"},{"taxonomy":"product_tag","embeddable":true,"href":"https:\/\/kisskerteszetwebaruhaz.hu\/index.php?rest_route=%2Fwp%2Fv2%2Fproduct_tag&post=4912"}],"curies":[{"name":"wp","href":"https:\/\/api.w.org\/{rel}","templated":true}]}}