{"id":4650,"date":"2025-10-17T09:48:16","date_gmt":"2025-10-17T09:48:16","guid":{"rendered":"https:\/\/kisskerteszetwebaruhaz.hu\/?post_type=product&#038;p=4650"},"modified":"2026-03-27T16:01:45","modified_gmt":"2026-03-27T16:01:45","slug":"cseresznye-germesdorfi-3-gyokercsomagolt","status":"publish","type":"product","link":"https:\/\/kisskerteszetwebaruhaz.hu\/?product=cseresznye-germesdorfi-3-gyokercsomagolt","title":{"rendered":"Cseresznye &#8211; Germesdorfi 3-Gy\u00f6k\u00e9rcsomagolt"},"content":{"rendered":"","protected":false},"excerpt":{"rendered":"<p><strong>\u00c9r\u00e9si id\u0151<\/strong>: j\u00fanius k\u00f6zepe<\/p>\n<p><strong>Gy\u00fcm\u00f6lcse: <\/strong>nagy(7g) h\u00e9ja sz\u00edne bord\u00f3, h\u00fasa halv\u00e1nypiros, roppan\u00f3, b\u0151lev\u0171, \u00e9des-savanyk\u00e1s \u00edz\u0171, minden ir\u00e1ny\u00fa felhaszn\u00e1l\u00e1sra alkalmas<\/p>\n<p><strong>Term\u0151k\u00e9pess\u00e9ge: <\/strong>porz\u00f3p\u00e1r javasolt: Van, Hedelfingeni \u00f3ri\u00e1s,Linda,\u00a0 f\u00e1ja er\u0151s n\u00f6veked\u00e9s\u0171, jellegzetes sz\u00e9les k\u00fap alak\u00fa koron\u00e1t nevel<\/p>\n<p>Gy\u00f6k\u00e9rcsomagolt term\u00e9k.<\/p>\n<p> <a class=\"more-link\" href=\"https:\/\/kisskerteszetwebaruhaz.hu\/?product=cseresznye-germesdorfi-3-gyokercsomagolt\">B\u0151vebben<\/a><\/p>","protected":false},"featured_media":1350,"comment_status":"open","ping_status":"closed","template":"","meta":[],"product_brand":[],"product_cat":[30,26],"product_tag":[],"class_list":{"0":"post-4650","1":"product","2":"type-product","3":"status-publish","4":"has-post-thumbnail","6":"product_cat-gyumolcsfak","7":"product_cat-gyumolcsfak-bogyosok","9":"first","10":"outofstock","11":"shipping-taxable","12":"purchasable","13":"product-type-simple"},"_links":{"self":[{"href":"https:\/\/kisskerteszetwebaruhaz.hu\/index.php?rest_route=\/wp\/v2\/product\/4650","targetHints":{"allow":["GET"]}}],"collection":[{"href":"https:\/\/kisskerteszetwebaruhaz.hu\/index.php?rest_route=\/wp\/v2\/product"}],"about":[{"href":"https:\/\/kisskerteszetwebaruhaz.hu\/index.php?rest_route=\/wp\/v2\/types\/product"}],"replies":[{"embeddable":true,"href":"https:\/\/kisskerteszetwebaruhaz.hu\/index.php?rest_route=%2Fwp%2Fv2%2Fcomments&post=4650"}],"wp:featuredmedia":[{"embeddable":true,"href":"https:\/\/kisskerteszetwebaruhaz.hu\/index.php?rest_route=\/wp\/v2\/media\/1350"}],"wp:attachment":[{"href":"https:\/\/kisskerteszetwebaruhaz.hu\/index.php?rest_route=%2Fwp%2Fv2%2Fmedia&parent=4650"}],"wp:term":[{"taxonomy":"product_brand","embeddable":true,"href":"https:\/\/kisskerteszetwebaruhaz.hu\/index.php?rest_route=%2Fwp%2Fv2%2Fproduct_brand&post=4650"},{"taxonomy":"product_cat","embeddable":true,"href":"https:\/\/kisskerteszetwebaruhaz.hu\/index.php?rest_route=%2Fwp%2Fv2%2Fproduct_cat&post=4650"},{"taxonomy":"product_tag","embeddable":true,"href":"https:\/\/kisskerteszetwebaruhaz.hu\/index.php?rest_route=%2Fwp%2Fv2%2Fproduct_tag&post=4650"}],"curies":[{"name":"wp","href":"https:\/\/api.w.org\/{rel}","templated":true}]}}