{"id":4457,"date":"2025-08-30T17:27:57","date_gmt":"2025-08-30T17:27:57","guid":{"rendered":"https:\/\/kisskerteszetwebaruhaz.hu\/?post_type=product&#038;p=4457"},"modified":"2025-08-30T17:27:57","modified_gmt":"2025-08-30T17:27:57","slug":"cupressocyparis-leylandii-leylandi-ciprus-k2-100-125-cm","status":"publish","type":"product","link":"https:\/\/kisskerteszetwebaruhaz.hu\/?product=cupressocyparis-leylandii-leylandi-ciprus-k2-100-125-cm","title":{"rendered":"Cupressocyparis leylandii-Leylandi ciprus-K2 100\/125 cm"},"content":{"rendered":"<p>Magas n\u00f6veked\u00e9s\u0171 d\u00edszn\u00f6v\u00e9ny, \u00f6nmag\u00e1ban sz\u00e9les, k\u00fap form\u00e1ban fejl\u0151d\u0151 fa.<\/p>\n<p>Gyors n\u00f6veked\u00e9s jellemzi, k\u00e9pes 1 \u00e9v alatt ak\u00e1r 80-100 cm is n\u0151ni. Magass\u00e1ga a 10-15 m is el\u00e9rheti. N\u00e9pszer\u0171s\u00e9g\u00e9t annak a j\u00f3 tulajdons\u00e1g\u00e1nak k\u00f6sz\u00f6nheti, hogy gyorsan, s\u0171r\u0171, \u00e1tl\u00e1thatatlan s\u00f6v\u00e9nyt k\u00e9pezhet\u00fcnk bel\u0151le. A v\u00e1rosi kl\u00edm\u00e1t, \u00e9s a sz\u00e1razs\u00e1got is j\u00f3l t\u0171ri, talajjal szemben nem v\u00e1logat.\u00a0 Term\u00e9szetesen a t\u00e1panyag d\u00fas, nedves talajon h\u00e1l\u00e1sabban fejl\u0151dik. Teljesen t\u00e9l\u00e1ll\u00f3.<\/p>\n<p>A metsz\u00e9st j\u00f3l t\u0171ri. \u00c9venk\u00e9nt 2-3 ny\u00edr\u00e1ssal t\u00f6m\u00f6r, \u00e1tl\u00e1thatatlan s\u00f6v\u00e9nyt k\u00e9sz\u00edthet\u00fcnk bel\u0151le. Rendszeres ny\u00edr\u00e1ssal ak\u00e1r alacsonyan is tarthat\u00f3. Javasolt metsz\u00e9s\u00e9t m\u00e1rciusra, vagy \u00e1prilisra id\u0151z\u00edteni.<\/p>\n<p>A kont\u00e9neres, vagyis cserepes n\u00f6v\u00e9nyek nagy el\u0151nye, hogy az \u00e9v b\u00e1rmely szak\u00e1ba \u00fcltethetj\u00fck \u0151ket. \u00c1ltal\u00e1ban kisebb gy\u00f6k\u00e9rlabd\u00e1val rendelkeznek, mint a f\u00f6ldlabd\u00e1sok, \u00edgy k\u00f6nnyebben sz\u00e1ll\u00edthat\u00f3k. Mivel ezen n\u00f6v\u00e9nyek kont\u00e9nerben lettek nevelve, \u00edgy ki\u00fcltet\u00e9skor gy\u00f6k\u00e9rzet\u00fck sem s\u00e9r\u00fcl meg, ered\u00e9se biztons\u00e1gosabb.<\/p>\n<p>A k\u00e9pen l\u00e1that\u00f3 n\u00f6v\u00e9nyek t\u00e1j\u00e9koztat\u00f3 jelleg\u0171ek. Amennyiben nem biztos abban, hogy n\u00e9z ki az adott n\u00f6v\u00e9ny, vagy szeretn\u00e9 l\u00e1tni a kiv\u00e1lasztott n\u00f6v\u00e9nyt jelenlegi \u00e1llapot\u00e1ban \u00edrjon nek\u00fcnk \u00e9s k\u00fcld\u00fcnk k\u00e9pet a n\u00f6v\u00e9nyr\u0151l.<\/p>\n","protected":false},"excerpt":{"rendered":"<p>Gyors n\u00f6veked\u00e9s\u0171, k\u00fap alak\u00fa, ellen\u00e1ll\u00f3 fa.<\/p>\n<p>B\u00e1rmely talajban j\u00f3l fejl\u0151dik, j\u00f3l b\u00edrja a sz\u00e1razs\u00e1got, de a nedvesebb talajban gyorsabban fejl\u0151dik.<\/p>\n<p>Teljesen t\u00e9l\u00e1ll\u00f3.<\/p>\n<p>El\u0151szeretettel \u00fcltetj\u00fck s\u00f6v\u00e9nynek, ugyanis nem k\u00e9nyes, gyorsan n\u0151, s\u0171r\u0171, \u00e1tl\u00e1thatatlan s\u00f6v\u00e9ny k\u00e9sz\u00edthet\u0151 bel\u0151le.<\/p>\n<p>&nbsp;<\/p>\n<p> <a class=\"more-link\" href=\"https:\/\/kisskerteszetwebaruhaz.hu\/?product=cupressocyparis-leylandii-leylandi-ciprus-k2-100-125-cm\">B\u0151vebben<\/a><\/p>","protected":false},"featured_media":2554,"comment_status":"open","ping_status":"closed","template":"","meta":[],"product_brand":[],"product_cat":[20],"product_tag":[],"class_list":{"0":"post-4457","1":"product","2":"type-product","3":"status-publish","4":"has-post-thumbnail","6":"product_cat-orokzoldek","8":"first","9":"instock","10":"shipping-taxable","11":"purchasable","12":"product-type-simple"},"_links":{"self":[{"href":"https:\/\/kisskerteszetwebaruhaz.hu\/index.php?rest_route=\/wp\/v2\/product\/4457","targetHints":{"allow":["GET"]}}],"collection":[{"href":"https:\/\/kisskerteszetwebaruhaz.hu\/index.php?rest_route=\/wp\/v2\/product"}],"about":[{"href":"https:\/\/kisskerteszetwebaruhaz.hu\/index.php?rest_route=\/wp\/v2\/types\/product"}],"replies":[{"embeddable":true,"href":"https:\/\/kisskerteszetwebaruhaz.hu\/index.php?rest_route=%2Fwp%2Fv2%2Fcomments&post=4457"}],"wp:featuredmedia":[{"embeddable":true,"href":"https:\/\/kisskerteszetwebaruhaz.hu\/index.php?rest_route=\/wp\/v2\/media\/2554"}],"wp:attachment":[{"href":"https:\/\/kisskerteszetwebaruhaz.hu\/index.php?rest_route=%2Fwp%2Fv2%2Fmedia&parent=4457"}],"wp:term":[{"taxonomy":"product_brand","embeddable":true,"href":"https:\/\/kisskerteszetwebaruhaz.hu\/index.php?rest_route=%2Fwp%2Fv2%2Fproduct_brand&post=4457"},{"taxonomy":"product_cat","embeddable":true,"href":"https:\/\/kisskerteszetwebaruhaz.hu\/index.php?rest_route=%2Fwp%2Fv2%2Fproduct_cat&post=4457"},{"taxonomy":"product_tag","embeddable":true,"href":"https:\/\/kisskerteszetwebaruhaz.hu\/index.php?rest_route=%2Fwp%2Fv2%2Fproduct_tag&post=4457"}],"curies":[{"name":"wp","href":"https:\/\/api.w.org\/{rel}","templated":true}]}}