{"id":4454,"date":"2025-08-30T17:11:33","date_gmt":"2025-08-30T17:11:33","guid":{"rendered":"https:\/\/kisskerteszetwebaruhaz.hu\/?post_type=product&#038;p=4454"},"modified":"2026-01-15T16:03:52","modified_gmt":"2026-01-15T16:03:52","slug":"korallberkenye-photinia-fraseri-red-robin-k18-175-200-cm","status":"publish","type":"product","link":"https:\/\/kisskerteszetwebaruhaz.hu\/?product=korallberkenye-photinia-fraseri-red-robin-k18-175-200-cm","title":{"rendered":"Korallberkenye &#8211; &#8216;Photinia fraseri Red Robin&#8217; K18 175\/200 cm"},"content":{"rendered":"<p>A korallberkenye ( Photinia fraseri) nagy d\u00edsz\u00edt\u0151 \u00e9rt\u00e9k\u0171 \u00f6r\u00f6kz\u00f6ld cserje. 2,5 &#8211; 3 m\u00e9ter magass\u00e1got el\u00e9r\u0151 n\u00f6v\u00e9ny, levelei l\u00e1ndzsa form\u00e1j\u00faak, f\u00e9nyesek, s\u0171r\u0171 lombozat jellemzi.<\/p>\n<p>Friss hajt\u00e1sai \u00e9l\u00e9nk v\u00f6r\u00f6s sz\u00ednben jelennek meg, melyek k\u00e9s\u0151bb bronzos \u00e1rnyalatra v\u00e1ltanak, majd fokozatosan bez\u00f6ld\u00fclnek.\u00a0 \u00c1prilis &#8211; m\u00e1jusban hozza feh\u00e9r vir\u00e1gait.<\/p>\n<p>Napos, f\u00e9l\u00e1rny\u00e9kos helyet kedveli, ut\u00f3bbi esetben kevesebb vir\u00e1got hoz. V\u00edzig\u00e9nye k\u00f6zepes.B\u00e1rmely talajon j\u00f3l fejl\u0151dik, b\u00edrja a meszes talajt is.<\/p>\n<p>Fagyzugos helyeken, \u00e9s t\u00fal nedves talajon t\u00f6nkre mehet.<\/p>\n<p>A metsz\u00e9st, alak\u00edt\u00e1st j\u00f3l t\u0171ri. Ez\u00e9rt nevezhetj\u00fck tipikus s\u00f6v\u00e9ny n\u00f6v\u00e9nynek, mely igaz\u00e1n l\u00e1tv\u00e1nyos lev\u00e9lzettel b\u00edr, metsz\u00e9st j\u00f3l t\u0171ri, \u00e9s k\u00f6nnyen alak\u00edthat\u00f3, nem ig\u00e9nyel k\u00fcl\u00f6nleges b\u00e1n\u00e1sm\u00f3dot, gondoz\u00e1sa egyszer\u0171, a sz\u00e1razs\u00e1got &#8211; kifejlett kor\u00e1ban &#8211; elviseli.<\/p>\n<p>Kert\u00e9szet\u00fcnkben a korallberkenye t\u00f6bbf\u00e9le v\u00e1ltozatban is el\u00e9rhet\u0151.<\/p>\n<p>A k\u00e9pen l\u00e1that\u00f3 n\u00f6v\u00e9nyek t\u00e1j\u00e9koztat\u00f3 jelleg\u0171ek. Amennyiben nem biztos abban, hogy n\u00e9z ki az adott n\u00f6v\u00e9ny, vagy szeretn\u00e9 l\u00e1tni a kiv\u00e1lasztott n\u00f6v\u00e9nyt jelenlegi \u00e1llapot\u00e1ban \u00edrjon nek\u00fcnk \u00e9s k\u00fcld\u00fcnk k\u00e9pet a n\u00f6v\u00e9nyr\u0151l.<\/p>\n<p><em>\u00a0<\/em><\/p>\n<p>&nbsp;<\/p>\n<p>&nbsp;<\/p>\n","protected":false},"excerpt":{"rendered":"<p><strong>N\u00f6veked\u00e9s, alak:<\/strong>\u00a0 2,5 &#8211; 3 m \u00e1tlagos magass\u00e1got el\u00e9r\u0151, \u00f6r\u00f6kz\u00f6ld cserje<\/p>\n<p><strong>Lev\u00e9l:<\/strong> F\u00e9nyes z\u00f6ld levelei fiatalon \u00e9l\u00e9nk v\u00f6r\u00f6s \u00e1rnyalat\u00faak, f\u0171r\u00e9szes sz\u00e9l\u0171<\/p>\n<p><strong>Ig\u00e9ny:<\/strong> Talajra ig\u00e9nytelen, b\u00e1rmely talajban j\u00f3l fejl\u0151dik, napos \u00e9s f\u00e9l\u00e1rny\u00e9kos helyre is \u00fcltethetj\u00fck, fiatal kor\u00e1ban kiss\u00e9 fagy\u00e9rz\u00e9keny lehet<\/p>\n<p><strong>Felhaszn\u00e1l\u00e1sa:<\/strong> alkalmas s\u00f6v\u00e9nynek, a metsz\u00e9st j\u00f3l viseli, szoliterk\u00e9nt is mutat\u00f3s<\/p>\n<p><img decoding=\"async\" class=\"alignnone wp-image-597\" src=\"https:\/\/kisskerteszetwebaruhaz.hu\/wp-content\/uploads\/2022\/07\/metszes-copy.jpg\" alt=\"\" width=\"100\" height=\"100\" srcset=\"https:\/\/kisskerteszetwebaruhaz.hu\/wp-content\/uploads\/2022\/07\/metszes-copy.jpg 300w, https:\/\/kisskerteszetwebaruhaz.hu\/wp-content\/uploads\/2022\/07\/metszes-copy-100x100.jpg 100w, https:\/\/kisskerteszetwebaruhaz.hu\/wp-content\/uploads\/2022\/07\/metszes-copy-150x150.jpg 150w\" sizes=\"(max-width: 100px) 100vw, 100px\" \/><img decoding=\"async\" class=\"alignnone wp-image-590\" src=\"https:\/\/kisskerteszetwebaruhaz.hu\/wp-content\/uploads\/2022\/07\/ultetes-napos-helyre-copy.jpg\" alt=\"\" width=\"100\" height=\"100\" srcset=\"https:\/\/kisskerteszetwebaruhaz.hu\/wp-content\/uploads\/2022\/07\/ultetes-napos-helyre-copy.jpg 300w, https:\/\/kisskerteszetwebaruhaz.hu\/wp-content\/uploads\/2022\/07\/ultetes-napos-helyre-copy-100x100.jpg 100w, https:\/\/kisskerteszetwebaruhaz.hu\/wp-content\/uploads\/2022\/07\/ultetes-napos-helyre-copy-150x150.jpg 150w\" sizes=\"(max-width: 100px) 100vw, 100px\" \/><img decoding=\"async\" class=\"alignnone wp-image-588\" src=\"https:\/\/kisskerteszetwebaruhaz.hu\/wp-content\/uploads\/2022\/07\/ultetes-felarnyekos-helyre-copy.jpg\" alt=\"\" width=\"100\" height=\"100\" srcset=\"https:\/\/kisskerteszetwebaruhaz.hu\/wp-content\/uploads\/2022\/07\/ultetes-felarnyekos-helyre-copy.jpg 300w, https:\/\/kisskerteszetwebaruhaz.hu\/wp-content\/uploads\/2022\/07\/ultetes-felarnyekos-helyre-copy-100x100.jpg 100w, https:\/\/kisskerteszetwebaruhaz.hu\/wp-content\/uploads\/2022\/07\/ultetes-felarnyekos-helyre-copy-150x150.jpg 150w\" sizes=\"(max-width: 100px) 100vw, 100px\" \/><\/p>\n<p> <a class=\"more-link\" href=\"https:\/\/kisskerteszetwebaruhaz.hu\/?product=korallberkenye-photinia-fraseri-red-robin-k18-175-200-cm\">B\u0151vebben<\/a><\/p>","protected":false},"featured_media":3871,"comment_status":"open","ping_status":"closed","template":"","meta":[],"product_brand":[],"product_cat":[15,38,20],"product_tag":[],"class_list":{"0":"post-4454","1":"product","2":"type-product","3":"status-publish","4":"has-post-thumbnail","6":"product_cat-akcio","7":"product_cat-cserjek","8":"product_cat-orokzoldek","10":"first","11":"outofstock","12":"sale","13":"shipping-taxable","14":"purchasable","15":"product-type-simple"},"_links":{"self":[{"href":"https:\/\/kisskerteszetwebaruhaz.hu\/index.php?rest_route=\/wp\/v2\/product\/4454","targetHints":{"allow":["GET"]}}],"collection":[{"href":"https:\/\/kisskerteszetwebaruhaz.hu\/index.php?rest_route=\/wp\/v2\/product"}],"about":[{"href":"https:\/\/kisskerteszetwebaruhaz.hu\/index.php?rest_route=\/wp\/v2\/types\/product"}],"replies":[{"embeddable":true,"href":"https:\/\/kisskerteszetwebaruhaz.hu\/index.php?rest_route=%2Fwp%2Fv2%2Fcomments&post=4454"}],"wp:featuredmedia":[{"embeddable":true,"href":"https:\/\/kisskerteszetwebaruhaz.hu\/index.php?rest_route=\/wp\/v2\/media\/3871"}],"wp:attachment":[{"href":"https:\/\/kisskerteszetwebaruhaz.hu\/index.php?rest_route=%2Fwp%2Fv2%2Fmedia&parent=4454"}],"wp:term":[{"taxonomy":"product_brand","embeddable":true,"href":"https:\/\/kisskerteszetwebaruhaz.hu\/index.php?rest_route=%2Fwp%2Fv2%2Fproduct_brand&post=4454"},{"taxonomy":"product_cat","embeddable":true,"href":"https:\/\/kisskerteszetwebaruhaz.hu\/index.php?rest_route=%2Fwp%2Fv2%2Fproduct_cat&post=4454"},{"taxonomy":"product_tag","embeddable":true,"href":"https:\/\/kisskerteszetwebaruhaz.hu\/index.php?rest_route=%2Fwp%2Fv2%2Fproduct_tag&post=4454"}],"curies":[{"name":"wp","href":"https:\/\/api.w.org\/{rel}","templated":true}]}}