{"id":4450,"date":"2025-08-30T15:29:16","date_gmt":"2025-08-30T15:29:16","guid":{"rendered":"https:\/\/kisskerteszetwebaruhaz.hu\/?post_type=product&#038;p=4450"},"modified":"2026-02-27T15:28:02","modified_gmt":"2026-02-27T15:28:02","slug":"oszlopos-leylandi-cupressocyparis-leylandii-2001-k18_175-200-cm","status":"publish","type":"product","link":"https:\/\/kisskerteszetwebaruhaz.hu\/?product=oszlopos-leylandi-cupressocyparis-leylandii-2001-k18_175-200-cm","title":{"rendered":"Cupressocyparis leylandii \u20182001\u2019- Oszlopos Leylandi K18_175\/200 cm"},"content":{"rendered":"<p>Magas n\u00f6veked\u00e9s\u0171 d\u00edszn\u00f6v\u00e9ny, \u00f6nmag\u00e1ban sz\u00e9les, k\u00fap form\u00e1ban fejl\u0151d\u0151 fa.<\/p>\n<p>Gyors n\u00f6veked\u00e9s jellemzi, k\u00e9pes 1 \u00e9v alatt ak\u00e1r 80-100 cm is n\u0151ni. Magass\u00e1ga a 10-15 m is el\u00e9rheti. N\u00e9pszer\u0171s\u00e9g\u00e9t annak a j\u00f3 tulajdons\u00e1g\u00e1nak k\u00f6sz\u00f6nheti, hogy gyorsan, s\u0171r\u0171, \u00e1tl\u00e1thatatlan s\u00f6v\u00e9nyt k\u00e9pezhet\u00fcnk bel\u0151le. A v\u00e1rosi kl\u00edm\u00e1t, \u00e9s a sz\u00e1razs\u00e1got is j\u00f3l t\u0171ri, talajjal szemben nem v\u00e1logat.\u00a0 Term\u00e9szetesen a t\u00e1panyag d\u00fas, nedves talajon h\u00e1l\u00e1sabban fejl\u0151dik. Teljesen t\u00e9l\u00e1ll\u00f3.<\/p>\n<p>A metsz\u00e9st j\u00f3l t\u0171ri. \u00c9venk\u00e9nt 2-3 ny\u00edr\u00e1ssal t\u00f6m\u00f6r, \u00e1tl\u00e1thatatlan s\u00f6v\u00e9nyt k\u00e9sz\u00edthet\u00fcnk bel\u0151le. Rendszeres ny\u00edr\u00e1ssal ak\u00e1r alacsonyan is tarthat\u00f3. Javasolt metsz\u00e9s\u00e9t m\u00e1rciusra, vagy \u00e1prilisra id\u0151z\u00edteni.<\/p>\n<p>&nbsp;<\/p>\n","protected":false},"excerpt":{"rendered":"<p>Gyorsan n\u00f6v\u0151, m\u00e9lyz\u00f6ld sz\u00edn\u0171, nagyon ellen\u00e1ll\u00f3 \u00f6r\u00f6kz\u00f6ld.<\/p>\n<p>Oszlopos megjelen\u00e9s\u0171, valamivel keskenyebb, mint az alapfaj<\/p>\n<p>Kiv\u00e1l\u00f3 s\u00f6v\u00e9nyn\u00f6v\u00e9ny, de szoliternek is alkalmas.<\/p>\n<p>B\u00e1rmely talajban j\u00f3l fejl\u0151dik, j\u00f3l b\u00edrja a sz\u00e1razs\u00e1got, de a nedvesebb talajban gyorsabban,\u00e9s er\u0151teljesebben n\u00f6vekszik.<\/p>\n<p>Teljesen t\u00e9l\u00e1ll\u00f3.<\/p>\n<p>El\u00e9rhet\u0151: K18 literes kont\u00e9nerben, 175\/200 cm magass\u00e1gban.<\/p>\n<p> <a class=\"more-link\" href=\"https:\/\/kisskerteszetwebaruhaz.hu\/?product=oszlopos-leylandi-cupressocyparis-leylandii-2001-k18_175-200-cm\">B\u0151vebben<\/a><\/p>","protected":false},"featured_media":4451,"comment_status":"open","ping_status":"closed","template":"","meta":[],"product_brand":[],"product_cat":[20],"product_tag":[],"class_list":{"0":"post-4450","1":"product","2":"type-product","3":"status-publish","4":"has-post-thumbnail","6":"product_cat-orokzoldek","8":"first","9":"instock","10":"shipping-taxable","11":"purchasable","12":"product-type-simple"},"_links":{"self":[{"href":"https:\/\/kisskerteszetwebaruhaz.hu\/index.php?rest_route=\/wp\/v2\/product\/4450","targetHints":{"allow":["GET"]}}],"collection":[{"href":"https:\/\/kisskerteszetwebaruhaz.hu\/index.php?rest_route=\/wp\/v2\/product"}],"about":[{"href":"https:\/\/kisskerteszetwebaruhaz.hu\/index.php?rest_route=\/wp\/v2\/types\/product"}],"replies":[{"embeddable":true,"href":"https:\/\/kisskerteszetwebaruhaz.hu\/index.php?rest_route=%2Fwp%2Fv2%2Fcomments&post=4450"}],"wp:featuredmedia":[{"embeddable":true,"href":"https:\/\/kisskerteszetwebaruhaz.hu\/index.php?rest_route=\/wp\/v2\/media\/4451"}],"wp:attachment":[{"href":"https:\/\/kisskerteszetwebaruhaz.hu\/index.php?rest_route=%2Fwp%2Fv2%2Fmedia&parent=4450"}],"wp:term":[{"taxonomy":"product_brand","embeddable":true,"href":"https:\/\/kisskerteszetwebaruhaz.hu\/index.php?rest_route=%2Fwp%2Fv2%2Fproduct_brand&post=4450"},{"taxonomy":"product_cat","embeddable":true,"href":"https:\/\/kisskerteszetwebaruhaz.hu\/index.php?rest_route=%2Fwp%2Fv2%2Fproduct_cat&post=4450"},{"taxonomy":"product_tag","embeddable":true,"href":"https:\/\/kisskerteszetwebaruhaz.hu\/index.php?rest_route=%2Fwp%2Fv2%2Fproduct_tag&post=4450"}],"curies":[{"name":"wp","href":"https:\/\/api.w.org\/{rel}","templated":true}]}}