{"id":4146,"date":"2025-04-08T09:04:12","date_gmt":"2025-04-08T09:04:12","guid":{"rendered":"https:\/\/kisskerteszetwebaruhaz.hu\/?post_type=product&#038;p=4146"},"modified":"2026-02-27T09:04:27","modified_gmt":"2026-02-27T09:04:27","slug":"magnolia-kobus-feher-viragu-liliomfa","status":"publish","type":"product","link":"https:\/\/kisskerteszetwebaruhaz.hu\/?product=magnolia-kobus-feher-viragu-liliomfa","title":{"rendered":"Magnolia Kobus &#8211; Feh\u00e9r vir\u00e1g\u00fa liliomfa"},"content":{"rendered":"","protected":false},"excerpt":{"rendered":"<p><strong>N\u00f6veked\u00e9s, alak:<\/strong>\u00a0 8-10 m\u00e9ter magass\u00e1got el\u00e9r\u0151, lombhullat\u00f3 d\u00edszcserje<\/p>\n<p><strong>Lev\u00e9l, Vir\u00e1g:<\/strong> leveleit vir\u00e1gz\u00e1s ut\u00e1n hozza, vir\u00e1gzata feh\u00e9r sz\u00edn\u0171, \u00e1prilis-m\u00e1jusban hozza vir\u00e1gait<\/p>\n<p><strong>Ig\u00e9ny:\u00a0<\/strong>Napos,f\u00e9l\u00e1rny\u00e9kos hely, savany\u00fa talaj<\/p>\n<p><strong>El\u00e9rhet\u0151:<\/strong> K50 literes kont\u00e9nerben, 200\/225 cm magass\u00e1gban<\/p>\n<p> <a class=\"more-link\" href=\"https:\/\/kisskerteszetwebaruhaz.hu\/?product=magnolia-kobus-feher-viragu-liliomfa\">B\u0151vebben<\/a><\/p>","protected":false},"featured_media":4147,"comment_status":"open","ping_status":"closed","template":"","meta":[],"product_brand":[],"product_cat":[38],"product_tag":[],"class_list":{"0":"post-4146","1":"product","2":"type-product","3":"status-publish","4":"has-post-thumbnail","6":"product_cat-cserjek","8":"first","9":"instock","10":"shipping-taxable","11":"purchasable","12":"product-type-simple"},"_links":{"self":[{"href":"https:\/\/kisskerteszetwebaruhaz.hu\/index.php?rest_route=\/wp\/v2\/product\/4146","targetHints":{"allow":["GET"]}}],"collection":[{"href":"https:\/\/kisskerteszetwebaruhaz.hu\/index.php?rest_route=\/wp\/v2\/product"}],"about":[{"href":"https:\/\/kisskerteszetwebaruhaz.hu\/index.php?rest_route=\/wp\/v2\/types\/product"}],"replies":[{"embeddable":true,"href":"https:\/\/kisskerteszetwebaruhaz.hu\/index.php?rest_route=%2Fwp%2Fv2%2Fcomments&post=4146"}],"wp:featuredmedia":[{"embeddable":true,"href":"https:\/\/kisskerteszetwebaruhaz.hu\/index.php?rest_route=\/wp\/v2\/media\/4147"}],"wp:attachment":[{"href":"https:\/\/kisskerteszetwebaruhaz.hu\/index.php?rest_route=%2Fwp%2Fv2%2Fmedia&parent=4146"}],"wp:term":[{"taxonomy":"product_brand","embeddable":true,"href":"https:\/\/kisskerteszetwebaruhaz.hu\/index.php?rest_route=%2Fwp%2Fv2%2Fproduct_brand&post=4146"},{"taxonomy":"product_cat","embeddable":true,"href":"https:\/\/kisskerteszetwebaruhaz.hu\/index.php?rest_route=%2Fwp%2Fv2%2Fproduct_cat&post=4146"},{"taxonomy":"product_tag","embeddable":true,"href":"https:\/\/kisskerteszetwebaruhaz.hu\/index.php?rest_route=%2Fwp%2Fv2%2Fproduct_tag&post=4146"}],"curies":[{"name":"wp","href":"https:\/\/api.w.org\/{rel}","templated":true}]}}