{"id":3874,"date":"2025-02-27T10:31:17","date_gmt":"2025-02-27T10:31:17","guid":{"rendered":"https:\/\/kisskerteszetwebaruhaz.hu\/?post_type=product&#038;p=3874"},"modified":"2026-03-29T15:49:40","modified_gmt":"2026-03-29T15:49:40","slug":"liquidambar-styraciflua-amerikai-ambrafa","status":"publish","type":"product","link":"https:\/\/kisskerteszetwebaruhaz.hu\/?product=liquidambar-styraciflua-amerikai-ambrafa","title":{"rendered":"Liquidambar styraciflua-Amerikai \u00e1mbrafa K10 200\/225cm"},"content":{"rendered":"","protected":false},"excerpt":{"rendered":"<p>15-20 m\u00e9ter magass\u00e1got el\u00e9r\u0151, lombhullat\u00f3 d\u00edszfa<\/p>\n<p>Vir\u00e1gait m\u00e1jusban hozza,<\/p>\n<p>Laza szerkezet\u0171, j\u00f3 v\u00edzelvezet\u00e9s\u0171, t\u00e1panyagban gazdag, enyh\u00e9n savany\u00fa talajban fejl\u0151dik megfelel\u0151en, ker\u00fclj\u00fck a meszes talajt.<\/p>\n<p>Napos helyre \u00fcltess\u00fck.<\/p>\n<p>\u0150szi lombsz\u00edne l\u00e1tv\u00e1nyos.<\/p>\n<p><strong>El\u00e9rhet\u0151:<\/strong> K10 literes kont\u00e9nerben, 200\/225 cm magass\u00e1gban.<\/p>\n<p> <a class=\"more-link\" href=\"https:\/\/kisskerteszetwebaruhaz.hu\/?product=liquidambar-styraciflua-amerikai-ambrafa\">B\u0151vebben<\/a><\/p>","protected":false},"featured_media":3875,"comment_status":"open","ping_status":"closed","template":"","meta":[],"product_brand":[],"product_cat":[21],"product_tag":[],"class_list":{"0":"post-3874","1":"product","2":"type-product","3":"status-publish","4":"has-post-thumbnail","6":"product_cat-fak","8":"first","9":"outofstock","10":"shipping-taxable","11":"purchasable","12":"product-type-simple"},"_links":{"self":[{"href":"https:\/\/kisskerteszetwebaruhaz.hu\/index.php?rest_route=\/wp\/v2\/product\/3874","targetHints":{"allow":["GET"]}}],"collection":[{"href":"https:\/\/kisskerteszetwebaruhaz.hu\/index.php?rest_route=\/wp\/v2\/product"}],"about":[{"href":"https:\/\/kisskerteszetwebaruhaz.hu\/index.php?rest_route=\/wp\/v2\/types\/product"}],"replies":[{"embeddable":true,"href":"https:\/\/kisskerteszetwebaruhaz.hu\/index.php?rest_route=%2Fwp%2Fv2%2Fcomments&post=3874"}],"wp:featuredmedia":[{"embeddable":true,"href":"https:\/\/kisskerteszetwebaruhaz.hu\/index.php?rest_route=\/wp\/v2\/media\/3875"}],"wp:attachment":[{"href":"https:\/\/kisskerteszetwebaruhaz.hu\/index.php?rest_route=%2Fwp%2Fv2%2Fmedia&parent=3874"}],"wp:term":[{"taxonomy":"product_brand","embeddable":true,"href":"https:\/\/kisskerteszetwebaruhaz.hu\/index.php?rest_route=%2Fwp%2Fv2%2Fproduct_brand&post=3874"},{"taxonomy":"product_cat","embeddable":true,"href":"https:\/\/kisskerteszetwebaruhaz.hu\/index.php?rest_route=%2Fwp%2Fv2%2Fproduct_cat&post=3874"},{"taxonomy":"product_tag","embeddable":true,"href":"https:\/\/kisskerteszetwebaruhaz.hu\/index.php?rest_route=%2Fwp%2Fv2%2Fproduct_tag&post=3874"}],"curies":[{"name":"wp","href":"https:\/\/api.w.org\/{rel}","templated":true}]}}