{"id":3825,"date":"2025-02-19T08:34:10","date_gmt":"2025-02-19T08:34:10","guid":{"rendered":"https:\/\/kisskerteszetwebaruhaz.hu\/?post_type=product&#038;p=3825"},"modified":"2025-09-06T21:07:17","modified_gmt":"2025-09-06T21:07:17","slug":"chilei-fenyo-araucaria-araucana-80cm","status":"publish","type":"product","link":"https:\/\/kisskerteszetwebaruhaz.hu\/?product=chilei-fenyo-araucaria-araucana-80cm","title":{"rendered":"Chilei feny\u0151-Araucaria araucana 105\/110 cm"},"content":{"rendered":"","protected":false},"excerpt":{"rendered":"<p>D\u00e9l-Amerik\u00e1ban \u00e9s Ausztr\u00e1li\u00e1ban \u0151shonos feny\u0151. B\u0151rszer\u0171 sz\u00far\u00f3s levelei \u00f6rv\u00f6sen helyezkednek el az \u00e1gakon.<\/p>\n<p>Lass\u00fa n\u00f6veked\u00e9s\u0171 \u00f6r\u00f6kz\u00f6ld.<\/p>\n<p><span class=\"product-desc\">Napos, f\u00e9l\u00e1rny\u00e9kos helyet, k\u00f6zepesen t\u00e1panyag-d\u00fas, j\u00f3 v\u00edz\u00e1tereszt\u0151 k\u00e9pess\u00e9g\u0171 talajt ig\u00e9nyel. Kedveli a savas k\u00e9mhat\u00e1s\u00fa k\u00f6zeget.<br \/>\n<\/span><\/p>\n<p>Fiatal kor\u00e1ban \u00f3vni kell a fagyokt\u00f3l.<\/p>\n<p>El\u00e9rhet\u0151: kont\u00e9nerben, 105\/110 cm magass\u00e1gban<\/p>\n<p> <a class=\"more-link\" href=\"https:\/\/kisskerteszetwebaruhaz.hu\/?product=chilei-fenyo-araucaria-araucana-80cm\">B\u0151vebben<\/a><\/p>","protected":false},"featured_media":4506,"comment_status":"open","ping_status":"closed","template":"","meta":[],"product_brand":[],"product_cat":[23,20],"product_tag":[],"class_list":{"0":"post-3825","1":"product","2":"type-product","3":"status-publish","4":"has-post-thumbnail","6":"product_cat-mediterran-novenyek","7":"product_cat-orokzoldek","9":"first","10":"instock","11":"shipping-taxable","12":"purchasable","13":"product-type-simple"},"_links":{"self":[{"href":"https:\/\/kisskerteszetwebaruhaz.hu\/index.php?rest_route=\/wp\/v2\/product\/3825","targetHints":{"allow":["GET"]}}],"collection":[{"href":"https:\/\/kisskerteszetwebaruhaz.hu\/index.php?rest_route=\/wp\/v2\/product"}],"about":[{"href":"https:\/\/kisskerteszetwebaruhaz.hu\/index.php?rest_route=\/wp\/v2\/types\/product"}],"replies":[{"embeddable":true,"href":"https:\/\/kisskerteszetwebaruhaz.hu\/index.php?rest_route=%2Fwp%2Fv2%2Fcomments&post=3825"}],"wp:featuredmedia":[{"embeddable":true,"href":"https:\/\/kisskerteszetwebaruhaz.hu\/index.php?rest_route=\/wp\/v2\/media\/4506"}],"wp:attachment":[{"href":"https:\/\/kisskerteszetwebaruhaz.hu\/index.php?rest_route=%2Fwp%2Fv2%2Fmedia&parent=3825"}],"wp:term":[{"taxonomy":"product_brand","embeddable":true,"href":"https:\/\/kisskerteszetwebaruhaz.hu\/index.php?rest_route=%2Fwp%2Fv2%2Fproduct_brand&post=3825"},{"taxonomy":"product_cat","embeddable":true,"href":"https:\/\/kisskerteszetwebaruhaz.hu\/index.php?rest_route=%2Fwp%2Fv2%2Fproduct_cat&post=3825"},{"taxonomy":"product_tag","embeddable":true,"href":"https:\/\/kisskerteszetwebaruhaz.hu\/index.php?rest_route=%2Fwp%2Fv2%2Fproduct_tag&post=3825"}],"curies":[{"name":"wp","href":"https:\/\/api.w.org\/{rel}","templated":true}]}}