{"id":3638,"date":"2024-10-17T09:45:49","date_gmt":"2024-10-17T09:45:49","guid":{"rendered":"https:\/\/kisskerteszetwebaruhaz.hu\/?post_type=product&#038;p=3638"},"modified":"2025-10-17T08:55:26","modified_gmt":"2025-10-17T08:55:26","slug":"korte-conference-gyokercsomagolt","status":"publish","type":"product","link":"https:\/\/kisskerteszetwebaruhaz.hu\/?product=korte-conference-gyokercsomagolt","title":{"rendered":"K\u00f6rte-Conference-Gy\u00f6k\u00e9rcsomagolt"},"content":{"rendered":"<p>Gy\u00f6k\u00e9rcsomagolt term\u00e9k:<\/p>\n<p>A gy\u00f6k\u00e9rcsomagolt n\u00f6v\u00e9nyeket (gy\u00fcm\u00f6lcsfa oltv\u00e1nyok) okt\u00f3ber k\u00f6zep\u00e9t\u0151l lehet \u00fcltetni, a fagyok \u00e9rkez\u00e9s\u00e9ig, vagy tavasszal a fagyok elm\u00falt\u00e1val.(Hasonl\u00f3an a f\u00f6ldlabd\u00e1s n\u00f6v\u00e9nyek \u00fcltet\u00e9si idej\u00e9hez)<\/p>\n<p>A n\u00f6v\u00e9ny gy\u00f6ker\u00e9t ki kell bontani a csomagol\u00e1sb\u00f3l, a f\u0171r\u00e9szport alaposan le kell r\u00e1zni a gy\u00f6k\u00e9rzetr\u0151l, majd 1 cm vissza kell v\u00e1gni a gy\u00f6k\u00e9rb\u0151l. Ezut\u00e1n kezd\u0151dhet az \u00fcltet\u00e9s. A talajt alaposan laz\u00edtsuk fel, hogy a gy\u00f6kerek k\u00f6nnyen haladhassanak a talajban, a g\u00f6d\u00f6r alj\u00e1ba tegy\u00fcnk szerves tr\u00e1gy\u00e1t, vagy humusztr\u00e1gy\u00e1t, erre tegy\u00fck a t\u00e1pd\u00fas term\u0151f\u00f6ldet. Miut\u00e1n a n\u00f6v\u00e9nyt elhelyezt\u00fck a g\u00f6d\u00f6rben, \u00f3vatosan t\u00f6m\u00f6r\u00edts\u00fck a f\u00f6ldet, hogy a gy\u00f6k\u00e9rzet ne s\u00e9r\u00fclj\u00f6n. Alaposan \u00f6nt\u00f6zz\u00fck meg. C\u00e9lszer\u0171 a gy\u00fcm\u00f6lcsf\u00e1kat kikar\u00f3zni, am\u00edg nem gy\u00f6keresednek be. Fontos, hogy az olt\u00e1s a f\u00f6ld felsz\u00edne felett maradjon. Fontos, hogy \u00fcltet\u00e9s ut\u00e1n alaposan, \u00e9s rendszeresen \u00f6nt\u00f6zz\u00fck \u00faj n\u00f6v\u00e9ny\u00fcnket, mivel gy\u00f6kereinek k\u00f6r\u00fclbel\u00fcl 1 \u00e9v sz\u00fcks\u00e9ges ahhoz, hogy a talaj m\u00e9lyebb r\u00e9tegeibe \u00e9rjen.<\/p>\n<p>A k\u00e9pen l\u00e1that\u00f3 n\u00f6v\u00e9nyek t\u00e1j\u00e9koztat\u00f3 jelleg\u0171ek. Amennyiben nem biztos abban, hogy n\u00e9z ki az adott n\u00f6v\u00e9ny, vagy szeretn\u00e9 l\u00e1tni a kiv\u00e1lasztott n\u00f6v\u00e9nyt jelenlegi \u00e1llapot\u00e1ban \u00edrjon nek\u00fcnk \u00e9s k\u00fcld\u00fcnk k\u00e9pet a n\u00f6v\u00e9nyr\u0151l.<\/p>\n","protected":false},"excerpt":{"rendered":"<p>&nbsp;<\/p>\n<p><strong>\u00c9r\u00e9si id\u0151:<\/strong> szeptember eleje<\/p>\n<p><strong>Gy\u00fcm\u00f6lcse:<\/strong> nagy, hossz\u00fak\u00e1s k\u00f6rte alak\u00fa, z\u00f6ldes-s\u00e1rga,foltosan rozsdam\u00e1zas, h\u00fasa zamatos,arom\u00e1s<\/p>\n<p><strong>Term\u0151k\u00e9pess\u00e9ge<\/strong>: porz\u00f3p\u00e1r javasolt: Clapp kedveltje, Vilmos,Piros Vilmos,Bosc kobak, Packham&#8217;s Triumph,f\u00e1ja k\u00f6z\u00e9per\u0151s n\u00f6veked\u00e9s\u0171, term\u0151re fordul\u00e1sa ut\u00e1n b\u0151ven terem<\/p>\n<p>Gy\u00f6k\u00e9rcsomagolt term\u00e9k.<\/p>\n<p> <a class=\"more-link\" href=\"https:\/\/kisskerteszetwebaruhaz.hu\/?product=korte-conference-gyokercsomagolt\">B\u0151vebben<\/a><\/p>","protected":false},"featured_media":1380,"comment_status":"open","ping_status":"closed","template":"","meta":[],"product_brand":[],"product_cat":[30,26],"product_tag":[],"class_list":{"0":"post-3638","1":"product","2":"type-product","3":"status-publish","4":"has-post-thumbnail","6":"product_cat-gyumolcsfak","7":"product_cat-gyumolcsfak-bogyosok","9":"first","10":"instock","11":"shipping-taxable","12":"purchasable","13":"product-type-simple"},"_links":{"self":[{"href":"https:\/\/kisskerteszetwebaruhaz.hu\/index.php?rest_route=\/wp\/v2\/product\/3638","targetHints":{"allow":["GET"]}}],"collection":[{"href":"https:\/\/kisskerteszetwebaruhaz.hu\/index.php?rest_route=\/wp\/v2\/product"}],"about":[{"href":"https:\/\/kisskerteszetwebaruhaz.hu\/index.php?rest_route=\/wp\/v2\/types\/product"}],"replies":[{"embeddable":true,"href":"https:\/\/kisskerteszetwebaruhaz.hu\/index.php?rest_route=%2Fwp%2Fv2%2Fcomments&post=3638"}],"wp:featuredmedia":[{"embeddable":true,"href":"https:\/\/kisskerteszetwebaruhaz.hu\/index.php?rest_route=\/wp\/v2\/media\/1380"}],"wp:attachment":[{"href":"https:\/\/kisskerteszetwebaruhaz.hu\/index.php?rest_route=%2Fwp%2Fv2%2Fmedia&parent=3638"}],"wp:term":[{"taxonomy":"product_brand","embeddable":true,"href":"https:\/\/kisskerteszetwebaruhaz.hu\/index.php?rest_route=%2Fwp%2Fv2%2Fproduct_brand&post=3638"},{"taxonomy":"product_cat","embeddable":true,"href":"https:\/\/kisskerteszetwebaruhaz.hu\/index.php?rest_route=%2Fwp%2Fv2%2Fproduct_cat&post=3638"},{"taxonomy":"product_tag","embeddable":true,"href":"https:\/\/kisskerteszetwebaruhaz.hu\/index.php?rest_route=%2Fwp%2Fv2%2Fproduct_tag&post=3638"}],"curies":[{"name":"wp","href":"https:\/\/api.w.org\/{rel}","templated":true}]}}