{"id":3523,"date":"2024-09-16T16:06:41","date_gmt":"2024-09-16T16:06:41","guid":{"rendered":"https:\/\/kisskerteszetwebaruhaz.hu\/?post_type=product&#038;p=3523"},"modified":"2025-06-14T08:44:43","modified_gmt":"2025-06-14T08:44:43","slug":"gomb-viragos-koris-fraxinus-ornus-mecsekszabadgyokeres","status":"publish","type":"product","link":"https:\/\/kisskerteszetwebaruhaz.hu\/?product=gomb-viragos-koris-fraxinus-ornus-mecsekszabadgyokeres","title":{"rendered":"G\u00f6mb vir\u00e1gos k\u0151ris &#8211; &#8222;Fraxinus ornus Mecsek&#8221; K25"},"content":{"rendered":"<p>A g\u00f6mb vir\u00e1gos k\u0151ris k\u00f6r\u00fclbel\u00fcl 4-6 m magass\u00e1got el\u00e9r\u0151 d\u00edszfa. Tavasszal bontja vir\u00e1gait. Helyig\u00e9nye viszonylag kicsi. Ha azt szeretn\u00e9nk, hogy ne n\u0151j\u00f6n t\u00fal nagyra, koron\u00e1j\u00e1t p\u00e1r \u00e9vente radik\u00e1lis v\u00e1gjuk vissza. Strapab\u00edr\u00f3.<\/p>\n<p>T\u00e9l\u00e1ll\u00f3 \u00e9s ellen\u00e1ll\u00f3 fajta.<\/p>\n<p>&nbsp;<\/p>\n","protected":false},"excerpt":{"rendered":"<p><strong>N\u00f6veked\u00e9s, Alak:<\/strong> 4-6 m magas, s\u0171r\u0171n \u00e1gas, szab\u00e1lyos g\u00f6mbkoron\u00e1j\u00fa, lass\u00fa n\u00f6veked\u00e9s\u0171 lombhullat\u00f3 fa<\/p>\n<p><strong>Lev\u00e9l<\/strong>: f\u00e9nyes, k\u00f6z\u00e9pz\u00f6ld, \u0151sszel s\u00e1rga-iboly\u00e1sv\u00f6r\u00f6s, lombj\u00e1t novemberig megtartja<\/p>\n<p><strong>Vir\u00e1g<\/strong>: kr\u00e9mfeh\u00e9r, \u00e9desk\u00e9s illat\u00fa, m\u00e1jusban ny\u00edlik<\/p>\n<p><strong>Ig\u00e9ny<\/strong>: j\u00f3 v\u00edz\u00e1tereszt\u0151, laza talaj, napos, meleg hely, v\u00e1rost\u0171r\u0151, metszhet\u0151<\/p>\n<p><strong>Felhaszn\u00e1l\u00e1s:<\/strong> kis helyig\u00e9nye miatt kedvelt utcai sorfa, parkfa<\/p>\n<p>El\u00e9rhet\u0151:<\/p>\n<p>K25 literes kont\u00e9nerben, T\u00f6rzsmagass\u00e1g: 220 cm, T\u00f6rzsm\u00e9ret 8\/10<\/p>\n<p> <a class=\"more-link\" href=\"https:\/\/kisskerteszetwebaruhaz.hu\/?product=gomb-viragos-koris-fraxinus-ornus-mecsekszabadgyokeres\">B\u0151vebben<\/a><\/p>","protected":false},"featured_media":1008,"comment_status":"open","ping_status":"closed","template":"","meta":[],"product_brand":[],"product_cat":[21],"product_tag":[],"class_list":{"0":"post-3523","1":"product","2":"type-product","3":"status-publish","4":"has-post-thumbnail","6":"product_cat-fak","8":"first","9":"instock","10":"shipping-taxable","11":"purchasable","12":"product-type-simple"},"_links":{"self":[{"href":"https:\/\/kisskerteszetwebaruhaz.hu\/index.php?rest_route=\/wp\/v2\/product\/3523","targetHints":{"allow":["GET"]}}],"collection":[{"href":"https:\/\/kisskerteszetwebaruhaz.hu\/index.php?rest_route=\/wp\/v2\/product"}],"about":[{"href":"https:\/\/kisskerteszetwebaruhaz.hu\/index.php?rest_route=\/wp\/v2\/types\/product"}],"replies":[{"embeddable":true,"href":"https:\/\/kisskerteszetwebaruhaz.hu\/index.php?rest_route=%2Fwp%2Fv2%2Fcomments&post=3523"}],"wp:featuredmedia":[{"embeddable":true,"href":"https:\/\/kisskerteszetwebaruhaz.hu\/index.php?rest_route=\/wp\/v2\/media\/1008"}],"wp:attachment":[{"href":"https:\/\/kisskerteszetwebaruhaz.hu\/index.php?rest_route=%2Fwp%2Fv2%2Fmedia&parent=3523"}],"wp:term":[{"taxonomy":"product_brand","embeddable":true,"href":"https:\/\/kisskerteszetwebaruhaz.hu\/index.php?rest_route=%2Fwp%2Fv2%2Fproduct_brand&post=3523"},{"taxonomy":"product_cat","embeddable":true,"href":"https:\/\/kisskerteszetwebaruhaz.hu\/index.php?rest_route=%2Fwp%2Fv2%2Fproduct_cat&post=3523"},{"taxonomy":"product_tag","embeddable":true,"href":"https:\/\/kisskerteszetwebaruhaz.hu\/index.php?rest_route=%2Fwp%2Fv2%2Fproduct_tag&post=3523"}],"curies":[{"name":"wp","href":"https:\/\/api.w.org\/{rel}","templated":true}]}}