{"id":3522,"date":"2024-09-16T15:55:10","date_gmt":"2024-09-16T15:55:10","guid":{"rendered":"https:\/\/kisskerteszetwebaruhaz.hu\/?post_type=product&#038;p=3522"},"modified":"2026-04-03T07:01:11","modified_gmt":"2026-04-03T07:01:11","slug":"gomb-szivarfa-catalpa-bignoniodes-nanaszabadgyokeru","status":"publish","type":"product","link":"https:\/\/kisskerteszetwebaruhaz.hu\/?product=gomb-szivarfa-catalpa-bignoniodes-nanaszabadgyokeru","title":{"rendered":"G\u00f6mb szivarfa &#8211; Catalpa bignoniodes &#8222;Nana&#8221; T\u00f6rzsmagass\u00e1g: 220cm"},"content":{"rendered":"<p><strong>Jellemz\u0151i:<\/strong> A magas t\u00f6rzsre oltott g\u00f6mbf\u00e1k kedvelt fajt\u00e1ja, mely nagy leveleivel, sz\u00e9p alakj\u00e1val a kert d\u00edsze lehet.Mivel sem vir\u00e1ggal, sem term\u00e9ssel nem rendelkezik, a pollenre \u00e9rz\u00e9kenyek ide\u00e1lis v\u00e1laszt\u00e1sa lehet. Magass\u00e1ga 4-6 m is el\u00e9ri,lomkoron\u00e1ja lap\u00edtott g\u00f6mb, vagy erny\u0151 alak\u00fa. Levele sz\u00edv alak\u00fa, \u00fcdez\u00f6ld, \u0151sszel vil\u00e1goss\u00e1rga. Lombhullat\u00f3 fa. Vir\u00e1ga nincs. Szeles helyre nem aj\u00e1nlott a telep\u00edt\u00e9se, mert leveleit a sz\u00e9l megt\u00e9pi. A g\u00f6mbszivarfa sz\u00e9lesk\u00f6r\u0171en felhaszn\u00e1lhat\u00f3 ak\u00e1r utc\u00e1k f\u00e1s\u00edt\u00e1s\u00e1ra, szoliterk\u00e9nt, parkokban, l\u00e9gvezet\u00e9kek al\u00e1 sorf\u00e1nak.<\/p>\n<p><strong>Term\u0151hely ig\u00e9ny:<\/strong><\/p>\n<p>A g\u00f6mbszivarfa egy igen toler\u00e1ns, nem t\u00fal ig\u00e9nyes d\u00edszn\u00f6v\u00e9ny. Talajra nem ig\u00e9nyes, viszont a t\u00e1panyag d\u00fas, laza talajban gyorsabban n\u00f6vekszik. J\u00f3 sz\u00e1razs\u00e1gt\u0171r\u0151, DE! az els\u0151 \u00e9vben b\u0151s\u00e9gesen \u00f6nt\u00f6zz\u00fck.<\/p>\n<p>T\u00e9l\u00e1ll\u00f3 \u00e9s ellen\u00e1ll\u00f3 fajta, \u00e9ghajlatunkat j\u00f3l viseli.<\/p>\n<p>Metsz\u00e9st komolyabba nem ig\u00e9nyel, de c\u00e9lszer\u0171 2-3 \u00e9vente alak\u00edt\u00f3 metsz\u00e9st alkalmazni a d\u00fasabb, form\u00e1sabb korona \u00e9rdek\u00e9ben. Id\u0151sebb kor\u00e1bban ak\u00e1r ritk\u00edt\u00e1st, er\u0151teljesebb visszametsz\u00e9st is v\u00e9gezhet\u00fcnk.<\/p>\n<p><strong>\u00dcltet\u00e9s:<\/strong><\/p>\n<p>Kont\u00e9neres n\u00f6v\u00e9ny \u00fcltet\u00e9se: Kont\u00e9neres n\u00f6v\u00e9nyt az \u00e9v b\u00e1rmely szak\u00e1ban telep\u00edthet\u00fcnk, amikor fagymentes a talaj. K\u00f6zel 2-szer, 3-szor akkora \u00fcltet\u0151g\u00f6dr\u00f6t \u00e1ssunk ki, mint amekkora kont\u00e9nerben volt a n\u00f6v\u00e9ny\u00fcnk. A g\u00f6d\u00f6r alj\u00e1ra tegy\u00fcnk humusztr\u00e1gy\u00e1t, vagy szerves tr\u00e1gy\u00e1t, majd erre ter\u00edts\u00fcnk t\u00e1pd\u00fas term\u0151f\u00f6ldet. Ha nagyon rossz a talaj, k\u00e9sz\u00edts\u00fcnk nagyobb g\u00f6dr\u00f6t, \u00e9s haszn\u00e1ljunk j\u00f3 min\u0151s\u00e9g\u0171 term\u0151, vagy vir\u00e1gf\u00f6ldet.<\/p>\n<p>Vegy\u00fck ki a n\u00f6v\u00e9nyt az ed\u00e9nyb\u0151l \u00e9s \u00fcltess\u00fck el, olyan m\u00e9lyen, amilyen m\u00e9lyen a cser\u00e9pben volt, majd t\u00f6m\u00f6r\u00edts\u00fck a f\u00f6ldet, \u00f3vatosan, hogy a gy\u00f6k\u00e9rzet ne s\u00e9r\u00fclj\u00f6n meg. V\u00e9g\u00fcl alaposan \u00f6nt\u00f6zz\u00fck meg.<\/p>\n<p>\u00dcltet\u00e9s ut\u00e1n a n\u00f6v\u00e9nyn\u00e9l alkalmazhatunk takar\u00e1st feny\u0151 mulcs-al, ezzel g\u00e1tolva a gyomosod\u00e1st.<\/p>\n<p>A nagyobb m\u00e9ret\u0171 n\u00f6v\u00e9nyeket, f\u00e1kat kar\u00f3zzuk ki, am\u00edg nem gy\u00f6keresednek be.<\/p>\n<p>A k\u00e9pen l\u00e1that\u00f3 n\u00f6v\u00e9nyek t\u00e1j\u00e9koztat\u00f3 jelleg\u0171ek. Amennyiben nem biztos abban, hogy n\u00e9z ki az adott n\u00f6v\u00e9ny, vagy szeretn\u00e9 l\u00e1tni a kiv\u00e1lasztott n\u00f6v\u00e9nyt jelenlegi \u00e1llapot\u00e1ban \u00edrjon nek\u00fcnk \u00e9s k\u00fcld\u00fcnk k\u00e9pet a n\u00f6v\u00e9nyr\u0151l.<\/p>\n<p><em>\u00a0<\/em><\/p>\n<p>&nbsp;<\/p>\n","protected":false},"excerpt":{"rendered":"<p><strong>N\u00f6veked\u00e9s, Alak:<\/strong> 4-6 m magas, s\u0171r\u0171n \u00e1gas, lap\u00edtott g\u00f6mb, vagy erny\u0151s koron\u00e1j\u00fa, magas t\u00f6rzsre oltott d\u00edszfa<\/p>\n<p><strong>Lev\u00e9l<\/strong>: sz\u00edv alak\u00fa, \u00fcdez\u00f6ld, lombhullat\u00f3<\/p>\n<p><strong>Vir\u00e1g<\/strong>: nincs<\/p>\n<p><strong>Ig\u00e9ny<\/strong>: t\u00e1pd\u00fas talaj, sz\u00e9lv\u00e9dett hely, v\u00e1rost\u0171r\u0151<\/p>\n<p><strong>Felhaszn\u00e1l\u00e1s:<\/strong> utcafrontra vagy,kis utc\u00e1k,l\u00e9gvezet\u00e9kek alatti ter\u00fcletek f\u00e1s\u00edt\u00e1s\u00e1ra kit\u0171n\u0151, parkokba,szoliterk\u00e9nt<\/p>\n<p><strong>El\u00e9rhet\u0151:<\/strong><\/p>\n<p><strong>K35 literes kont\u00e9nerben, 220 cm-en oltott t\u00f6rzsmagass\u00e1gban,T\u00f6rzsm\u00e9ret 8\/10<\/strong><\/p>\n<p><img decoding=\"async\" class=\"alignnone wp-image-594\" src=\"https:\/\/kisskerteszetwebaruhaz.hu\/wp-content\/uploads\/2022\/07\/hideg-turo-copy.jpg\" alt=\"\" width=\"100\" height=\"100\" srcset=\"https:\/\/kisskerteszetwebaruhaz.hu\/wp-content\/uploads\/2022\/07\/hideg-turo-copy.jpg 300w, https:\/\/kisskerteszetwebaruhaz.hu\/wp-content\/uploads\/2022\/07\/hideg-turo-copy-100x100.jpg 100w, https:\/\/kisskerteszetwebaruhaz.hu\/wp-content\/uploads\/2022\/07\/hideg-turo-copy-150x150.jpg 150w\" sizes=\"(max-width: 100px) 100vw, 100px\" \/><img decoding=\"async\" class=\"alignnone wp-image-593\" src=\"https:\/\/kisskerteszetwebaruhaz.hu\/wp-content\/uploads\/2022\/07\/fagyturo-copy.jpg\" alt=\"\" width=\"100\" height=\"100\" srcset=\"https:\/\/kisskerteszetwebaruhaz.hu\/wp-content\/uploads\/2022\/07\/fagyturo-copy.jpg 300w, https:\/\/kisskerteszetwebaruhaz.hu\/wp-content\/uploads\/2022\/07\/fagyturo-copy-100x100.jpg 100w, https:\/\/kisskerteszetwebaruhaz.hu\/wp-content\/uploads\/2022\/07\/fagyturo-copy-150x150.jpg 150w\" sizes=\"(max-width: 100px) 100vw, 100px\" \/><img decoding=\"async\" class=\"alignnone wp-image-590\" src=\"https:\/\/kisskerteszetwebaruhaz.hu\/wp-content\/uploads\/2022\/07\/ultetes-napos-helyre-copy.jpg\" alt=\"\" width=\"96\" height=\"96\" srcset=\"https:\/\/kisskerteszetwebaruhaz.hu\/wp-content\/uploads\/2022\/07\/ultetes-napos-helyre-copy.jpg 300w, https:\/\/kisskerteszetwebaruhaz.hu\/wp-content\/uploads\/2022\/07\/ultetes-napos-helyre-copy-100x100.jpg 100w, https:\/\/kisskerteszetwebaruhaz.hu\/wp-content\/uploads\/2022\/07\/ultetes-napos-helyre-copy-150x150.jpg 150w\" sizes=\"(max-width: 96px) 100vw, 96px\" \/><img loading=\"lazy\" decoding=\"async\" class=\"alignnone wp-image-585\" src=\"https:\/\/kisskerteszetwebaruhaz.hu\/wp-content\/uploads\/2022\/07\/nem-vizigenyes-copy.jpg\" alt=\"\" width=\"100\" height=\"100\" srcset=\"https:\/\/kisskerteszetwebaruhaz.hu\/wp-content\/uploads\/2022\/07\/nem-vizigenyes-copy.jpg 300w, https:\/\/kisskerteszetwebaruhaz.hu\/wp-content\/uploads\/2022\/07\/nem-vizigenyes-copy-100x100.jpg 100w, https:\/\/kisskerteszetwebaruhaz.hu\/wp-content\/uploads\/2022\/07\/nem-vizigenyes-copy-150x150.jpg 150w\" sizes=\"(max-width: 100px) 100vw, 100px\" \/><\/p>\n<p> <a class=\"more-link\" href=\"https:\/\/kisskerteszetwebaruhaz.hu\/?product=gomb-szivarfa-catalpa-bignoniodes-nanaszabadgyokeru\">B\u0151vebben<\/a><\/p>","protected":false},"featured_media":1082,"comment_status":"open","ping_status":"closed","template":"","meta":[],"product_brand":[],"product_cat":[21],"product_tag":[],"class_list":{"0":"post-3522","1":"product","2":"type-product","3":"status-publish","4":"has-post-thumbnail","6":"product_cat-fak","8":"first","9":"instock","10":"shipping-taxable","11":"purchasable","12":"product-type-simple"},"_links":{"self":[{"href":"https:\/\/kisskerteszetwebaruhaz.hu\/index.php?rest_route=\/wp\/v2\/product\/3522","targetHints":{"allow":["GET"]}}],"collection":[{"href":"https:\/\/kisskerteszetwebaruhaz.hu\/index.php?rest_route=\/wp\/v2\/product"}],"about":[{"href":"https:\/\/kisskerteszetwebaruhaz.hu\/index.php?rest_route=\/wp\/v2\/types\/product"}],"replies":[{"embeddable":true,"href":"https:\/\/kisskerteszetwebaruhaz.hu\/index.php?rest_route=%2Fwp%2Fv2%2Fcomments&post=3522"}],"wp:featuredmedia":[{"embeddable":true,"href":"https:\/\/kisskerteszetwebaruhaz.hu\/index.php?rest_route=\/wp\/v2\/media\/1082"}],"wp:attachment":[{"href":"https:\/\/kisskerteszetwebaruhaz.hu\/index.php?rest_route=%2Fwp%2Fv2%2Fmedia&parent=3522"}],"wp:term":[{"taxonomy":"product_brand","embeddable":true,"href":"https:\/\/kisskerteszetwebaruhaz.hu\/index.php?rest_route=%2Fwp%2Fv2%2Fproduct_brand&post=3522"},{"taxonomy":"product_cat","embeddable":true,"href":"https:\/\/kisskerteszetwebaruhaz.hu\/index.php?rest_route=%2Fwp%2Fv2%2Fproduct_cat&post=3522"},{"taxonomy":"product_tag","embeddable":true,"href":"https:\/\/kisskerteszetwebaruhaz.hu\/index.php?rest_route=%2Fwp%2Fv2%2Fproduct_tag&post=3522"}],"curies":[{"name":"wp","href":"https:\/\/api.w.org\/{rel}","templated":true}]}}