{"id":3495,"date":"2024-09-07T20:00:45","date_gmt":"2024-09-07T20:00:45","guid":{"rendered":"https:\/\/kisskerteszetwebaruhaz.hu\/?post_type=product&#038;p=3495"},"modified":"2025-08-31T07:42:58","modified_gmt":"2025-08-31T07:42:58","slug":"babermeggy-prunus-laurocerasus-novita-magastorzson","status":"publish","type":"product","link":"https:\/\/kisskerteszetwebaruhaz.hu\/?product=babermeggy-prunus-laurocerasus-novita-magastorzson","title":{"rendered":"Bab\u00e9rmeggy-Prunus laurocerasus &#8216;Novita&#8217;-Magast\u00f6rzs\u00f6n"},"content":{"rendered":"","protected":false},"excerpt":{"rendered":"<p>Novita bab\u00e9rmeggy t\u00f6rzses v\u00e1ltozata.<\/p>\n<p>Lomblevel\u0171, dekorat\u00edv \u00f6r\u00f6kz\u00f6ld.<\/p>\n<p>T\u00f6rzsmagass\u00e1g: 60 cm<\/p>\n<p>Teljes magass\u00e1g: 100 cm<\/p>\n<p>Kont\u00e9ner: K12<\/p>\n<p> <a class=\"more-link\" href=\"https:\/\/kisskerteszetwebaruhaz.hu\/?product=babermeggy-prunus-laurocerasus-novita-magastorzson\">B\u0151vebben<\/a><\/p>","protected":false},"featured_media":3724,"comment_status":"open","ping_status":"closed","template":"","meta":[],"product_brand":[],"product_cat":[38,22,20],"product_tag":[],"class_list":{"0":"post-3495","1":"product","2":"type-product","3":"status-publish","4":"has-post-thumbnail","6":"product_cat-cserjek","7":"product_cat-formanovenyek","8":"product_cat-orokzoldek","10":"first","11":"instock","12":"shipping-taxable","13":"purchasable","14":"product-type-simple"},"_links":{"self":[{"href":"https:\/\/kisskerteszetwebaruhaz.hu\/index.php?rest_route=\/wp\/v2\/product\/3495","targetHints":{"allow":["GET"]}}],"collection":[{"href":"https:\/\/kisskerteszetwebaruhaz.hu\/index.php?rest_route=\/wp\/v2\/product"}],"about":[{"href":"https:\/\/kisskerteszetwebaruhaz.hu\/index.php?rest_route=\/wp\/v2\/types\/product"}],"replies":[{"embeddable":true,"href":"https:\/\/kisskerteszetwebaruhaz.hu\/index.php?rest_route=%2Fwp%2Fv2%2Fcomments&post=3495"}],"wp:featuredmedia":[{"embeddable":true,"href":"https:\/\/kisskerteszetwebaruhaz.hu\/index.php?rest_route=\/wp\/v2\/media\/3724"}],"wp:attachment":[{"href":"https:\/\/kisskerteszetwebaruhaz.hu\/index.php?rest_route=%2Fwp%2Fv2%2Fmedia&parent=3495"}],"wp:term":[{"taxonomy":"product_brand","embeddable":true,"href":"https:\/\/kisskerteszetwebaruhaz.hu\/index.php?rest_route=%2Fwp%2Fv2%2Fproduct_brand&post=3495"},{"taxonomy":"product_cat","embeddable":true,"href":"https:\/\/kisskerteszetwebaruhaz.hu\/index.php?rest_route=%2Fwp%2Fv2%2Fproduct_cat&post=3495"},{"taxonomy":"product_tag","embeddable":true,"href":"https:\/\/kisskerteszetwebaruhaz.hu\/index.php?rest_route=%2Fwp%2Fv2%2Fproduct_tag&post=3495"}],"curies":[{"name":"wp","href":"https:\/\/api.w.org\/{rel}","templated":true}]}}