{"id":3418,"date":"2024-09-05T11:21:27","date_gmt":"2024-09-05T11:21:27","guid":{"rendered":"https:\/\/kisskerteszetwebaruhaz.hu\/?post_type=product&#038;p=3418"},"modified":"2024-09-05T11:21:28","modified_gmt":"2024-09-05T11:21:28","slug":"mandula-tetenyi-kedvenc","status":"publish","type":"product","link":"https:\/\/kisskerteszetwebaruhaz.hu\/?product=mandula-tetenyi-kedvenc","title":{"rendered":"Mandula &#8211; T\u00e9t\u00e9nyi kedvenc"},"content":{"rendered":"","protected":false},"excerpt":{"rendered":"<p><strong>Sz\u00e1rmaz\u00e1s:<\/strong> Magyarorsz\u00e1g<\/p>\n<p><strong>Fa:<\/strong> gyenge n\u00f6veked\u00e9s\u0171, ritka, sz\u00e9tter\u00fcl\u0151 g\u00f6mb koron\u00e1j\u00fa, b\u0151term\u0151<\/p>\n<p><strong>Gy\u00fcm\u00f6lcs:<\/strong> k\u00f6z\u00e9pnagy-nagy,hengeres,cs\u00facsos,b\u00e9lar\u00e1ny 46-50%, kellemes \u00e9des \u00edz\u0171<\/p>\n<p><strong>Pollenad\u00f3:<\/strong> Budat\u00e9t\u00e9nyi 1, T\u00e9t\u00e9nyi b\u0151term\u0151<\/p>\n<p><strong>\u00c9r\u00e9si id\u0151:<\/strong> szeptember 3. hete<\/p>\n<p><strong>Felhaszn\u00e1l\u00e1s:<\/strong> \u00fczemi \u00e9s h\u00e1zkerti fajta, friss fogyaszt\u00e1sra, feldolgoz\u00e1sra alkalmas<\/p>\n<p>El\u00e9rhet\u0151 kont\u00e9neres kiszerel\u00e9sben.<\/p>\n<p>K5,6 literes kont\u00e9nerben, 140\/160 cm magass\u00e1gban<\/p>\n<p> <a class=\"more-link\" href=\"https:\/\/kisskerteszetwebaruhaz.hu\/?product=mandula-tetenyi-kedvenc\">B\u0151vebben<\/a><\/p>","protected":false},"featured_media":3416,"comment_status":"open","ping_status":"closed","template":"","meta":[],"product_brand":[],"product_cat":[26],"product_tag":[],"class_list":{"0":"post-3418","1":"product","2":"type-product","3":"status-publish","4":"has-post-thumbnail","6":"product_cat-gyumolcsfak-bogyosok","8":"first","9":"instock","10":"shipping-taxable","11":"purchasable","12":"product-type-simple"},"_links":{"self":[{"href":"https:\/\/kisskerteszetwebaruhaz.hu\/index.php?rest_route=\/wp\/v2\/product\/3418","targetHints":{"allow":["GET"]}}],"collection":[{"href":"https:\/\/kisskerteszetwebaruhaz.hu\/index.php?rest_route=\/wp\/v2\/product"}],"about":[{"href":"https:\/\/kisskerteszetwebaruhaz.hu\/index.php?rest_route=\/wp\/v2\/types\/product"}],"replies":[{"embeddable":true,"href":"https:\/\/kisskerteszetwebaruhaz.hu\/index.php?rest_route=%2Fwp%2Fv2%2Fcomments&post=3418"}],"wp:featuredmedia":[{"embeddable":true,"href":"https:\/\/kisskerteszetwebaruhaz.hu\/index.php?rest_route=\/wp\/v2\/media\/3416"}],"wp:attachment":[{"href":"https:\/\/kisskerteszetwebaruhaz.hu\/index.php?rest_route=%2Fwp%2Fv2%2Fmedia&parent=3418"}],"wp:term":[{"taxonomy":"product_brand","embeddable":true,"href":"https:\/\/kisskerteszetwebaruhaz.hu\/index.php?rest_route=%2Fwp%2Fv2%2Fproduct_brand&post=3418"},{"taxonomy":"product_cat","embeddable":true,"href":"https:\/\/kisskerteszetwebaruhaz.hu\/index.php?rest_route=%2Fwp%2Fv2%2Fproduct_cat&post=3418"},{"taxonomy":"product_tag","embeddable":true,"href":"https:\/\/kisskerteszetwebaruhaz.hu\/index.php?rest_route=%2Fwp%2Fv2%2Fproduct_tag&post=3418"}],"curies":[{"name":"wp","href":"https:\/\/api.w.org\/{rel}","templated":true}]}}