{"id":3169,"date":"2024-04-22T06:57:42","date_gmt":"2024-04-22T06:57:42","guid":{"rendered":"https:\/\/kisskerteszetwebaruhaz.hu\/?post_type=product&#038;p=3169"},"modified":"2025-09-04T15:47:40","modified_gmt":"2025-09-04T15:47:40","slug":"tarka-levelu-japan-fuz-salix-integra-hakuro-nishiki-tm150cm","status":"publish","type":"product","link":"https:\/\/kisskerteszetwebaruhaz.hu\/?product=tarka-levelu-japan-fuz-salix-integra-hakuro-nishiki-tm150cm","title":{"rendered":"Tarka level\u0171 jap\u00e1n f\u0171z &#8211; &#8216;Salix integra Hakuro-Nishiki&#8217; TM150cm"},"content":{"rendered":"<p>A tarka level\u0171 jap\u00e1n f\u0171z gyors n\u00f6veked\u00e9s\u0171 kis f\u00e1cska, mely m\u00e9ret\u00e9t tekintve nem foglal el sok helyet. Levelei feh\u00e9r-r\u00f3zsasz\u00edn-z\u00f6ld foltokkal sz\u00ednezettek, ami j\u00faniust\u00f3l lesz igaz\u00e1n l\u00e1tv\u00e1nyos. Nagyszer\u0171en tarthat\u00f3 ed\u00e9nyes n\u00f6v\u00e9nyk\u00e9nt is, j\u00f3 v\u00edzell\u00e1t\u00e1s\u00fa, nem t\u00fal k\u00f6t\u00f6tt talajt ig\u00e9nyel.<\/p>\n<p>Metsz\u00e9st ig\u00e9nyel, kora tavasszal \u00e9rdemes metszeni a n\u00f6v\u00e9nyt.<\/p>\n<p>A jap\u00e1n f\u0171z \u00fcltet\u00e9se sor\u00e1n fontos tudni, hogy a meleget \u00e9s a sok f\u00e9nyt szereti.<\/p>\n<p>A k\u00e9pen l\u00e1that\u00f3 n\u00f6v\u00e9nyek t\u00e1j\u00e9koztat\u00f3 jelleg\u0171ek. Amennyiben nem biztos abban, hogy n\u00e9z ki az adott n\u00f6v\u00e9ny, vagy szeretn\u00e9 l\u00e1tni a kiv\u00e1lasztott n\u00f6v\u00e9nyt jelenlegi \u00e1llapot\u00e1ban \u00edrjon nek\u00fcnk \u00e9s k\u00fcld\u00fcnk k\u00e9pet a n\u00f6v\u00e9nyr\u0151l.<\/p>\n","protected":false},"excerpt":{"rendered":"<p>T\u00f6rzsre oltott kis m\u00e9ret\u0171 f\u00e1cska. D\u00edsz\u00edt\u0151 \u00e9rt\u00e9k\u00e9t tarka lev\u00e9lzete adja.<\/p>\n<p>T\u00e1panyaggal ell\u00e1tott, laza talajt kedveli. Napos helyre \u00fcltess\u00fck.<\/p>\n<p>T\u00e9l\u00e1ll\u00f3 \u00e9s ellen\u00e1ll\u00f3 fajta. Balkonl\u00e1d\u00e1ban is nevelhet\u0151.<\/p>\n<p><strong>T\u00f6rzsmagass\u00e1g: 150 cm<\/strong><\/p>\n<p><img decoding=\"async\" class=\"alignnone wp-image-590\" src=\"https:\/\/kisskerteszetwebaruhaz.hu\/wp-content\/uploads\/2022\/07\/ultetes-napos-helyre-copy.jpg\" alt=\"\" width=\"110\" height=\"110\" srcset=\"https:\/\/kisskerteszetwebaruhaz.hu\/wp-content\/uploads\/2022\/07\/ultetes-napos-helyre-copy.jpg 300w, https:\/\/kisskerteszetwebaruhaz.hu\/wp-content\/uploads\/2022\/07\/ultetes-napos-helyre-copy-100x100.jpg 100w, https:\/\/kisskerteszetwebaruhaz.hu\/wp-content\/uploads\/2022\/07\/ultetes-napos-helyre-copy-150x150.jpg 150w\" sizes=\"(max-width: 110px) 100vw, 110px\" \/><img decoding=\"async\" class=\"alignnone wp-image-595\" src=\"https:\/\/kisskerteszetwebaruhaz.hu\/wp-content\/uploads\/2022\/07\/kozepesen-vizigenyes-copy.jpg\" alt=\"\" width=\"102\" height=\"102\" srcset=\"https:\/\/kisskerteszetwebaruhaz.hu\/wp-content\/uploads\/2022\/07\/kozepesen-vizigenyes-copy.jpg 300w, https:\/\/kisskerteszetwebaruhaz.hu\/wp-content\/uploads\/2022\/07\/kozepesen-vizigenyes-copy-100x100.jpg 100w, https:\/\/kisskerteszetwebaruhaz.hu\/wp-content\/uploads\/2022\/07\/kozepesen-vizigenyes-copy-150x150.jpg 150w\" sizes=\"(max-width: 102px) 100vw, 102px\" \/><\/p>\n<p> <a class=\"more-link\" href=\"https:\/\/kisskerteszetwebaruhaz.hu\/?product=tarka-levelu-japan-fuz-salix-integra-hakuro-nishiki-tm150cm\">B\u0151vebben<\/a><\/p>","protected":false},"featured_media":807,"comment_status":"open","ping_status":"closed","template":"","meta":[],"product_brand":[],"product_cat":[15,21],"product_tag":[],"class_list":{"0":"post-3169","1":"product","2":"type-product","3":"status-publish","4":"has-post-thumbnail","6":"product_cat-akcio","7":"product_cat-fak","9":"first","10":"instock","11":"sale","12":"shipping-taxable","13":"purchasable","14":"product-type-simple"},"_links":{"self":[{"href":"https:\/\/kisskerteszetwebaruhaz.hu\/index.php?rest_route=\/wp\/v2\/product\/3169","targetHints":{"allow":["GET"]}}],"collection":[{"href":"https:\/\/kisskerteszetwebaruhaz.hu\/index.php?rest_route=\/wp\/v2\/product"}],"about":[{"href":"https:\/\/kisskerteszetwebaruhaz.hu\/index.php?rest_route=\/wp\/v2\/types\/product"}],"replies":[{"embeddable":true,"href":"https:\/\/kisskerteszetwebaruhaz.hu\/index.php?rest_route=%2Fwp%2Fv2%2Fcomments&post=3169"}],"wp:featuredmedia":[{"embeddable":true,"href":"https:\/\/kisskerteszetwebaruhaz.hu\/index.php?rest_route=\/wp\/v2\/media\/807"}],"wp:attachment":[{"href":"https:\/\/kisskerteszetwebaruhaz.hu\/index.php?rest_route=%2Fwp%2Fv2%2Fmedia&parent=3169"}],"wp:term":[{"taxonomy":"product_brand","embeddable":true,"href":"https:\/\/kisskerteszetwebaruhaz.hu\/index.php?rest_route=%2Fwp%2Fv2%2Fproduct_brand&post=3169"},{"taxonomy":"product_cat","embeddable":true,"href":"https:\/\/kisskerteszetwebaruhaz.hu\/index.php?rest_route=%2Fwp%2Fv2%2Fproduct_cat&post=3169"},{"taxonomy":"product_tag","embeddable":true,"href":"https:\/\/kisskerteszetwebaruhaz.hu\/index.php?rest_route=%2Fwp%2Fv2%2Fproduct_tag&post=3169"}],"curies":[{"name":"wp","href":"https:\/\/api.w.org\/{rel}","templated":true}]}}