{"id":3094,"date":"2024-04-06T11:58:58","date_gmt":"2024-04-06T11:58:58","guid":{"rendered":"https:\/\/kisskerteszetwebaruhaz.hu\/?post_type=product&#038;p=3094"},"modified":"2024-04-11T17:00:15","modified_gmt":"2024-04-11T17:00:15","slug":"futorozsa-climbing-orange","status":"publish","type":"product","link":"https:\/\/kisskerteszetwebaruhaz.hu\/?product=futorozsa-climbing-orange","title":{"rendered":"Fut\u00f3r\u00f3zsa- Climbing Orange"},"content":{"rendered":"<p>Kont\u00e9neres kiszerel\u00e9sben el\u00e9rhet\u0151.<\/p>\n<p>A kont\u00e9neres, vagyis cserepes n\u00f6v\u00e9nyek nagy el\u0151nye, hogy az \u00e9v b\u00e1rmely szak\u00e1ba \u00fcltethetj\u00fck \u0151ket. \u00c1ltal\u00e1ban kisebb gy\u00f6k\u00e9rlabd\u00e1val rendelkeznek, mint a f\u00f6ldlabd\u00e1sok, \u00edgy k\u00f6nnyebben sz\u00e1ll\u00edthat\u00f3k. Mivel ezen n\u00f6v\u00e9nyek kont\u00e9nerben lettek nevelve, \u00edgy ki\u00fcltet\u00e9skor gy\u00f6k\u00e9rzet\u00fck sem s\u00e9r\u00fcl meg, ered\u00e9se biztons\u00e1gosabb.<\/p>\n","protected":false},"excerpt":{"rendered":"<p>Vir\u00e1g sz\u00edne: Narancss\u00e1rga<\/p>\n<p>Fut\u00f3r\u00f3zsa<\/p>\n<p>Magass\u00e1g jelenleg: 40-50cm<\/p>\n<p>Kifejlett magass\u00e1ga: 1-2 m<\/p>\n<p>Kiszerel\u00e9s: Kont\u00e9neres<\/p>\n<p> <a class=\"more-link\" href=\"https:\/\/kisskerteszetwebaruhaz.hu\/?product=futorozsa-climbing-orange\">B\u0151vebben<\/a><\/p>","protected":false},"featured_media":3122,"comment_status":"open","ping_status":"closed","template":"","meta":[],"product_brand":[],"product_cat":[25],"product_tag":[],"class_list":{"0":"post-3094","1":"product","2":"type-product","3":"status-publish","4":"has-post-thumbnail","6":"product_cat-rozsak","8":"first","9":"instock","10":"shipping-taxable","11":"purchasable","12":"product-type-simple"},"_links":{"self":[{"href":"https:\/\/kisskerteszetwebaruhaz.hu\/index.php?rest_route=\/wp\/v2\/product\/3094","targetHints":{"allow":["GET"]}}],"collection":[{"href":"https:\/\/kisskerteszetwebaruhaz.hu\/index.php?rest_route=\/wp\/v2\/product"}],"about":[{"href":"https:\/\/kisskerteszetwebaruhaz.hu\/index.php?rest_route=\/wp\/v2\/types\/product"}],"replies":[{"embeddable":true,"href":"https:\/\/kisskerteszetwebaruhaz.hu\/index.php?rest_route=%2Fwp%2Fv2%2Fcomments&post=3094"}],"wp:featuredmedia":[{"embeddable":true,"href":"https:\/\/kisskerteszetwebaruhaz.hu\/index.php?rest_route=\/wp\/v2\/media\/3122"}],"wp:attachment":[{"href":"https:\/\/kisskerteszetwebaruhaz.hu\/index.php?rest_route=%2Fwp%2Fv2%2Fmedia&parent=3094"}],"wp:term":[{"taxonomy":"product_brand","embeddable":true,"href":"https:\/\/kisskerteszetwebaruhaz.hu\/index.php?rest_route=%2Fwp%2Fv2%2Fproduct_brand&post=3094"},{"taxonomy":"product_cat","embeddable":true,"href":"https:\/\/kisskerteszetwebaruhaz.hu\/index.php?rest_route=%2Fwp%2Fv2%2Fproduct_cat&post=3094"},{"taxonomy":"product_tag","embeddable":true,"href":"https:\/\/kisskerteszetwebaruhaz.hu\/index.php?rest_route=%2Fwp%2Fv2%2Fproduct_tag&post=3094"}],"curies":[{"name":"wp","href":"https:\/\/api.w.org\/{rel}","templated":true}]}}