{"id":3055,"date":"2024-04-02T15:24:28","date_gmt":"2024-04-02T15:24:28","guid":{"rendered":"https:\/\/kisskerteszetwebaruhaz.hu\/?post_type=product&#038;p=3055"},"modified":"2024-04-02T15:24:28","modified_gmt":"2024-04-02T15:24:28","slug":"pinus-breviflora-torzse-oltott-torpe-fenyo-k7","status":"publish","type":"product","link":"https:\/\/kisskerteszetwebaruhaz.hu\/?product=pinus-breviflora-torzse-oltott-torpe-fenyo-k7","title":{"rendered":"Pinus Breviflora \u2013 T\u00f6rzse oltott t\u00f6rpe feny\u0151 K7"},"content":{"rendered":"","protected":false},"excerpt":{"rendered":"<p>T\u00f6m\u00f6tt lomkoron\u00e1val rendelkez\u0151, lass\u00fa n\u00f6veked\u00e9s\u0171 \u00f6r\u00f6kz\u00f6ld.<\/p>\n<p>T\u00f6rzsre oltott t\u00f6rpe feny\u0151.<\/p>\n<p>T\u00f6rzsmagass\u00e1g: 50 cm<\/p>\n<p>K7 literes kont\u00e9nerben.<\/p>\n<p> <a class=\"more-link\" href=\"https:\/\/kisskerteszetwebaruhaz.hu\/?product=pinus-breviflora-torzse-oltott-torpe-fenyo-k7\">B\u0151vebben<\/a><\/p>","protected":false},"featured_media":3057,"comment_status":"open","ping_status":"closed","template":"","meta":[],"product_brand":[],"product_cat":[22,20],"product_tag":[],"class_list":{"0":"post-3055","1":"product","2":"type-product","3":"status-publish","4":"has-post-thumbnail","6":"product_cat-formanovenyek","7":"product_cat-orokzoldek","9":"first","10":"instock","11":"shipping-taxable","12":"purchasable","13":"product-type-simple"},"_links":{"self":[{"href":"https:\/\/kisskerteszetwebaruhaz.hu\/index.php?rest_route=\/wp\/v2\/product\/3055","targetHints":{"allow":["GET"]}}],"collection":[{"href":"https:\/\/kisskerteszetwebaruhaz.hu\/index.php?rest_route=\/wp\/v2\/product"}],"about":[{"href":"https:\/\/kisskerteszetwebaruhaz.hu\/index.php?rest_route=\/wp\/v2\/types\/product"}],"replies":[{"embeddable":true,"href":"https:\/\/kisskerteszetwebaruhaz.hu\/index.php?rest_route=%2Fwp%2Fv2%2Fcomments&post=3055"}],"wp:featuredmedia":[{"embeddable":true,"href":"https:\/\/kisskerteszetwebaruhaz.hu\/index.php?rest_route=\/wp\/v2\/media\/3057"}],"wp:attachment":[{"href":"https:\/\/kisskerteszetwebaruhaz.hu\/index.php?rest_route=%2Fwp%2Fv2%2Fmedia&parent=3055"}],"wp:term":[{"taxonomy":"product_brand","embeddable":true,"href":"https:\/\/kisskerteszetwebaruhaz.hu\/index.php?rest_route=%2Fwp%2Fv2%2Fproduct_brand&post=3055"},{"taxonomy":"product_cat","embeddable":true,"href":"https:\/\/kisskerteszetwebaruhaz.hu\/index.php?rest_route=%2Fwp%2Fv2%2Fproduct_cat&post=3055"},{"taxonomy":"product_tag","embeddable":true,"href":"https:\/\/kisskerteszetwebaruhaz.hu\/index.php?rest_route=%2Fwp%2Fv2%2Fproduct_tag&post=3055"}],"curies":[{"name":"wp","href":"https:\/\/api.w.org\/{rel}","templated":true}]}}