{"id":2885,"date":"2024-03-08T04:43:00","date_gmt":"2024-03-08T04:43:00","guid":{"rendered":"https:\/\/kisskerteszetwebaruhaz.hu\/?post_type=product&#038;p=2885"},"modified":"2025-04-05T17:12:46","modified_gmt":"2025-04-05T17:12:46","slug":"magnolia-fragrant-cloud","status":"publish","type":"product","link":"https:\/\/kisskerteszetwebaruhaz.hu\/?product=magnolia-fragrant-cloud","title":{"rendered":"Magn\u00f3lia &#8211; &#8216;Fragrant Cloud&#8217; K5 60\/80cm"},"content":{"rendered":"","protected":false},"excerpt":{"rendered":"<p>Kisebb termet\u0171 f\u00e1cska, magass\u00e1ga el\u00e9rheti a 3-4 m\u00e9teres magass\u00e1got.<\/p>\n<p>Lombfakad\u00e1s el\u0151tt vir\u00e1gzik, \u00e1prilis-m\u00e1jus k\u00f6rny\u00e9k\u00e9n.<\/p>\n<p>Vir\u00e1ga nagy m\u00e9ret\u0171, kehely alak\u00fa, illatos,sz\u00edne \u00e1tmenetes -r\u00f3zsasz\u00ednes-lil\u00e1s-v\u00e9g\u00fcl feh\u00e9r.<\/p>\n<p>Savany\u00fa talajba \u00fcltess\u00fck. Ellen\u00e1ll\u00f3 fajta n\u00f6v\u00e9ny.<\/p>\n<p>\u00c9ghajlatunkat j\u00f3l viseli, t\u00e9l\u00e1ll\u00f3, ennek ellen\u00e9re fiatal kor\u00e1ban javasolt a t\u00f6v\u00e9t takarni.<\/p>\n<p>Metszeni nem kell.<\/p>\n<p>D\u00e9zs\u00e1ban is nevelhetj\u00fck<\/p>\n<p>El\u00e9rhet\u0151: K5 literes kont\u00e9nerben, 60\/80 cm magass\u00e1gban.<\/p>\n<p> <a class=\"more-link\" href=\"https:\/\/kisskerteszetwebaruhaz.hu\/?product=magnolia-fragrant-cloud\">B\u0151vebben<\/a><\/p>","protected":false},"featured_media":2886,"comment_status":"open","ping_status":"closed","template":"","meta":[],"product_brand":[],"product_cat":[38],"product_tag":[],"class_list":{"0":"post-2885","1":"product","2":"type-product","3":"status-publish","4":"has-post-thumbnail","6":"product_cat-cserjek","8":"first","9":"instock","10":"shipping-taxable","11":"purchasable","12":"product-type-simple"},"_links":{"self":[{"href":"https:\/\/kisskerteszetwebaruhaz.hu\/index.php?rest_route=\/wp\/v2\/product\/2885","targetHints":{"allow":["GET"]}}],"collection":[{"href":"https:\/\/kisskerteszetwebaruhaz.hu\/index.php?rest_route=\/wp\/v2\/product"}],"about":[{"href":"https:\/\/kisskerteszetwebaruhaz.hu\/index.php?rest_route=\/wp\/v2\/types\/product"}],"replies":[{"embeddable":true,"href":"https:\/\/kisskerteszetwebaruhaz.hu\/index.php?rest_route=%2Fwp%2Fv2%2Fcomments&post=2885"}],"wp:featuredmedia":[{"embeddable":true,"href":"https:\/\/kisskerteszetwebaruhaz.hu\/index.php?rest_route=\/wp\/v2\/media\/2886"}],"wp:attachment":[{"href":"https:\/\/kisskerteszetwebaruhaz.hu\/index.php?rest_route=%2Fwp%2Fv2%2Fmedia&parent=2885"}],"wp:term":[{"taxonomy":"product_brand","embeddable":true,"href":"https:\/\/kisskerteszetwebaruhaz.hu\/index.php?rest_route=%2Fwp%2Fv2%2Fproduct_brand&post=2885"},{"taxonomy":"product_cat","embeddable":true,"href":"https:\/\/kisskerteszetwebaruhaz.hu\/index.php?rest_route=%2Fwp%2Fv2%2Fproduct_cat&post=2885"},{"taxonomy":"product_tag","embeddable":true,"href":"https:\/\/kisskerteszetwebaruhaz.hu\/index.php?rest_route=%2Fwp%2Fv2%2Fproduct_tag&post=2885"}],"curies":[{"name":"wp","href":"https:\/\/api.w.org\/{rel}","templated":true}]}}