{"id":2514,"date":"2024-01-18T08:59:15","date_gmt":"2024-01-18T08:59:15","guid":{"rendered":"https:\/\/kisskerteszetwebaruhaz.hu\/?post_type=product&#038;p=2514"},"modified":"2025-10-15T11:40:48","modified_gmt":"2025-10-15T11:40:48","slug":"babermeggy-prunus-laurocerasus-novita-k3-40-50cm","status":"publish","type":"product","link":"https:\/\/kisskerteszetwebaruhaz.hu\/?product=babermeggy-prunus-laurocerasus-novita-k3-40-50cm","title":{"rendered":"Bab\u00e9rmeggy &#8211; Prunus laurocerasus &#8216; Novita&#8217; &#8211; K5 80\/100 cm"},"content":{"rendered":"<p>A Prunus laurocerasus &#8216; Novita&#8217; bab\u00e9rmeggy egy f\u00e9nyes, \u00e9l\u00e9nkz\u00f6ld sz\u00edn\u0171, k\u00f6zepesen nagy level\u0171 \u00f6r\u00f6kz\u00f6ld n\u00f6v\u00e9ny. Nagyon ellen\u00e1ll\u00f3, j\u00f3l b\u00edrja a teleket, napra \u00e9s f\u00e9l\u00e1rny\u00e9kba is \u00fcltethet\u0151. Talaj ir\u00e1nt nem \u00e9rz\u00e9keny, de ha tehetj\u00fck, laza szerkezet\u0171, j\u00f3 v\u00edz\u00e1tereszt\u0151 k\u00e9pess\u00e9g\u0171, t\u00e1panyagd\u00fas talajba \u00fcltess\u00fck. K\u00f6zepes v\u00edzig\u00e9ny\u0171.<\/p>\n<p>Feh\u00e9r vir\u00e1gait tavasszal \u00e1prilis &#8211; m\u00e1jusban hozza. Term\u00e9se fekete, g\u00f6mb alak\u00fa bogy\u00f3.<\/p>\n<p>L\u00e1tv\u00e1nyra t\u00f6m\u00f6tt, s\u0171r\u0171 megjelen\u00e9s\u0171, ez\u00e9rt alkalmas s\u00f6v\u00e9nyn\u00f6v\u00e9nynek, tov\u00e1bb\u00e1 j\u00f3l b\u00edrja a ny\u00edr\u00e1st, form\u00e1z\u00e1st, \u00edgy ak\u00e1r alacsonyan is tarthat\u00f3. Alkalmaz\u00e1s\u00e1n\u00e1l figyelembe kell venni, hogy a n\u00f6v\u00e9ny minden r\u00e9sze enyh\u00e9n m\u00e9rgez\u0151.<\/p>\n<p>A Novita bab\u00e9rmeggy gy\u00f6ny\u00f6r\u0171 n\u00f6v\u00e9ny, mely minden \u00e9vszakban sz\u00e9p, dekorat\u00edv.<\/p>\n<p>Kont\u00e9neres kiszerel\u00e9sben eg\u00e9sz \u00e9vben, f\u00f6ldlabd\u00e1san \u0151sszel , \u00e9s tavasszal, k\u00fcl\u00f6nb\u00f6z\u0151 m\u00e9retekben el\u00e9rhet\u0151.<\/p>\n<p>A kont\u00e9neres, vagyis cserepes n\u00f6v\u00e9nyek nagy el\u0151nye, hogy az \u00e9v b\u00e1rmely szak\u00e1ba \u00fcltethetj\u00fck \u0151ket. \u00c1ltal\u00e1ban kisebb gy\u00f6k\u00e9rlabd\u00e1val rendelkeznek, mint a f\u00f6ldlabd\u00e1sok, \u00edgy k\u00f6nnyebben sz\u00e1ll\u00edthat\u00f3k. Mivel ezen n\u00f6v\u00e9nyek kont\u00e9nerben lettek nevelve, \u00edgy ki\u00fcltet\u00e9skor gy\u00f6k\u00e9rzet\u00fck sem s\u00e9r\u00fcl meg, ered\u00e9se biztons\u00e1gosabb.<\/p>\n<p>A k\u00e9pen l\u00e1that\u00f3 n\u00f6v\u00e9nyek t\u00e1j\u00e9koztat\u00f3 jelleg\u0171ek. Amennyiben nem biztos abban, hogy n\u00e9z ki az adott n\u00f6v\u00e9ny, vagy szeretn\u00e9 l\u00e1tni a kiv\u00e1lasztott n\u00f6v\u00e9nyt jelenlegi \u00e1llapot\u00e1ban \u00edrjon nek\u00fcnk \u00e9s k\u00fcld\u00fcnk k\u00e9pet a n\u00f6v\u00e9nyr\u0151l.<\/p>\n<p>&nbsp;<\/p>\n","protected":false},"excerpt":{"rendered":"<p><strong>N\u00f6veked\u00e9s, alak<\/strong>: 3-4 m \u00e1tlagos magass\u00e1got el\u00e9r\u0151, \u00f6r\u00f6kz\u00f6ld cserje , gazdag hajt\u00e1srendszer\u0171 fajta, jellemz\u0151 r\u00e1\u00a0 a nagyfok\u00fa ellen\u00e1ll\u00f3s\u00e1g.<\/p>\n<p><strong>Lev\u00e9l:<\/strong> f\u00e9nyesek, \u00e9psz\u00e9l\u0171ek, toj\u00e1sdadok<\/p>\n<p><strong>Vir\u00e1g<\/strong>: Vir\u00e1gait a tavasz m\u00e1sodik fel\u00e9ben hozza, feh\u00e9r f\u00fcrt\u00f6kben. Term\u00e9se fekete<\/p>\n<p><strong>Ig\u00e9ny:<\/strong> Laza szerkezet\u0171, j\u00f3 v\u00edz\u00e1tereszt\u0151 k\u00e9pess\u00e9g\u0171, t\u00e1panyagban gazdag talaj ide\u00e1lis a sz\u00e1m\u00e1ra. Napos, vagy f\u00e9l\u00e1rny\u00e9kos helyre is \u00fclthetj\u00fck.<\/p>\n<p><strong>Felhaszn\u00e1l\u00e1sa:<\/strong> alkalmas s\u00f6v\u00e9nynek, a metsz\u00e9st j\u00f3l viseli, szoliterk\u00e9nt is mutat\u00f3s<\/p>\n<p><img decoding=\"async\" class=\"alignnone wp-image-597\" src=\"https:\/\/kisskerteszetwebaruhaz.hu\/wp-content\/uploads\/2022\/07\/metszes-copy.jpg\" alt=\"\" width=\"100\" height=\"100\" srcset=\"https:\/\/kisskerteszetwebaruhaz.hu\/wp-content\/uploads\/2022\/07\/metszes-copy.jpg 300w, https:\/\/kisskerteszetwebaruhaz.hu\/wp-content\/uploads\/2022\/07\/metszes-copy-100x100.jpg 100w, https:\/\/kisskerteszetwebaruhaz.hu\/wp-content\/uploads\/2022\/07\/metszes-copy-150x150.jpg 150w\" sizes=\"(max-width: 100px) 100vw, 100px\" \/><img decoding=\"async\" class=\"alignnone wp-image-590\" src=\"https:\/\/kisskerteszetwebaruhaz.hu\/wp-content\/uploads\/2022\/07\/ultetes-napos-helyre-copy.jpg\" alt=\"\" width=\"100\" height=\"100\" srcset=\"https:\/\/kisskerteszetwebaruhaz.hu\/wp-content\/uploads\/2022\/07\/ultetes-napos-helyre-copy.jpg 300w, https:\/\/kisskerteszetwebaruhaz.hu\/wp-content\/uploads\/2022\/07\/ultetes-napos-helyre-copy-100x100.jpg 100w, https:\/\/kisskerteszetwebaruhaz.hu\/wp-content\/uploads\/2022\/07\/ultetes-napos-helyre-copy-150x150.jpg 150w\" sizes=\"(max-width: 100px) 100vw, 100px\" \/><img decoding=\"async\" class=\"alignnone wp-image-593\" src=\"https:\/\/kisskerteszetwebaruhaz.hu\/wp-content\/uploads\/2022\/07\/fagyturo-copy.jpg\" alt=\"\" width=\"100\" height=\"100\" srcset=\"https:\/\/kisskerteszetwebaruhaz.hu\/wp-content\/uploads\/2022\/07\/fagyturo-copy.jpg 300w, https:\/\/kisskerteszetwebaruhaz.hu\/wp-content\/uploads\/2022\/07\/fagyturo-copy-100x100.jpg 100w, https:\/\/kisskerteszetwebaruhaz.hu\/wp-content\/uploads\/2022\/07\/fagyturo-copy-150x150.jpg 150w\" sizes=\"(max-width: 100px) 100vw, 100px\" \/><img loading=\"lazy\" decoding=\"async\" class=\"alignnone wp-image-588\" src=\"https:\/\/kisskerteszetwebaruhaz.hu\/wp-content\/uploads\/2022\/07\/ultetes-felarnyekos-helyre-copy.jpg\" alt=\"\" width=\"100\" height=\"100\" srcset=\"https:\/\/kisskerteszetwebaruhaz.hu\/wp-content\/uploads\/2022\/07\/ultetes-felarnyekos-helyre-copy.jpg 300w, https:\/\/kisskerteszetwebaruhaz.hu\/wp-content\/uploads\/2022\/07\/ultetes-felarnyekos-helyre-copy-100x100.jpg 100w, https:\/\/kisskerteszetwebaruhaz.hu\/wp-content\/uploads\/2022\/07\/ultetes-felarnyekos-helyre-copy-150x150.jpg 150w\" sizes=\"(max-width: 100px) 100vw, 100px\" \/><img loading=\"lazy\" decoding=\"async\" class=\"alignnone wp-image-595\" src=\"https:\/\/kisskerteszetwebaruhaz.hu\/wp-content\/uploads\/2022\/07\/kozepesen-vizigenyes-copy.jpg\" alt=\"\" width=\"100\" height=\"100\" srcset=\"https:\/\/kisskerteszetwebaruhaz.hu\/wp-content\/uploads\/2022\/07\/kozepesen-vizigenyes-copy.jpg 300w, https:\/\/kisskerteszetwebaruhaz.hu\/wp-content\/uploads\/2022\/07\/kozepesen-vizigenyes-copy-100x100.jpg 100w, https:\/\/kisskerteszetwebaruhaz.hu\/wp-content\/uploads\/2022\/07\/kozepesen-vizigenyes-copy-150x150.jpg 150w\" sizes=\"(max-width: 100px) 100vw, 100px\" \/><\/p>\n<p> <a class=\"more-link\" href=\"https:\/\/kisskerteszetwebaruhaz.hu\/?product=babermeggy-prunus-laurocerasus-novita-k3-40-50cm\">B\u0151vebben<\/a><\/p>","protected":false},"featured_media":4389,"comment_status":"open","ping_status":"closed","template":"","meta":[],"product_brand":[],"product_cat":[38,20],"product_tag":[],"class_list":{"0":"post-2514","1":"product","2":"type-product","3":"status-publish","4":"has-post-thumbnail","6":"product_cat-cserjek","7":"product_cat-orokzoldek","9":"first","10":"instock","11":"shipping-taxable","12":"purchasable","13":"product-type-simple"},"_links":{"self":[{"href":"https:\/\/kisskerteszetwebaruhaz.hu\/index.php?rest_route=\/wp\/v2\/product\/2514","targetHints":{"allow":["GET"]}}],"collection":[{"href":"https:\/\/kisskerteszetwebaruhaz.hu\/index.php?rest_route=\/wp\/v2\/product"}],"about":[{"href":"https:\/\/kisskerteszetwebaruhaz.hu\/index.php?rest_route=\/wp\/v2\/types\/product"}],"replies":[{"embeddable":true,"href":"https:\/\/kisskerteszetwebaruhaz.hu\/index.php?rest_route=%2Fwp%2Fv2%2Fcomments&post=2514"}],"wp:featuredmedia":[{"embeddable":true,"href":"https:\/\/kisskerteszetwebaruhaz.hu\/index.php?rest_route=\/wp\/v2\/media\/4389"}],"wp:attachment":[{"href":"https:\/\/kisskerteszetwebaruhaz.hu\/index.php?rest_route=%2Fwp%2Fv2%2Fmedia&parent=2514"}],"wp:term":[{"taxonomy":"product_brand","embeddable":true,"href":"https:\/\/kisskerteszetwebaruhaz.hu\/index.php?rest_route=%2Fwp%2Fv2%2Fproduct_brand&post=2514"},{"taxonomy":"product_cat","embeddable":true,"href":"https:\/\/kisskerteszetwebaruhaz.hu\/index.php?rest_route=%2Fwp%2Fv2%2Fproduct_cat&post=2514"},{"taxonomy":"product_tag","embeddable":true,"href":"https:\/\/kisskerteszetwebaruhaz.hu\/index.php?rest_route=%2Fwp%2Fv2%2Fproduct_tag&post=2514"}],"curies":[{"name":"wp","href":"https:\/\/api.w.org\/{rel}","templated":true}]}}