{"id":2211,"date":"2023-10-11T09:46:42","date_gmt":"2023-10-11T09:46:42","guid":{"rendered":"https:\/\/kisskerteszetwebaruhaz.hu\/?post_type=product&#038;p=2211"},"modified":"2026-04-14T06:22:20","modified_gmt":"2026-04-14T06:22:20","slug":"bugas-hortenzia-hydrangea-paniculata-vanille-fraise","status":"publish","type":"product","link":"https:\/\/kisskerteszetwebaruhaz.hu\/?product=bugas-hortenzia-hydrangea-paniculata-vanille-fraise","title":{"rendered":"Bug\u00e1s hortenzia &#8211; Hydrangea paniculata Vanille Fraise K9,5"},"content":{"rendered":"","protected":false},"excerpt":{"rendered":"<p>1-2 m\u00e9ter magass\u00e1got el\u00e9r\u0151, lombhullat\u00f3 cserje. Egyszer\u0171en gondozhat\u00f3. K\u00f6zepes v\u00edzig\u00e9ny\u0171.<\/p>\n<p>Nagy m\u00e9ret\u0171 bugavir\u00e1gzata k\u00fap alak\u00fa, melyek kezdetben feh\u00e9rek, k\u00e9s\u0151bb r\u00f3zsasz\u00ednes \u00e1rnyalatot vesznek fel.<\/p>\n<p>Vir\u00e1gait ny\u00e1r k\u00f6zep\u00e9t\u0151l szeptemberig hozza. Elsz\u00e1radt vir\u00e1gai a t\u00e9l folyam\u00e1n is d\u00edsz\u00edtenek.<\/p>\n<p>Napos, f\u00e9l\u00e1rny\u00e9kos helyet v\u00e1lasszunk sz\u00e1m\u00e1ra. T\u00e1panyagban gazdag, j\u00f3 v\u00edz\u00e1tereszt\u0151 k\u00e9pess\u00e9g\u0171 talajba \u00fcltess\u00fck.<\/p>\n<p>Kora tavasszal \u00e9rdemes er\u0151sen visszametszeni.<\/p>\n<p>Er\u0151sen fagyt\u0171r\u0151.<\/p>\n<p>El\u00e9rhet\u0151 K9,5 literes kont\u00e9nerben, 80\/120 cm magass\u00e1gban<\/p>\n<p>&nbsp;<\/p>\n<p>&nbsp;<\/p>\n<p> <a class=\"more-link\" href=\"https:\/\/kisskerteszetwebaruhaz.hu\/?product=bugas-hortenzia-hydrangea-paniculata-vanille-fraise\">B\u0151vebben<\/a><\/p>","protected":false},"featured_media":2214,"comment_status":"open","ping_status":"closed","template":"","meta":[],"product_brand":[],"product_cat":[38],"product_tag":[],"class_list":{"0":"post-2211","1":"product","2":"type-product","3":"status-publish","4":"has-post-thumbnail","6":"product_cat-cserjek","8":"first","9":"outofstock","10":"shipping-taxable","11":"purchasable","12":"product-type-simple"},"_links":{"self":[{"href":"https:\/\/kisskerteszetwebaruhaz.hu\/index.php?rest_route=\/wp\/v2\/product\/2211","targetHints":{"allow":["GET"]}}],"collection":[{"href":"https:\/\/kisskerteszetwebaruhaz.hu\/index.php?rest_route=\/wp\/v2\/product"}],"about":[{"href":"https:\/\/kisskerteszetwebaruhaz.hu\/index.php?rest_route=\/wp\/v2\/types\/product"}],"replies":[{"embeddable":true,"href":"https:\/\/kisskerteszetwebaruhaz.hu\/index.php?rest_route=%2Fwp%2Fv2%2Fcomments&post=2211"}],"wp:featuredmedia":[{"embeddable":true,"href":"https:\/\/kisskerteszetwebaruhaz.hu\/index.php?rest_route=\/wp\/v2\/media\/2214"}],"wp:attachment":[{"href":"https:\/\/kisskerteszetwebaruhaz.hu\/index.php?rest_route=%2Fwp%2Fv2%2Fmedia&parent=2211"}],"wp:term":[{"taxonomy":"product_brand","embeddable":true,"href":"https:\/\/kisskerteszetwebaruhaz.hu\/index.php?rest_route=%2Fwp%2Fv2%2Fproduct_brand&post=2211"},{"taxonomy":"product_cat","embeddable":true,"href":"https:\/\/kisskerteszetwebaruhaz.hu\/index.php?rest_route=%2Fwp%2Fv2%2Fproduct_cat&post=2211"},{"taxonomy":"product_tag","embeddable":true,"href":"https:\/\/kisskerteszetwebaruhaz.hu\/index.php?rest_route=%2Fwp%2Fv2%2Fproduct_tag&post=2211"}],"curies":[{"name":"wp","href":"https:\/\/api.w.org\/{rel}","templated":true}]}}