{"id":1990,"date":"2023-08-21T07:40:21","date_gmt":"2023-08-21T07:40:21","guid":{"rendered":"https:\/\/kisskerteszetwebaruhaz.hu\/?post_type=product&#038;p=1990"},"modified":"2026-02-18T09:10:54","modified_gmt":"2026-02-18T09:10:54","slug":"torzses-arizoniai-ciprus-cupressus-arizonica-fastigiata","status":"publish","type":"product","link":"https:\/\/kisskerteszetwebaruhaz.hu\/?product=torzses-arizoniai-ciprus-cupressus-arizonica-fastigiata","title":{"rendered":"Cupressus Arizonica-T\u00f6rzses ariz\u00f3niai ciprus K9"},"content":{"rendered":"","protected":false},"excerpt":{"rendered":"<p>Az ariz\u00f3niai ciprus t\u00f6rzses v\u00e1ltozata.<\/p>\n<p>D\u00e9zs\u00e1ban \u00e9s ki\u00fcltetve is nevelhetj\u00fck.<\/p>\n<p>K9 literes kont\u00e9nerben, 50cm t\u00f6rzsmagass\u00e1gban<\/p>\n<p>&nbsp;<\/p>\n<p> <a class=\"more-link\" href=\"https:\/\/kisskerteszetwebaruhaz.hu\/?product=torzses-arizoniai-ciprus-cupressus-arizonica-fastigiata\">B\u0151vebben<\/a><\/p>","protected":false},"featured_media":4397,"comment_status":"open","ping_status":"closed","template":"","meta":[],"product_brand":[],"product_cat":[15,22,20],"product_tag":[],"class_list":{"0":"post-1990","1":"product","2":"type-product","3":"status-publish","4":"has-post-thumbnail","6":"product_cat-akcio","7":"product_cat-formanovenyek","8":"product_cat-orokzoldek","10":"first","11":"instock","12":"shipping-taxable","13":"purchasable","14":"product-type-simple"},"_links":{"self":[{"href":"https:\/\/kisskerteszetwebaruhaz.hu\/index.php?rest_route=\/wp\/v2\/product\/1990","targetHints":{"allow":["GET"]}}],"collection":[{"href":"https:\/\/kisskerteszetwebaruhaz.hu\/index.php?rest_route=\/wp\/v2\/product"}],"about":[{"href":"https:\/\/kisskerteszetwebaruhaz.hu\/index.php?rest_route=\/wp\/v2\/types\/product"}],"replies":[{"embeddable":true,"href":"https:\/\/kisskerteszetwebaruhaz.hu\/index.php?rest_route=%2Fwp%2Fv2%2Fcomments&post=1990"}],"wp:featuredmedia":[{"embeddable":true,"href":"https:\/\/kisskerteszetwebaruhaz.hu\/index.php?rest_route=\/wp\/v2\/media\/4397"}],"wp:attachment":[{"href":"https:\/\/kisskerteszetwebaruhaz.hu\/index.php?rest_route=%2Fwp%2Fv2%2Fmedia&parent=1990"}],"wp:term":[{"taxonomy":"product_brand","embeddable":true,"href":"https:\/\/kisskerteszetwebaruhaz.hu\/index.php?rest_route=%2Fwp%2Fv2%2Fproduct_brand&post=1990"},{"taxonomy":"product_cat","embeddable":true,"href":"https:\/\/kisskerteszetwebaruhaz.hu\/index.php?rest_route=%2Fwp%2Fv2%2Fproduct_cat&post=1990"},{"taxonomy":"product_tag","embeddable":true,"href":"https:\/\/kisskerteszetwebaruhaz.hu\/index.php?rest_route=%2Fwp%2Fv2%2Fproduct_tag&post=1990"}],"curies":[{"name":"wp","href":"https:\/\/api.w.org\/{rel}","templated":true}]}}