{"id":1920,"date":"2023-08-11T12:39:23","date_gmt":"2023-08-11T12:39:23","guid":{"rendered":"https:\/\/kisskerteszetwebaruhaz.hu\/?post_type=product&#038;p=1920"},"modified":"2026-04-24T06:59:24","modified_gmt":"2026-04-24T06:59:24","slug":"feketefenyo-pinus-nigra","status":"publish","type":"product","link":"https:\/\/kisskerteszetwebaruhaz.hu\/?product=feketefenyo-pinus-nigra","title":{"rendered":"Feketefeny\u0151 &#8211; &#8216;Pinus nigra&#8217; FL 100\/125 cm"},"content":{"rendered":"<p>Felt\u00fcntetett \u00e1raink az \u00c1fa-t tartalmazz\u00e1k.<\/p>\n","protected":false},"excerpt":{"rendered":"<p>A feketefeny\u0151 k\u00f6nnyen nevelhet\u0151, j\u00f3 alkalmazkod\u00f3 k\u00e9pess\u00e9g\u0171 n\u00f6v\u00e9ny, mely a v\u00e1rosi leveg\u0151t kiemelked\u0151en viseli.<\/p>\n<p>Talajban nem v\u00e1logat. \u00d6r\u00f6kz\u00f6ld.<\/p>\n<p>El\u00e9rhet\u0151: F\u00f6ldlabd\u00e1s kiszerel\u00e9sben, 100\/125 cm magass\u00e1gban<\/p>\n<p> <a class=\"more-link\" href=\"https:\/\/kisskerteszetwebaruhaz.hu\/?product=feketefenyo-pinus-nigra\">B\u0151vebben<\/a><\/p>","protected":false},"featured_media":3141,"comment_status":"open","ping_status":"closed","template":"","meta":[],"product_brand":[],"product_cat":[20],"product_tag":[],"class_list":{"0":"post-1920","1":"product","2":"type-product","3":"status-publish","4":"has-post-thumbnail","6":"product_cat-orokzoldek","8":"first","9":"instock","10":"shipping-taxable","11":"purchasable","12":"product-type-simple"},"_links":{"self":[{"href":"https:\/\/kisskerteszetwebaruhaz.hu\/index.php?rest_route=\/wp\/v2\/product\/1920","targetHints":{"allow":["GET"]}}],"collection":[{"href":"https:\/\/kisskerteszetwebaruhaz.hu\/index.php?rest_route=\/wp\/v2\/product"}],"about":[{"href":"https:\/\/kisskerteszetwebaruhaz.hu\/index.php?rest_route=\/wp\/v2\/types\/product"}],"replies":[{"embeddable":true,"href":"https:\/\/kisskerteszetwebaruhaz.hu\/index.php?rest_route=%2Fwp%2Fv2%2Fcomments&post=1920"}],"wp:featuredmedia":[{"embeddable":true,"href":"https:\/\/kisskerteszetwebaruhaz.hu\/index.php?rest_route=\/wp\/v2\/media\/3141"}],"wp:attachment":[{"href":"https:\/\/kisskerteszetwebaruhaz.hu\/index.php?rest_route=%2Fwp%2Fv2%2Fmedia&parent=1920"}],"wp:term":[{"taxonomy":"product_brand","embeddable":true,"href":"https:\/\/kisskerteszetwebaruhaz.hu\/index.php?rest_route=%2Fwp%2Fv2%2Fproduct_brand&post=1920"},{"taxonomy":"product_cat","embeddable":true,"href":"https:\/\/kisskerteszetwebaruhaz.hu\/index.php?rest_route=%2Fwp%2Fv2%2Fproduct_cat&post=1920"},{"taxonomy":"product_tag","embeddable":true,"href":"https:\/\/kisskerteszetwebaruhaz.hu\/index.php?rest_route=%2Fwp%2Fv2%2Fproduct_tag&post=1920"}],"curies":[{"name":"wp","href":"https:\/\/api.w.org\/{rel}","templated":true}]}}