{"id":1870,"date":"2023-06-29T11:10:25","date_gmt":"2023-06-29T11:10:25","guid":{"rendered":"https:\/\/kisskerteszetwebaruhaz.hu\/?post_type=product&#038;p=1870"},"modified":"2026-05-05T09:25:48","modified_gmt":"2026-05-05T09:25:48","slug":"vadgesztenye-aesculus-hippocastanum","status":"publish","type":"product","link":"https:\/\/kisskerteszetwebaruhaz.hu\/?product=vadgesztenye-aesculus-hippocastanum","title":{"rendered":"Vadgesztenye &#8211; Aesculus hippocastanum"},"content":{"rendered":"","protected":false},"excerpt":{"rendered":"<p><strong>Alak<\/strong>: 20 -35m magass\u00e1got el\u00e9r\u0151, lombhullat\u00f3 fa, haz\u00e1nkban k\u00f6zismert<\/p>\n<p><strong>Lev\u00e9l: <\/strong>f\u0171r\u00e9szes lev\u00e9lzete s\u00f6t\u00e9tz\u00f6ld, 10-20 cm hossz\u00fa<\/p>\n<p><strong>Vir\u00e1g:<\/strong> m\u00e1jusban ny\u00edlik fel\u00e1ll\u00f3 vir\u00e1gzata, feh\u00e9r sz\u00edn\u0171, \u0151szi lombsz\u00edne sz\u00e9p s\u00e1rga\/barna, term\u00e9se nem ehet\u0151<\/p>\n<p><strong>Ig\u00e9ny: <\/strong>j\u00f3 v\u00edz\u00e1tereszt\u00e9s\u0171 talajt kedveli, napos &#8211; f\u00e9l\u00e1rny\u00e9kos helyre \u00fcltess\u00fck, v\u00edzig\u00e9nye k\u00f6zepes <strong><br \/>\n<\/strong><\/p>\n<p><strong>Felhaszn\u00e1l\u00e1s: <\/strong>M\u00e9retei miatt legink\u00e1bb szoliternek javasoljuk<\/p>\n<p><strong>El\u00e9rhet\u0151<\/strong>: K10 literes kont\u00e9nerben, 150\/170 cm magass\u00e1gban<\/p>\n<p> <a class=\"more-link\" href=\"https:\/\/kisskerteszetwebaruhaz.hu\/?product=vadgesztenye-aesculus-hippocastanum\">B\u0151vebben<\/a><\/p>","protected":false},"featured_media":1941,"comment_status":"open","ping_status":"closed","template":"","meta":[],"product_brand":[],"product_cat":[21],"product_tag":[],"class_list":{"0":"post-1870","1":"product","2":"type-product","3":"status-publish","4":"has-post-thumbnail","6":"product_cat-fak","8":"first","9":"instock","10":"shipping-taxable","11":"purchasable","12":"product-type-simple"},"_links":{"self":[{"href":"https:\/\/kisskerteszetwebaruhaz.hu\/index.php?rest_route=\/wp\/v2\/product\/1870","targetHints":{"allow":["GET"]}}],"collection":[{"href":"https:\/\/kisskerteszetwebaruhaz.hu\/index.php?rest_route=\/wp\/v2\/product"}],"about":[{"href":"https:\/\/kisskerteszetwebaruhaz.hu\/index.php?rest_route=\/wp\/v2\/types\/product"}],"replies":[{"embeddable":true,"href":"https:\/\/kisskerteszetwebaruhaz.hu\/index.php?rest_route=%2Fwp%2Fv2%2Fcomments&post=1870"}],"wp:featuredmedia":[{"embeddable":true,"href":"https:\/\/kisskerteszetwebaruhaz.hu\/index.php?rest_route=\/wp\/v2\/media\/1941"}],"wp:attachment":[{"href":"https:\/\/kisskerteszetwebaruhaz.hu\/index.php?rest_route=%2Fwp%2Fv2%2Fmedia&parent=1870"}],"wp:term":[{"taxonomy":"product_brand","embeddable":true,"href":"https:\/\/kisskerteszetwebaruhaz.hu\/index.php?rest_route=%2Fwp%2Fv2%2Fproduct_brand&post=1870"},{"taxonomy":"product_cat","embeddable":true,"href":"https:\/\/kisskerteszetwebaruhaz.hu\/index.php?rest_route=%2Fwp%2Fv2%2Fproduct_cat&post=1870"},{"taxonomy":"product_tag","embeddable":true,"href":"https:\/\/kisskerteszetwebaruhaz.hu\/index.php?rest_route=%2Fwp%2Fv2%2Fproduct_tag&post=1870"}],"curies":[{"name":"wp","href":"https:\/\/api.w.org\/{rel}","templated":true}]}}