{"id":1845,"date":"2023-06-24T04:41:49","date_gmt":"2023-06-24T04:41:49","guid":{"rendered":"https:\/\/kisskerteszetwebaruhaz.hu\/?post_type=product&#038;p=1845"},"modified":"2025-08-31T06:21:51","modified_gmt":"2025-08-31T06:21:51","slug":"piramistolgy-quercus-robur-fastigiata","status":"publish","type":"product","link":"https:\/\/kisskerteszetwebaruhaz.hu\/?product=piramistolgy-quercus-robur-fastigiata","title":{"rendered":"Piramist\u00f6lgy &#8211; Quercus robur &#8216;Fastigiata&#8217; K10 140\/160 cm"},"content":{"rendered":"<p>Kont\u00e9neres kiszerel\u00e9sben kaphat\u00f3.<\/p>\n<p>A kont\u00e9neres n\u00f6v\u00e9nyek el\u0151nye, hogy az \u00e9v b\u00e1rmely szak\u00e1ban \u00fcltethetj\u00fck \u0151ket, kiv\u00e9ve a t\u00e9li fagyokat. Gy\u00f6k\u00e9rlabd\u00e1juk kisebb mint a f\u00f6ldlabd\u00e1s n\u00f6v\u00e9nyek\u00e9, \u00edgy sz\u00e1ll\u00edt\u00e1suk egyszer\u0171bb, biztons\u00e1gosabb. Fontos, hogy \u00fcltet\u00e9s ut\u00e1n, alaposan, \u00e9s rendszeresen \u00f6nt\u00f6zz\u00fck \u00faj n\u00f6v\u00e9ny\u00fcnket, mivel a gy\u00f6k\u00e9rzetnek id\u0151 sz\u00fcks\u00e9ges, hogy \u2018r\u00f6gz\u00fclj\u00f6n\u2019 talajban, a kezdeti id\u0151szakban \u00f3vjuk, hogy ne sz\u00e1radjon ki. K\u00f6r\u00fclbel\u00fcl az els\u0151 \u00e9vben fontos, hogy figyelj\u00fcnk az \u00f6nt\u00f6z\u00e9sre. A n\u00f6v\u00e9nyek megh\u00e1l\u00e1lj\u00e1k gondoskod\u00e1s\u00e1t.<\/p>\n","protected":false},"excerpt":{"rendered":"<p><strong>Alak<\/strong>: 15-20 m magas, 3-4m sz\u00e9les, s\u0171r\u0171, mereven felt\u00f6r\u0151 \u00e1g\u00fa, oszlopos koron\u00e1j\u00fa, lombhullat\u00f3 fa<\/p>\n<p><strong>Lev\u00e9l:\u00a0<\/strong>vissz\u00e1s-toj\u00e1sdad, szab\u00e1lytalanul \u00f6bl\u00f6sen kar\u00e9jos, fel\u00fcl s\u00f6t\u00e9tz\u00f6ld, \u0151sszel s\u00e1rg\u00e1sbarna<\/p>\n<p><strong>Term\u00e9s:<\/strong> 2-3 cm-es hossz\u00fak\u00e1s, toj\u00e1sdad makk, harmad\u00e1ig 5-10 cm-es kocs\u00e1nyon l\u00e9v\u0151 kupacs takarja<\/p>\n<p><strong>Ig\u00e9ny:<\/strong> \u00fcde, j\u00f3 v\u00edzell\u00e1t\u00e1s\u00fa talaj, napos hely, t\u00e9l\u00e1ll\u00f3, v\u00e1rost\u0171r\u0151, m\u00e9szkedvel\u0151<\/p>\n<p><strong>Felhaszn\u00e1l\u00e1s:<\/strong> Parkba, kertbe szoliternek, vagy \u00fatmenti f\u00e1s\u00edt\u00e1sra \u00fcltethetj\u00fck<\/p>\n<p><strong>El\u00e9rhet\u0151<\/strong>: K10 literes kont\u00e9nerben, 140\/160 cm-es magass\u00e1gban<\/p>\n<p>&nbsp;<\/p>\n<p> <a class=\"more-link\" href=\"https:\/\/kisskerteszetwebaruhaz.hu\/?product=piramistolgy-quercus-robur-fastigiata\">B\u0151vebben<\/a><\/p>","protected":false},"featured_media":1933,"comment_status":"open","ping_status":"closed","template":"","meta":[],"product_brand":[],"product_cat":[21],"product_tag":[],"class_list":{"0":"post-1845","1":"product","2":"type-product","3":"status-publish","4":"has-post-thumbnail","6":"product_cat-fak","8":"first","9":"instock","10":"shipping-taxable","11":"purchasable","12":"product-type-simple"},"_links":{"self":[{"href":"https:\/\/kisskerteszetwebaruhaz.hu\/index.php?rest_route=\/wp\/v2\/product\/1845","targetHints":{"allow":["GET"]}}],"collection":[{"href":"https:\/\/kisskerteszetwebaruhaz.hu\/index.php?rest_route=\/wp\/v2\/product"}],"about":[{"href":"https:\/\/kisskerteszetwebaruhaz.hu\/index.php?rest_route=\/wp\/v2\/types\/product"}],"replies":[{"embeddable":true,"href":"https:\/\/kisskerteszetwebaruhaz.hu\/index.php?rest_route=%2Fwp%2Fv2%2Fcomments&post=1845"}],"wp:featuredmedia":[{"embeddable":true,"href":"https:\/\/kisskerteszetwebaruhaz.hu\/index.php?rest_route=\/wp\/v2\/media\/1933"}],"wp:attachment":[{"href":"https:\/\/kisskerteszetwebaruhaz.hu\/index.php?rest_route=%2Fwp%2Fv2%2Fmedia&parent=1845"}],"wp:term":[{"taxonomy":"product_brand","embeddable":true,"href":"https:\/\/kisskerteszetwebaruhaz.hu\/index.php?rest_route=%2Fwp%2Fv2%2Fproduct_brand&post=1845"},{"taxonomy":"product_cat","embeddable":true,"href":"https:\/\/kisskerteszetwebaruhaz.hu\/index.php?rest_route=%2Fwp%2Fv2%2Fproduct_cat&post=1845"},{"taxonomy":"product_tag","embeddable":true,"href":"https:\/\/kisskerteszetwebaruhaz.hu\/index.php?rest_route=%2Fwp%2Fv2%2Fproduct_tag&post=1845"}],"curies":[{"name":"wp","href":"https:\/\/api.w.org\/{rel}","templated":true}]}}