{"id":1831,"date":"2023-06-12T11:18:44","date_gmt":"2023-06-12T11:18:44","guid":{"rendered":"https:\/\/kisskerteszetwebaruhaz.hu\/?post_type=product&#038;p=1831"},"modified":"2025-10-24T07:38:29","modified_gmt":"2025-10-24T07:38:29","slug":"citrus-limonum-citromfa","status":"publish","type":"product","link":"https:\/\/kisskerteszetwebaruhaz.hu\/?product=citrus-limonum-citromfa","title":{"rendered":"Citrus Limonum &#8211; Citromfa &#8211; K7"},"content":{"rendered":"","protected":false},"excerpt":{"rendered":"<div class=\"woocommerce-product-details__short-description\">\n<p>A Citrus Limonum &#8211; Citromfa- alacsony termet\u0171, \u00f6r\u00f6kz\u00f6ld f\u00e1cska<\/p>\n<p>Vir\u00e1gai feh\u00e9r sz\u00edn\u0171ek, illatosak. Gy\u00fcm\u00f6lcse fogyaszthat\u00f3.<\/p>\n<p>Egyszer\u0171en gondozhat\u00f3, meleg \u00e9s v\u00edzig\u00e9nyes. D\u00e9zs\u00e1ban nevelj\u00fck.<\/p>\n<p>Ny\u00e1ron meleg, napos helyre helyezz\u00fck. T\u00e9len vil\u00e1gos, h\u0171v\u00f6s helyen teleltess\u00fck.<\/p>\n<p>Megh\u00e1l\u00e1lja a rendszeres t\u00e1panyag ut\u00e1np\u00f3tl\u00e1st.<\/p>\n<p>Fagy\u00e9rz\u00e9keny.<\/p>\n<p>El\u00e9rhet\u0151: K7 literes kont\u00e9nerben<\/p>\n<\/div>\n<p> <a class=\"more-link\" href=\"https:\/\/kisskerteszetwebaruhaz.hu\/?product=citrus-limonum-citromfa\">B\u0151vebben<\/a><\/p>","protected":false},"featured_media":1833,"comment_status":"open","ping_status":"closed","template":"","meta":[],"product_brand":[],"product_cat":[15,30,23],"product_tag":[],"class_list":{"0":"post-1831","1":"product","2":"type-product","3":"status-publish","4":"has-post-thumbnail","6":"product_cat-akcio","7":"product_cat-gyumolcsfak","8":"product_cat-mediterran-novenyek","10":"first","11":"outofstock","12":"sale","13":"shipping-taxable","14":"purchasable","15":"product-type-simple"},"_links":{"self":[{"href":"https:\/\/kisskerteszetwebaruhaz.hu\/index.php?rest_route=\/wp\/v2\/product\/1831","targetHints":{"allow":["GET"]}}],"collection":[{"href":"https:\/\/kisskerteszetwebaruhaz.hu\/index.php?rest_route=\/wp\/v2\/product"}],"about":[{"href":"https:\/\/kisskerteszetwebaruhaz.hu\/index.php?rest_route=\/wp\/v2\/types\/product"}],"replies":[{"embeddable":true,"href":"https:\/\/kisskerteszetwebaruhaz.hu\/index.php?rest_route=%2Fwp%2Fv2%2Fcomments&post=1831"}],"wp:featuredmedia":[{"embeddable":true,"href":"https:\/\/kisskerteszetwebaruhaz.hu\/index.php?rest_route=\/wp\/v2\/media\/1833"}],"wp:attachment":[{"href":"https:\/\/kisskerteszetwebaruhaz.hu\/index.php?rest_route=%2Fwp%2Fv2%2Fmedia&parent=1831"}],"wp:term":[{"taxonomy":"product_brand","embeddable":true,"href":"https:\/\/kisskerteszetwebaruhaz.hu\/index.php?rest_route=%2Fwp%2Fv2%2Fproduct_brand&post=1831"},{"taxonomy":"product_cat","embeddable":true,"href":"https:\/\/kisskerteszetwebaruhaz.hu\/index.php?rest_route=%2Fwp%2Fv2%2Fproduct_cat&post=1831"},{"taxonomy":"product_tag","embeddable":true,"href":"https:\/\/kisskerteszetwebaruhaz.hu\/index.php?rest_route=%2Fwp%2Fv2%2Fproduct_tag&post=1831"}],"curies":[{"name":"wp","href":"https:\/\/api.w.org\/{rel}","templated":true}]}}