{"id":1427,"date":"2022-10-24T11:20:43","date_gmt":"2022-10-24T11:20:43","guid":{"rendered":"https:\/\/kisskerteszetwebaruhaz.hu\/?post_type=product&#038;p=1427"},"modified":"2025-10-17T10:12:19","modified_gmt":"2025-10-17T10:12:19","slug":"meggy-meteor-korai","status":"publish","type":"product","link":"https:\/\/kisskerteszetwebaruhaz.hu\/?product=meggy-meteor-korai","title":{"rendered":"Meggy &#8211; Meteor korai-Gy\u00f6k\u00e9rcsomagolt"},"content":{"rendered":"","protected":false},"excerpt":{"rendered":"<p><strong>\u00c9r\u00e9si id\u0151:<\/strong> j\u00fanius eleje<\/p>\n<p><strong>Gy\u00fcm\u00f6lcse:<\/strong> \u00e1tlagos t\u00f6meg\u0171(4-5g) alakja kiss\u00e9 lap\u00edtott g\u00f6mb, h\u00e9ja s\u00f6t\u00e9t-k\u00e1rminpiros, gy\u00fcm\u00f6lcsh\u00fasa k\u00f6z\u00e9p-kem\u00e9ny, finoman rostos, s\u00f6t\u00e9tpiros. \u00cdze kellemesen savanyk\u00e1s-\u00e9des<\/p>\n<p><strong>Term\u0151k\u00e9pess\u00e9ge<\/strong>: \u00f6nterm\u00e9keny, f\u00e1ja k\u00f6z\u00e9per\u0151s n\u00f6veked\u00e9s\u0171<\/p>\n<p>Gy\u00f6k\u00e9rcsomagolt term\u00e9k.<\/p>\n<p> <a class=\"more-link\" href=\"https:\/\/kisskerteszetwebaruhaz.hu\/?product=meggy-meteor-korai\">B\u0151vebben<\/a><\/p>","protected":false},"featured_media":1428,"comment_status":"open","ping_status":"closed","template":"","meta":[],"product_brand":[],"product_cat":[30,26],"product_tag":[],"class_list":{"0":"post-1427","1":"product","2":"type-product","3":"status-publish","4":"has-post-thumbnail","6":"product_cat-gyumolcsfak","7":"product_cat-gyumolcsfak-bogyosok","9":"first","10":"instock","11":"shipping-taxable","12":"purchasable","13":"product-type-simple"},"_links":{"self":[{"href":"https:\/\/kisskerteszetwebaruhaz.hu\/index.php?rest_route=\/wp\/v2\/product\/1427","targetHints":{"allow":["GET"]}}],"collection":[{"href":"https:\/\/kisskerteszetwebaruhaz.hu\/index.php?rest_route=\/wp\/v2\/product"}],"about":[{"href":"https:\/\/kisskerteszetwebaruhaz.hu\/index.php?rest_route=\/wp\/v2\/types\/product"}],"replies":[{"embeddable":true,"href":"https:\/\/kisskerteszetwebaruhaz.hu\/index.php?rest_route=%2Fwp%2Fv2%2Fcomments&post=1427"}],"wp:featuredmedia":[{"embeddable":true,"href":"https:\/\/kisskerteszetwebaruhaz.hu\/index.php?rest_route=\/wp\/v2\/media\/1428"}],"wp:attachment":[{"href":"https:\/\/kisskerteszetwebaruhaz.hu\/index.php?rest_route=%2Fwp%2Fv2%2Fmedia&parent=1427"}],"wp:term":[{"taxonomy":"product_brand","embeddable":true,"href":"https:\/\/kisskerteszetwebaruhaz.hu\/index.php?rest_route=%2Fwp%2Fv2%2Fproduct_brand&post=1427"},{"taxonomy":"product_cat","embeddable":true,"href":"https:\/\/kisskerteszetwebaruhaz.hu\/index.php?rest_route=%2Fwp%2Fv2%2Fproduct_cat&post=1427"},{"taxonomy":"product_tag","embeddable":true,"href":"https:\/\/kisskerteszetwebaruhaz.hu\/index.php?rest_route=%2Fwp%2Fv2%2Fproduct_tag&post=1427"}],"curies":[{"name":"wp","href":"https:\/\/api.w.org\/{rel}","templated":true}]}}