{"id":1397,"date":"2022-10-20T12:27:36","date_gmt":"2022-10-20T12:27:36","guid":{"rendered":"https:\/\/kisskerteszetwebaruhaz.hu\/?post_type=product&#038;p=1397"},"modified":"2025-09-04T14:56:42","modified_gmt":"2025-09-04T14:56:42","slug":"summerred-alma","status":"publish","type":"product","link":"https:\/\/kisskerteszetwebaruhaz.hu\/?product=summerred-alma","title":{"rendered":"Alma-Summerred-Kont\u00e9neres"},"content":{"rendered":"<p>Kont\u00e9neres kiszerel\u00e9sben el\u00e9rhet\u0151.<\/p>\n","protected":false},"excerpt":{"rendered":"<p><strong>\u00c9r\u00e9si id\u0151<\/strong>: augusztus v\u00e9ge- szeptember eleje<\/p>\n<p><strong>Gy\u00fcm\u00f6lcse:<\/strong>k\u00f6z\u00e9pnagy(170g)megny\u00falt,csonkak\u00fap alak\u00fa,fel\u00fclet\u00e9nek nagy r\u00e9sz\u00e9t \u00e9l\u00e9nkpiros fed\u0151sz\u00edn bor\u00edtja, h\u00fasa feh\u00e9r, a ny\u00e1ri fajt\u00e1kn\u00e1l megszokottn\u00e1l szil\u00e1rdabb, a sz\u00e1ll\u00edt\u00e1st j\u00f3l t\u0171ri<\/p>\n<p><strong>Term\u0151k\u00e9pess\u00e9ge<\/strong>:porz\u00f3p\u00e1r javasolt: Idared, Jonathan,Vista bella, f\u00e1ja kezdetben er\u0151s, majd k\u00f6z\u00e9per\u0151s n\u00f6veked\u00e9s\u0171, sz\u00e9tter\u00fcl\u0151 koron\u00e1t nevel, kor\u00e1n term\u0151re fordul, b\u0151term\u0151<\/p>\n<p>El\u00e9rhet\u0151: Kont\u00e9neres kiszerel\u00e9sben<\/p>\n<p>K5,6 literes kont\u00e9nerben, 150\/170 cm magass\u00e1gban<\/p>\n<p> <a class=\"more-link\" href=\"https:\/\/kisskerteszetwebaruhaz.hu\/?product=summerred-alma\">B\u0151vebben<\/a><\/p>","protected":false},"featured_media":1398,"comment_status":"open","ping_status":"closed","template":"","meta":[],"product_brand":[],"product_cat":[26],"product_tag":[],"class_list":{"0":"post-1397","1":"product","2":"type-product","3":"status-publish","4":"has-post-thumbnail","6":"product_cat-gyumolcsfak-bogyosok","8":"first","9":"instock","10":"shipping-taxable","11":"purchasable","12":"product-type-simple"},"_links":{"self":[{"href":"https:\/\/kisskerteszetwebaruhaz.hu\/index.php?rest_route=\/wp\/v2\/product\/1397","targetHints":{"allow":["GET"]}}],"collection":[{"href":"https:\/\/kisskerteszetwebaruhaz.hu\/index.php?rest_route=\/wp\/v2\/product"}],"about":[{"href":"https:\/\/kisskerteszetwebaruhaz.hu\/index.php?rest_route=\/wp\/v2\/types\/product"}],"replies":[{"embeddable":true,"href":"https:\/\/kisskerteszetwebaruhaz.hu\/index.php?rest_route=%2Fwp%2Fv2%2Fcomments&post=1397"}],"wp:featuredmedia":[{"embeddable":true,"href":"https:\/\/kisskerteszetwebaruhaz.hu\/index.php?rest_route=\/wp\/v2\/media\/1398"}],"wp:attachment":[{"href":"https:\/\/kisskerteszetwebaruhaz.hu\/index.php?rest_route=%2Fwp%2Fv2%2Fmedia&parent=1397"}],"wp:term":[{"taxonomy":"product_brand","embeddable":true,"href":"https:\/\/kisskerteszetwebaruhaz.hu\/index.php?rest_route=%2Fwp%2Fv2%2Fproduct_brand&post=1397"},{"taxonomy":"product_cat","embeddable":true,"href":"https:\/\/kisskerteszetwebaruhaz.hu\/index.php?rest_route=%2Fwp%2Fv2%2Fproduct_cat&post=1397"},{"taxonomy":"product_tag","embeddable":true,"href":"https:\/\/kisskerteszetwebaruhaz.hu\/index.php?rest_route=%2Fwp%2Fv2%2Fproduct_tag&post=1397"}],"curies":[{"name":"wp","href":"https:\/\/api.w.org\/{rel}","templated":true}]}}