{"id":1164,"date":"2022-09-20T10:03:13","date_gmt":"2022-09-20T10:03:13","guid":{"rendered":"https:\/\/kisskerteszetwebaruhaz.hu\/?post_type=product&#038;p=1164"},"modified":"2026-03-27T16:10:00","modified_gmt":"2026-03-27T16:10:00","slug":"kiwi-actinidia-deliciosa-hayward","status":"publish","type":"product","link":"https:\/\/kisskerteszetwebaruhaz.hu\/?product=kiwi-actinidia-deliciosa-hayward","title":{"rendered":"Kiwi &#8211; &#8216;Actinidia deliciosa Hayward&#8217; K2"},"content":{"rendered":"<p>A k\u00e9pen l\u00e1that\u00f3 n\u00f6v\u00e9nyek t\u00e1j\u00e9koztat\u00f3 jelleg\u0171ek. Amennyiben nem biztos abban, hogy n\u00e9z ki az adott n\u00f6v\u00e9ny, vagy szeretn\u00e9 l\u00e1tni a kiv\u00e1lasztott n\u00f6v\u00e9nyt jelenlegi \u00e1llapot\u00e1ban \u00edrjon nek\u00fcnk \u00e9s k\u00fcld\u00fcnk k\u00e9pet a n\u00f6v\u00e9nyr\u0151l.<\/p>\n<p><em>\u00a0<\/em><\/p>\n","protected":false},"excerpt":{"rendered":"<p><strong>N\u00f6veked\u00e9s, alak:<\/strong> k\u00fasz\u00f3 gy\u00fcm\u00f6lcsterm\u0151, k\u00e9tlaki n\u00f6v\u00e9ny, porz\u00f3p\u00e1r sz\u00fcks\u00e9ges(Tomuri), Egy porz\u00f3 mell\u00e9 3-5 db term\u0151 kiwi \u00fcltet\u00e9se javasolt<\/p>\n<p><strong>Lev\u00e9l: <\/strong>nagyok, s\u00f6t\u00e9tz\u00f6ld sz\u00edn\u0171, gy\u00fcm\u00f6lcse nagy, h\u00e9ja enyh\u00e9n sz\u0151r\u00f6s<strong><br \/>\n<\/strong><\/p>\n<p><strong>Ig\u00e9ny:<\/strong> t\u00e1panyagd\u00fas, j\u00f3 v\u00edzelvezet\u00e9s\u0171 talajban ide\u00e1lisan fejl\u0151dik<strong><br \/>\n<\/strong><\/p>\n<p><strong>Felhaszn\u00e1l\u00e1sa: &#8216;<\/strong>Hayward&#8217;\u00a0 &#8211; <strong>term\u0151<\/strong> &#8211; kiwi fajta, porz\u00f3p\u00e1r \u00fcltet\u00e9se sz\u00fcks\u00e9ges, hogy term\u00e9st hozzon<strong><br \/>\n<\/strong><\/p>\n<p>El\u00e9rhet\u0151: K2 literes kont\u00e9nerben<\/p>\n<p>&nbsp;<\/p>\n<p> <a class=\"more-link\" href=\"https:\/\/kisskerteszetwebaruhaz.hu\/?product=kiwi-actinidia-deliciosa-hayward\">B\u0151vebben<\/a><\/p>","protected":false},"featured_media":1165,"comment_status":"open","ping_status":"closed","template":"","meta":[],"product_brand":[],"product_cat":[26],"product_tag":[],"class_list":{"0":"post-1164","1":"product","2":"type-product","3":"status-publish","4":"has-post-thumbnail","6":"product_cat-gyumolcsfak-bogyosok","8":"first","9":"instock","10":"shipping-taxable","11":"purchasable","12":"product-type-simple"},"_links":{"self":[{"href":"https:\/\/kisskerteszetwebaruhaz.hu\/index.php?rest_route=\/wp\/v2\/product\/1164","targetHints":{"allow":["GET"]}}],"collection":[{"href":"https:\/\/kisskerteszetwebaruhaz.hu\/index.php?rest_route=\/wp\/v2\/product"}],"about":[{"href":"https:\/\/kisskerteszetwebaruhaz.hu\/index.php?rest_route=\/wp\/v2\/types\/product"}],"replies":[{"embeddable":true,"href":"https:\/\/kisskerteszetwebaruhaz.hu\/index.php?rest_route=%2Fwp%2Fv2%2Fcomments&post=1164"}],"wp:featuredmedia":[{"embeddable":true,"href":"https:\/\/kisskerteszetwebaruhaz.hu\/index.php?rest_route=\/wp\/v2\/media\/1165"}],"wp:attachment":[{"href":"https:\/\/kisskerteszetwebaruhaz.hu\/index.php?rest_route=%2Fwp%2Fv2%2Fmedia&parent=1164"}],"wp:term":[{"taxonomy":"product_brand","embeddable":true,"href":"https:\/\/kisskerteszetwebaruhaz.hu\/index.php?rest_route=%2Fwp%2Fv2%2Fproduct_brand&post=1164"},{"taxonomy":"product_cat","embeddable":true,"href":"https:\/\/kisskerteszetwebaruhaz.hu\/index.php?rest_route=%2Fwp%2Fv2%2Fproduct_cat&post=1164"},{"taxonomy":"product_tag","embeddable":true,"href":"https:\/\/kisskerteszetwebaruhaz.hu\/index.php?rest_route=%2Fwp%2Fv2%2Fproduct_tag&post=1164"}],"curies":[{"name":"wp","href":"https:\/\/api.w.org\/{rel}","templated":true}]}}