{"id":1136,"date":"2022-09-18T13:55:38","date_gmt":"2022-09-18T13:55:38","guid":{"rendered":"https:\/\/kisskerteszetwebaruhaz.hu\/?post_type=product&#038;p=1136"},"modified":"2026-04-15T12:41:08","modified_gmt":"2026-04-15T12:41:08","slug":"csungo-japan-diszcseresznye-prunus-serrulata-kiku-shidare-sakura","status":"publish","type":"product","link":"https:\/\/kisskerteszetwebaruhaz.hu\/?product=csungo-japan-diszcseresznye-prunus-serrulata-kiku-shidare-sakura","title":{"rendered":"Cs\u00fcng\u0151 jap\u00e1n d\u00edszcseresznye &#8211; &#8216;Prunus serrulata Kiku-Shidare-Sakura&#8217;"},"content":{"rendered":"<p>Cs\u00fcng\u0151 jap\u00e1n d\u00edszcseresznye &#8211; &#8216;Prunus serrulata Kiku-Shidare-Sakura&#8217; a d\u00edszcseresznye cs\u00fcng\u0151 v\u00e1ltozata, koron\u00e1ja sz\u00e9tter\u00fcl\u0151, alacsonyabb termet\u0171, oltott d\u00edszfa, \u00e1grendszere a talaj szintj\u00e9ig le\u00e9rhet.<\/p>\n<p>Lombfakad\u00e1s el\u0151tt vir\u00e1gzik, ez adja igaz\u00e1n d\u00edsz\u00edt\u0151 mivolt\u00e1t. \u00c1prilisban \u00e9s m\u00e1jusban hozza r\u00f3zsasz\u00edn t\u00f6mvetelt vir\u00e1gait, melyek kisebb csom\u00f3kat k\u00e9peznek a hajt\u00e1sokon. A vir\u00e1gok \u00e1tm\u00e9r\u0151je 4-6 cm.<\/p>\n<p>A term\u00e9shoz\u00e1s nem gyakori de el\u0151fordul. S\u00f6t\u00e9tbord\u00f3 sz\u00edn\u0171, g\u00f6mb alak\u00fa, kistermet\u0171 bogy\u00f3.<\/p>\n<p>K\u00f6zepes f\u00e9nyig\u00e9ny\u0171 n\u00f6v\u00e9ny, de ker\u00fclj\u00fck az \u00e1rny\u00e9kba val\u00f3 telep\u00edt\u00e9st.<\/p>\n<p>J\u00f3 v\u00edzgazd\u00e1lkod\u00e1s\u00fa, humuszban gazdag, semleges k\u00e9mhat\u00e1s\u00fa talaj ide\u00e1lis a sz\u00e1m\u00e1ra. K\u00f6zepes v\u00edzig\u00e9ny\u0171, de az id\u0151sebb\u00a0 n\u00f6v\u00e9nyek j\u00f3l t\u0171rik a sz\u00e1razs\u00e1got is.<\/p>\n<p>Sz\u00fcks\u00e9g eset\u00e9n vir\u00e1gz\u00e1s ut\u00e1n metszhet\u0151. A telep\u00edt\u00e9st k\u00f6vet\u0151 \u00e9vben \u00fcgyelj\u00fcnk a rendszeres \u00f6nt\u00f6z\u00e9sre.<\/p>\n<p>Lombhullat\u00f3 n\u00f6v\u00e9ny.<\/p>\n<p>A k\u00e9pen l\u00e1that\u00f3 n\u00f6v\u00e9nyek t\u00e1j\u00e9koztat\u00f3 jelleg\u0171ek. Amennyiben nem biztos abban, hogy n\u00e9z ki az adott n\u00f6v\u00e9ny, vagy szeretn\u00e9 l\u00e1tni a kiv\u00e1lasztott n\u00f6v\u00e9nyt jelenlegi \u00e1llapot\u00e1ban \u00edrjon nek\u00fcnk \u00e9s k\u00fcld\u00fcnk k\u00e9pet a n\u00f6v\u00e9nyr\u0151l.<\/p>\n<p><em>\u00a0<\/em><\/p>\n","protected":false},"excerpt":{"rendered":"<p><strong>N\u00f6veked\u00e9s, Alak<\/strong>: cs\u00fcng\u0151 koron\u00e1j\u00fa ,150 -170cm magass\u00e1gban oltott kistermet\u0171 d\u00edszfa, lomhullat\u00f3<\/p>\n<p><strong>Lev\u00e9l<\/strong>: elliptikus, fakad\u00e1skor bronzos, k\u00e9s\u0151bb f\u00e9nyes z\u00f6ld, \u0151sszel narancsos<\/p>\n<p><strong>Vir\u00e1g:<\/strong> r\u00f3zsasz\u00edn, t\u00f6mvetelt, \u00e1prilis v\u00e9g\u00e9n, m\u00e1jus elej\u00e9n gazdagon ny\u00edlik<\/p>\n<p><strong>Ig\u00e9ny<\/strong>: \u00fcde-nedves, t\u00e1pd\u00fas talaj,napos hely, t\u00e9l\u00e1ll\u00f3, v\u00e1rost\u0171r\u0151<\/p>\n<p><strong>Felhaszn\u00e1l\u00e1s<\/strong>: gazdag vir\u00e1gz\u00e1s\u00e1val az egyik legkedveltebb d\u00edszfa<\/p>\n<p> <a class=\"more-link\" href=\"https:\/\/kisskerteszetwebaruhaz.hu\/?product=csungo-japan-diszcseresznye-prunus-serrulata-kiku-shidare-sakura\">B\u0151vebben<\/a><\/p>","protected":false},"featured_media":1137,"comment_status":"open","ping_status":"closed","template":"","meta":[],"product_brand":[],"product_cat":[21],"product_tag":[],"class_list":{"0":"post-1136","1":"product","2":"type-product","3":"status-publish","4":"has-post-thumbnail","6":"product_cat-fak","8":"first","9":"outofstock","10":"shipping-taxable","11":"purchasable","12":"product-type-simple"},"_links":{"self":[{"href":"https:\/\/kisskerteszetwebaruhaz.hu\/index.php?rest_route=\/wp\/v2\/product\/1136","targetHints":{"allow":["GET"]}}],"collection":[{"href":"https:\/\/kisskerteszetwebaruhaz.hu\/index.php?rest_route=\/wp\/v2\/product"}],"about":[{"href":"https:\/\/kisskerteszetwebaruhaz.hu\/index.php?rest_route=\/wp\/v2\/types\/product"}],"replies":[{"embeddable":true,"href":"https:\/\/kisskerteszetwebaruhaz.hu\/index.php?rest_route=%2Fwp%2Fv2%2Fcomments&post=1136"}],"wp:featuredmedia":[{"embeddable":true,"href":"https:\/\/kisskerteszetwebaruhaz.hu\/index.php?rest_route=\/wp\/v2\/media\/1137"}],"wp:attachment":[{"href":"https:\/\/kisskerteszetwebaruhaz.hu\/index.php?rest_route=%2Fwp%2Fv2%2Fmedia&parent=1136"}],"wp:term":[{"taxonomy":"product_brand","embeddable":true,"href":"https:\/\/kisskerteszetwebaruhaz.hu\/index.php?rest_route=%2Fwp%2Fv2%2Fproduct_brand&post=1136"},{"taxonomy":"product_cat","embeddable":true,"href":"https:\/\/kisskerteszetwebaruhaz.hu\/index.php?rest_route=%2Fwp%2Fv2%2Fproduct_cat&post=1136"},{"taxonomy":"product_tag","embeddable":true,"href":"https:\/\/kisskerteszetwebaruhaz.hu\/index.php?rest_route=%2Fwp%2Fv2%2Fproduct_tag&post=1136"}],"curies":[{"name":"wp","href":"https:\/\/api.w.org\/{rel}","templated":true}]}}