{"id":116,"date":"2022-06-19T08:54:31","date_gmt":"2022-06-19T08:54:31","guid":{"rendered":"https:\/\/kisskerteszetwebaruhaz.hu\/?page_id=116"},"modified":"2026-02-18T18:56:15","modified_gmt":"2026-02-18T18:56:15","slug":"rolunk","status":"publish","type":"page","link":"https:\/\/kisskerteszetwebaruhaz.hu\/?page_id=116","title":{"rendered":"R\u00f3lunk"},"content":{"rendered":"\t\t<div data-elementor-type=\"wp-page\" data-elementor-id=\"116\" class=\"elementor elementor-116\">\n\t\t\t\t\t\t<section class=\"elementor-section elementor-top-section elementor-element elementor-element-9789ff2 elementor-section-boxed elementor-section-height-default elementor-section-height-default\" data-id=\"9789ff2\" data-element_type=\"section\">\n\t\t\t\t\t\t<div class=\"elementor-container elementor-column-gap-default\">\n\t\t\t\t\t<div class=\"elementor-column elementor-col-100 elementor-top-column elementor-element elementor-element-8d56ec6\" data-id=\"8d56ec6\" data-element_type=\"column\">\n\t\t\t<div class=\"elementor-widget-wrap elementor-element-populated\">\n\t\t\t\t\t\t<div class=\"elementor-element elementor-element-a26c5c3 elementor-widget elementor-widget-text-editor\" data-id=\"a26c5c3\" data-element_type=\"widget\" data-widget_type=\"text-editor.default\">\n\t\t\t\t<div class=\"elementor-widget-container\">\n\t\t\t\t\t\t\t\t\t<p>C\u00e9g\u00fcnk csal\u00e1di v\u00e1llalkoz\u00e1s. Telephely\u00fcnk d\u00e9l-Somogyban Berzenc\u00e9n tal\u00e1lhat\u00f3.<\/p>\n<p>Kezdetben csak kar\u00e1csonyfa termeszt\u00e9ssel foglalkoztunk, az \u00e9vek sor\u00e1n fokozatosan siker\u00fclt b\u0151v\u00edteni term\u00e9kk\u00edn\u00e1latunkat, \u00edgy megalakult a kisskert\u00e9szetweb\u00e1ruh\u00e1z.hu ahol m\u00e1r sz\u00e9les n\u00f6v\u00e9nyv\u00e1laszt\u00e9kkal rendelkez\u00fcnk t\u00f6bbek k\u00f6z\u00f6tt \u00f6r\u00f6kz\u00f6ldekkel, mediterr\u00e1n n\u00f6v\u00e9nyekkel, gy\u00fcm\u00f6lcsterm\u0151kkel, forman\u00f6v\u00e9nyekkel, r\u00f3zs\u00e1kkal, d\u00edszf\u0171vekkel, d\u00edszf\u00e1kkal, kert\u00e9szeti kieg\u00e9sz\u00edt\u0151kkel.<\/p>\n<p>Honlapunk azzal a c\u00e9llal j\u00f6tt l\u00e9tre, hogy az orsz\u00e1g b\u00e1rmely pontj\u00e1r\u00f3l megismerhess\u00e9k n\u00f6v\u00e9nyk\u00edn\u00e1latunkat. Kert\u00e9szet\u00fcnket<br>Kert\u00e9szet\u00fcnk folyamatosan b\u0151v\u00fcl\u0151 v\u00e1laszt\u00e9kkal \u00e1ll rendelkez\u00e9s\u00fckre.<br>N\u00f6v\u00e9nyeink gondoz\u00e1s\u00e1t mindv\u00e9gig tapasztalt szakemberek v\u00e9gzik, csal\u00e1di v\u00e1llalkoz\u00e1sk\u00e9nt fontosnak tartjuk a csal\u00e1d-bar\u00e1t k\u00f6rnyezet kialak\u00edt\u00e1s\u00e1t, melyben szem\u00e9lyesen adhatunk tan\u00e1csokat a v\u00e1s\u00e1rl\u00f3knak, kertbar\u00e1toknak .<br>Bar\u00e1ti \u00fcdv\u00f6zlettel:<br>Kiss Kert\u00e9szet<\/p>\n<p><\/p>\t\t\t\t\t\t\t\t<\/div>\n\t\t\t\t<\/div>\n\t\t\t\t<div class=\"elementor-element elementor-element-6764eba elementor-widget elementor-widget-shortcode\" data-id=\"6764eba\" data-element_type=\"widget\" data-widget_type=\"shortcode.default\">\n\t\t\t\t<div class=\"elementor-widget-container\">\n\t\t\t\t\t\t\t<div class=\"elementor-shortcode\"><div class=\"woocommerce columns-4 \"><ul class=\"products products_variant_under products_subvariant_center columns-4 button_over\" data-lazy-load=\"1\" data-lazy-load-mode=\"button\"><li class=\"product type-product post-4133 status-publish first instock product_cat-fak has-post-thumbnail shipping-taxable purchasable product-type-simple\">\n\t<a href=\"https:\/\/kisskerteszetwebaruhaz.hu\/?product=verszilva-prunus-cerasifera-woodiik5\" class=\"woocommerce-LoopProduct-link woocommerce-loop-product__link\"><img fetchpriority=\"high\" decoding=\"async\" width=\"384\" height=\"500\" src=\"https:\/\/kisskerteszetwebaruhaz.hu\/wp-content\/uploads\/2022\/07\/verszilva-level-384x500.jpg\" class=\"attachment-woocommerce_thumbnail size-woocommerce_thumbnail wp-post-image\" alt=\"V\u00e9rszilva - Prunus cerasifera &quot;Woodii&quot;K5\" \/><div class=\"product-details\"><span class=\"posted_in\">F\u00e1k<\/span><h2 class=\"woocommerce-loop-product__title\">V\u00e9rszilva &#8211; Prunus cerasifera &#8222;Woodii&#8221;K5<\/h2>\n\t<span class=\"price\"><span class=\"woocommerce-Price-amount amount\"><bdi>9,900&nbsp;<span class=\"woocommerce-Price-currencySymbol\">&#70;&#116;<\/span><\/bdi><\/span><\/span>\n<\/div><\/a><a href=\"https:\/\/kisskerteszetwebaruhaz.hu\/?add-to-cart=4133\" aria-describedby=\"woocommerce_loop_add_to_cart_link_describedby_4133\" data-quantity=\"1\" class=\"button product_type_simple add_to_cart_button ajax_add_to_cart\" data-product_id=\"4133\" data-product_sku=\"\" aria-label=\"Kos\u00e1rba: &ldquo;V\u00e9rszilva - Prunus cerasifera &quot;Woodii&quot;K5&rdquo;\" rel=\"nofollow\" data-success_message=\"&ldquo;V\u00e9rszilva - Prunus cerasifera &quot;Woodii&quot;K5&rdquo; has been added to your cart\" role=\"button\">Kos\u00e1rba teszem<\/a>\t<span id=\"woocommerce_loop_add_to_cart_link_describedby_4133\" class=\"screen-reader-text\">\n\t\t\t<\/span>\n<\/li>\n<li class=\"rtwpvs-product product type-product post-832 status-publish outofstock product_cat-cserjek has-post-thumbnail shipping-taxable product-type-variable\">\n\t<a href=\"https:\/\/kisskerteszetwebaruhaz.hu\/?product=malyvacserje-hibiscus-syriacus-woodbridge\" class=\"woocommerce-LoopProduct-link woocommerce-loop-product__link\"><img decoding=\"async\" width=\"500\" height=\"405\" src=\"https:\/\/kisskerteszetwebaruhaz.hu\/wp-content\/uploads\/2022\/08\/Hibiscus-syriacus-Woodbridge-500x405.jpg\" class=\"attachment-woocommerce_thumbnail size-woocommerce_thumbnail wp-post-image\" alt=\"M\u00e1lyvacserje - &quot; Hibiscus syriacus Woodbridge&quot;\" \/><div class=\"product-labels\"><span class=\"ribbon out-of-stock\"><em>Nincs k\u00e9szleten<\/em><\/span><\/div><div class=\"product-details\"><span class=\"posted_in\">Cserj\u00e9k<\/span><h2 class=\"woocommerce-loop-product__title\">M\u00e1lyvacserje &#8211; &#8221; Hibiscus syriacus Woodbridge&#8221;<\/h2>\n<\/div><\/a><a href=\"https:\/\/kisskerteszetwebaruhaz.hu\/?product=malyvacserje-hibiscus-syriacus-woodbridge\" aria-describedby=\"woocommerce_loop_add_to_cart_link_describedby_832\" data-quantity=\"1\" class=\"button product_type_variable rtwpvs_add_to_cart rtwpvs_ajax_add_to_cart\" data-product_id=\"832\" data-product_sku=\"\" aria-label=\"V\u00e1lasszunk &ldquo;M\u00e1lyvacserje - &quot; Hibiscus syriacus Woodbridge&quot;&rdquo; lehet\u0151s\u00e9gek k\u00f6z\u00fcl\" rel=\"nofollow\" data-variation_id=\"\" data-variation=\"\">Tov\u00e1bb olvasom<\/a>\t<span id=\"woocommerce_loop_add_to_cart_link_describedby_832\" class=\"screen-reader-text\">\n\t\t\t<\/span>\n<\/li>\n<li class=\"product type-product post-3095 status-publish outofstock product_cat-rozsak has-post-thumbnail shipping-taxable purchasable product-type-simple\">\n\t<a href=\"https:\/\/kisskerteszetwebaruhaz.hu\/?product=rozsa-rose-andre-teahibrid-rozsa\" class=\"woocommerce-LoopProduct-link woocommerce-loop-product__link\"><img decoding=\"async\" width=\"500\" height=\"500\" src=\"https:\/\/kisskerteszetwebaruhaz.hu\/wp-content\/uploads\/2024\/04\/RoseAndre-500x500.jpg\" class=\"attachment-woocommerce_thumbnail size-woocommerce_thumbnail wp-post-image\" alt=\"R\u00f3zsa-Rose Andre Teahibrid R\u00f3zsa\" srcset=\"https:\/\/kisskerteszetwebaruhaz.hu\/wp-content\/uploads\/2024\/04\/RoseAndre-500x500.jpg 500w, https:\/\/kisskerteszetwebaruhaz.hu\/wp-content\/uploads\/2024\/04\/RoseAndre-150x150.jpg 150w, https:\/\/kisskerteszetwebaruhaz.hu\/wp-content\/uploads\/2024\/04\/RoseAndre-100x100.jpg 100w\" sizes=\"(max-width: 500px) 100vw, 500px\" \/><div class=\"product-labels\"><span class=\"ribbon out-of-stock\"><em>Nincs k\u00e9szleten<\/em><\/span><\/div><div class=\"product-details\"><span class=\"posted_in\">R\u00f3zs\u00e1k<\/span><h2 class=\"woocommerce-loop-product__title\">R\u00f3zsa-Rose Andre Teahibrid R\u00f3zsa<\/h2>\n\t<span class=\"price\"><span class=\"woocommerce-Price-amount amount\"><bdi>3,000&nbsp;<span class=\"woocommerce-Price-currencySymbol\">&#70;&#116;<\/span><\/bdi><\/span><\/span>\n<\/div><\/a><a href=\"https:\/\/kisskerteszetwebaruhaz.hu\/?product=rozsa-rose-andre-teahibrid-rozsa\" aria-describedby=\"woocommerce_loop_add_to_cart_link_describedby_3095\" data-quantity=\"1\" class=\"button product_type_simple\" data-product_id=\"3095\" data-product_sku=\"\" aria-label=\"&ldquo;R\u00f3zsa-Rose Andre Teahibrid R\u00f3zsa&rdquo; term\u00e9kr\u0151l t\u00f6bb inform\u00e1ci\u00f3\" rel=\"nofollow\" data-success_message=\"\">Tov\u00e1bb olvasom<\/a>\t<span id=\"woocommerce_loop_add_to_cart_link_describedby_3095\" class=\"screen-reader-text\">\n\t\t\t<\/span>\n<\/li>\n<li class=\"product type-product post-3498 status-publish last outofstock product_cat-cserjek product_cat-mediterran-novenyek product_cat-orokzoldek has-post-thumbnail shipping-taxable purchasable product-type-simple\">\n\t<a href=\"https:\/\/kisskerteszetwebaruhaz.hu\/?product=trachelospermum-jasminoides-csillagjazmin\" class=\"woocommerce-LoopProduct-link woocommerce-loop-product__link\"><img loading=\"lazy\" decoding=\"async\" width=\"500\" height=\"500\" src=\"https:\/\/kisskerteszetwebaruhaz.hu\/wp-content\/uploads\/2024\/09\/csillagjazmin-500x500.jpg\" class=\"attachment-woocommerce_thumbnail size-woocommerce_thumbnail wp-post-image\" alt=\"Trachelospermum jasminoides - Csillagj\u00e1zmin\" srcset=\"https:\/\/kisskerteszetwebaruhaz.hu\/wp-content\/uploads\/2024\/09\/csillagjazmin-500x500.jpg 500w, https:\/\/kisskerteszetwebaruhaz.hu\/wp-content\/uploads\/2024\/09\/csillagjazmin-150x150.jpg 150w, https:\/\/kisskerteszetwebaruhaz.hu\/wp-content\/uploads\/2024\/09\/csillagjazmin-100x100.jpg 100w\" sizes=\"(max-width: 500px) 100vw, 500px\" \/><div class=\"product-labels\"><span class=\"ribbon out-of-stock\"><em>Nincs k\u00e9szleten<\/em><\/span><\/div><div class=\"product-details\"><span class=\"posted_in\">Cserj\u00e9k<span class=\"sep\">\/<\/span>Mediterr\u00e1n n\u00f6v\u00e9nyek<span class=\"sep\">\/<\/span>\u00d6r\u00f6kz\u00f6ldek<\/span><h2 class=\"woocommerce-loop-product__title\">Trachelospermum jasminoides &#8211; Csillagj\u00e1zmin<\/h2>\n\t<span class=\"price\"><span class=\"woocommerce-Price-amount amount\"><bdi>7,900&nbsp;<span class=\"woocommerce-Price-currencySymbol\">&#70;&#116;<\/span><\/bdi><\/span><\/span>\n<\/div><\/a><a href=\"https:\/\/kisskerteszetwebaruhaz.hu\/?product=trachelospermum-jasminoides-csillagjazmin\" aria-describedby=\"woocommerce_loop_add_to_cart_link_describedby_3498\" data-quantity=\"1\" class=\"button product_type_simple\" data-product_id=\"3498\" data-product_sku=\"\" aria-label=\"&ldquo;Trachelospermum jasminoides - Csillagj\u00e1zmin&rdquo; term\u00e9kr\u0151l t\u00f6bb inform\u00e1ci\u00f3\" rel=\"nofollow\" data-success_message=\"\">Tov\u00e1bb olvasom<\/a>\t<span id=\"woocommerce_loop_add_to_cart_link_describedby_3498\" class=\"screen-reader-text\">\n\t\t\t<\/span>\n<\/li>\n<\/ul>\n<\/div><\/div>\n\t\t\t\t\t\t<\/div>\n\t\t\t\t<\/div>\n\t\t\t\t\t<\/div>\n\t\t<\/div>\n\t\t\t\t\t<\/div>\n\t\t<\/section>\n\t\t\t\t<section class=\"elementor-section elementor-top-section elementor-element elementor-element-4d4af81 elementor-section-height-min-height elementor-reverse-tablet elementor-reverse-mobile elementor-section-boxed elementor-section-height-default elementor-section-items-middle\" data-id=\"4d4af81\" data-element_type=\"section\" data-settings=\"{&quot;background_background&quot;:&quot;slideshow&quot;,&quot;background_slideshow_gallery&quot;:[{&quot;id&quot;:4747,&quot;url&quot;:&quot;https:\\\/\\\/kisskerteszetwebaruhaz.hu\\\/wp-content\\\/uploads\\\/2026\\\/02\\\/1-photo-1-fullsize_jpg.jpg&quot;}],&quot;background_slideshow_loop&quot;:&quot;yes&quot;,&quot;background_slideshow_slide_duration&quot;:5000,&quot;background_slideshow_slide_transition&quot;:&quot;fade&quot;,&quot;background_slideshow_transition_duration&quot;:500}\">\n\t\t\t\t\t\t<div class=\"elementor-container elementor-column-gap-default\">\n\t\t\t\t\t<div class=\"elementor-column elementor-col-50 elementor-top-column elementor-element elementor-element-723cfbd6\" data-id=\"723cfbd6\" data-element_type=\"column\" data-settings=\"{&quot;background_background&quot;:&quot;classic&quot;}\">\n\t\t\t<div class=\"elementor-widget-wrap elementor-element-populated\">\n\t\t\t\t\t\t<div class=\"elementor-element elementor-element-3f59985b elementor-widget elementor-widget-text-editor\" data-id=\"3f59985b\" data-element_type=\"widget\" data-widget_type=\"text-editor.default\">\n\t\t\t\t<div class=\"elementor-widget-container\">\n\t\t\t\t\t\t\t\t\t<p><a href=\"https:\/\/kertepites-pecs.hu\/hu\">Kert\u00e9p\u00edt\u00e9ssel kapcsolatban vegye fel a kapcsolatot profi partner\u00fcnkkel<\/a><\/p>\t\t\t\t\t\t\t\t<\/div>\n\t\t\t\t<\/div>\n\t\t\t\t\t<\/div>\n\t\t<\/div>\n\t\t\t\t<div class=\"elementor-column elementor-col-50 elementor-top-column elementor-element elementor-element-435ae06c\" data-id=\"435ae06c\" data-element_type=\"column\">\n\t\t\t<div class=\"elementor-widget-wrap elementor-element-populated\">\n\t\t\t\t\t\t<div class=\"elementor-element elementor-element-54c11a93 elementor-widget elementor-widget-image\" data-id=\"54c11a93\" data-element_type=\"widget\" data-widget_type=\"image.default\">\n\t\t\t\t<div class=\"elementor-widget-container\">\n\t\t\t\t\t\t\t\t\t\t\t\t\t\t\t\t<a href=\"https:\/\/kertepites-pecs.hu\/hu\">\n\t\t\t\t\t\t\t<img loading=\"lazy\" decoding=\"async\" width=\"627\" height=\"197\" src=\"https:\/\/kisskerteszetwebaruhaz.hu\/wp-content\/uploads\/2026\/02\/Kepernyokep-2026-02-14-141947.png\" class=\"attachment-large size-large wp-image-4748 wp-post-image\" alt=\"\" srcset=\"https:\/\/kisskerteszetwebaruhaz.hu\/wp-content\/uploads\/2026\/02\/Kepernyokep-2026-02-14-141947.png 627w, https:\/\/kisskerteszetwebaruhaz.hu\/wp-content\/uploads\/2026\/02\/Kepernyokep-2026-02-14-141947-300x94.png 300w, https:\/\/kisskerteszetwebaruhaz.hu\/wp-content\/uploads\/2026\/02\/Kepernyokep-2026-02-14-141947-24x8.png 24w, https:\/\/kisskerteszetwebaruhaz.hu\/wp-content\/uploads\/2026\/02\/Kepernyokep-2026-02-14-141947-36x11.png 36w, https:\/\/kisskerteszetwebaruhaz.hu\/wp-content\/uploads\/2026\/02\/Kepernyokep-2026-02-14-141947-48x15.png 48w\" sizes=\"(max-width: 627px) 100vw, 627px\" \/>\t\t\t\t\t\t\t\t<\/a>\n\t\t\t\t\t\t\t\t\t\t\t\t\t\t\t<\/div>\n\t\t\t\t<\/div>\n\t\t\t\t\t<\/div>\n\t\t<\/div>\n\t\t\t\t\t<\/div>\n\t\t<\/section>\n\t\t\t\t<\/div>\n\t\t","protected":false},"excerpt":{"rendered":"<p>C\u00e9g\u00fcnk csal\u00e1di v\u00e1llalkoz\u00e1s. Telephely\u00fcnk d\u00e9l-Somogyban Berzenc\u00e9n tal\u00e1lhat\u00f3. Kezdetben csak kar\u00e1csonyfa termeszt\u00e9ssel foglalkoztunk, az \u00e9vek sor\u00e1n fokozatosan siker\u00fclt b\u0151v\u00edteni term\u00e9kk\u00edn\u00e1latunkat, \u00edgy megalakult a kisskert\u00e9szetweb\u00e1ruh\u00e1z.hu ahol m\u00e1r sz\u00e9les n\u00f6v\u00e9nyv\u00e1laszt\u00e9kkal rendelkez\u00fcnk t\u00f6bbek k\u00f6z\u00f6tt \u00f6r\u00f6kz\u00f6ldekkel, mediterr\u00e1n n\u00f6v\u00e9nyekkel, gy\u00fcm\u00f6lcsterm\u0151kkel, forman\u00f6v\u00e9nyekkel, r\u00f3zs\u00e1kkal, d\u00edszf\u0171vekkel, d\u00edszf\u00e1kkal, kert\u00e9szeti kieg\u00e9sz\u00edt\u0151kkel. Honlapunk azzal a c\u00e9llal j\u00f6tt l\u00e9tre, hogy az orsz\u00e1g b\u00e1rmely pontj\u00e1r\u00f3l megismerhess\u00e9k n\u00f6v\u00e9nyk\u00edn\u00e1latunkat. Kert\u00e9szet\u00fcnketKert\u00e9szet\u00fcnk folyamatosan b\u0151v\u00fcl\u0151 v\u00e1laszt\u00e9kkal \u00e1ll rendelkez\u00e9s\u00fckre.N\u00f6v\u00e9nyeink gondoz\u00e1s\u00e1t mindv\u00e9gig tapasztalt szakemberek v\u00e9gzik, csal\u00e1di v\u00e1llalkoz\u00e1sk\u00e9nt fontosnak tartjuk a csal\u00e1d-bar\u00e1t k\u00f6rnyezet kialak\u00edt\u00e1s\u00e1t, melyben szem\u00e9lyesen adhatunk tan\u00e1csokat a v\u00e1s\u00e1rl\u00f3knak, kertbar\u00e1toknak .Bar\u00e1ti \u00fcdv\u00f6zlettel:Kiss Kert\u00e9szet Kert\u00e9p\u00edt\u00e9ssel kapcsolatban vegye fel a kapcsolatot profi partner\u00fcnkkel<\/p>\n","protected":false},"author":1,"featured_media":0,"parent":0,"menu_order":0,"comment_status":"closed","ping_status":"closed","template":"","meta":{"footnotes":""},"class_list":["post-116","page","type-page","status-publish"],"_links":{"self":[{"href":"https:\/\/kisskerteszetwebaruhaz.hu\/index.php?rest_route=\/wp\/v2\/pages\/116","targetHints":{"allow":["GET"]}}],"collection":[{"href":"https:\/\/kisskerteszetwebaruhaz.hu\/index.php?rest_route=\/wp\/v2\/pages"}],"about":[{"href":"https:\/\/kisskerteszetwebaruhaz.hu\/index.php?rest_route=\/wp\/v2\/types\/page"}],"author":[{"embeddable":true,"href":"https:\/\/kisskerteszetwebaruhaz.hu\/index.php?rest_route=\/wp\/v2\/users\/1"}],"replies":[{"embeddable":true,"href":"https:\/\/kisskerteszetwebaruhaz.hu\/index.php?rest_route=%2Fwp%2Fv2%2Fcomments&post=116"}],"version-history":[{"count":15,"href":"https:\/\/kisskerteszetwebaruhaz.hu\/index.php?rest_route=\/wp\/v2\/pages\/116\/revisions"}],"predecessor-version":[{"id":4889,"href":"https:\/\/kisskerteszetwebaruhaz.hu\/index.php?rest_route=\/wp\/v2\/pages\/116\/revisions\/4889"}],"wp:attachment":[{"href":"https:\/\/kisskerteszetwebaruhaz.hu\/index.php?rest_route=%2Fwp%2Fv2%2Fmedia&parent=116"}],"curies":[{"name":"wp","href":"https:\/\/api.w.org\/{rel}","templated":true}]}}